{"id":738218,"date":"2025-08-27T23:45:00","date_gmt":"2025-08-27T20:45:00","guid":{"rendered":"https:\/\/roveyayinevi.com.tr\/index.php\/urun\/cilginlar-sinifi-seti\/"},"modified":"2026-04-16T02:47:57","modified_gmt":"2026-04-15T23:47:57","slug":"cilginlar-sinifi-seti","status":"publish","type":"product","link":"https:\/\/roveyayinevi.com.tr\/index.php\/urun\/cilginlar-sinifi-seti\/","title":{"rendered":"\u00c7\u0131lg\u0131nlar S\u0131n\u0131f\u0131 Seti"},"content":{"rendered":"<p>Set i\u00e7indeki kitaplar: \u00c7\u0131lg\u0131nlar S\u0131n\u0131f\u0131 1 \u2013 Korsan Tak\u0131m\u0131 \u00c7\u0131lg\u0131nlar S\u0131n\u0131f\u0131 2 \u2013 \u00c7\u0131ld\u0131ran Kasaba \u00c7\u0131lg\u0131nlar S\u0131n\u0131f\u0131 3 \u2013 Dinozor Tak\u0131m\u0131 \u00c7\u0131lg\u0131nlar S\u0131n\u0131f\u0131 4 \u2013 S\u0131rlar Tak\u0131m\u0131 \u00c7\u0131lg\u0131nlar S\u0131n\u0131f\u0131 5 \u2013 Atlantis Tak\u0131m\u0131   \u00c7ocuk edebiyat\u0131n\u0131n bol \u00f6d\u00fcll\u00fc yazar\u0131 Mavisel Yener, \u00c7\u0131lg\u0131nlar S\u0131n\u0131f\u0131&#8217;n\u0131n soluk kesen ser\u00fcvenleriyle okurlar\u0131n\u0131 heyecanl\u0131 bir yolculu\u011fa davet ediyor. Serinin ilk kitab\u0131nda Korsan Tak\u0131m\u0131&#8217;n\u0131n kaptan\u0131 Ege, gizemli d\u00fcrb\u00fcne bak\u0131nca ba\u015f d\u00f6nd\u00fcr\u00fcc\u00fc olaylar zinciri ba\u015flar. \u00c7\u0131lg\u0131nlar S\u0131n\u0131f\u0131, d\u00fcnya haritas\u0131n\u0131 ilk \u00e7izen \u00fcnl\u00fc denizci Piri Reis&#8217;in izini s\u00fcrerken tuhaf geli\u015fmeler olur. \u0130kinci kitapta \u00c7\u0131lg\u0131nlar S\u0131n\u0131f\u0131&#8217;n\u0131n Zombi Tak\u0131m\u0131, Anadolu Medeniyetleri M\u00fczesi&#8217;ne geziye gidince ba\u015f d\u00f6nd\u00fcr\u00fcc\u00fc olaylar zinciri ba\u015flar. \u00c7\u0131lg\u0131nlar S\u0131n\u0131f\u0131, m\u00fczedeki h\u0131rs\u0131zl\u0131\u011f\u0131n ve tarihin izini s\u00fcrerler. \u00dc\u00e7\u00fcnc\u00fc kitapta Dinozor Tak\u0131m\u0131 ile tan\u0131\u015fmaya haz\u0131rlan\u0131n. Gizemli kemiklerin pe\u015finde m\u00fcthi\u015f bir ser\u00fcven ya\u015famaya var m\u0131s\u0131n\u0131z? 125 y\u0131ll\u0131k fosilin s\u0131rr\u0131 ne? Dikkat edin, siz dinozorlar\u0131n izini s\u00fcrerken otobur koca bir yarat\u0131k kitaptan f\u0131rlay\u0131vermesin! D\u00f6rd\u00fcnc\u00fc kitapta \u00e7ocuk edebiyat\u0131n\u0131n usta kalemi Mavisel Yener, Sihirbaz Lapro\u015fka\u2019n\u0131n Nemrut Da\u011f\u0131\u2019nda yapaca\u011f\u0131 ola\u011fan\u00fcst\u00fc g\u00f6steriye herkesi davet ediyor. Lapro\u015fka\u2019y\u0131 izlemeye gelen \u00e7ocuklar\u0131 farkl\u0131 s\u00fcrprizler bekliyor. Onlar\u0131n ya\u015fad\u0131klar\u0131na yeti\u015fkinler asla inanmayacak. \u00c7\u00fcnk\u00fc s\u0131n\u0131rs\u0131z uzaklar\u0131 yaln\u0131zca \u00e7ocuklar g\u00f6r\u00fcp deneyimleyebilir\u2026 Bundan b\u00f6yle tarihi eserlere bakarken, kal\u0131nt\u0131lar\u0131 gezerken hep d\u00fc\u015f\u00fcn\u00fcn onlar\u0131 yapan isimsiz kahramanlar\u0131, i\u015f\u00e7ileri, k\u00f6leleri. Kim bilir belki de baz\u0131lar\u0131 parmak izi bile b\u0131rakm\u0131\u015ft\u0131r \u00fcstlerine. Be\u015finci kitapta Mavisel Yener, yery\u00fcz\u00fcnden silinmi\u015f gizemli bat\u0131k kentlerde dola\u015ft\u0131r\u0131yor okurlar\u0131n\u0131. B\u00fcy\u00fck K\u00e2hin \u015eelamus, Bubon, Lolibu ve di\u011ferleri,  Atlantis&#8217;in, Simena&#8217;n\u0131n insanl\u0131\u011fa g\u00f6nderdi\u011fi mesajlar\u0131 nereye saklad\u0131lar? Tarih \u00f6ncesi d\u00f6nemlerde \u00e7ok ileri uygarl\u0131klar var m\u0131yd\u0131? Atlantis Tak\u0131m\u0131&#8217;n\u0131n ya\u015fad\u0131klar\u0131na yeti\u015fkinler asla inanmayacak. \u00c7\u00fcnk\u00fc s\u0131n\u0131rs\u0131z uzaklar\u0131 yaln\u0131zca \u00e7ocuklar g\u00f6r\u00fcp deneyimleyebilir.<\/p>\n","protected":false},"excerpt":{"rendered":"<p>Set i\u00e7indeki kitaplar: \u00c7\u0131lg\u0131nlar S\u0131n\u0131f\u0131 1 \u2013 Korsan Tak\u0131m\u0131 \u00c7\u0131lg\u0131nlar S\u0131n\u0131f\u0131 2 \u2013 \u00c7\u0131ld\u0131ran Kasaba \u00c7\u0131lg\u0131nlar S\u0131n\u0131f\u0131 3 \u2013 Dinozor Tak\u0131m\u0131 \u00c7\u0131lg\u0131nlar S\u0131n\u0131f\u0131 4 \u2013 S\u0131rlar<span class=\"excerpt-hellip\"> [\u2026]<\/span><\/p>\n","protected":false},"featured_media":0,"template":"","meta":{"_monsterinsights_skip_tracking":false,"_monsterinsights_sitenote_active":false,"_monsterinsights_sitenote_note":"","_monsterinsights_sitenote_category":0},"product_brand":[],"product_cat":[12274,12284],"product_tag":[],"class_list":{"0":"post-738218","1":"product","2":"type-product","3":"status-publish","5":"product_cat-cocuk-ve-genclik-kitaplari","6":"product_cat-hikayeler","7":"pa_cilt-takim","8":"pa_tur-kitap","9":"pa_yayinevi-bilgi-yayinevi","10":"pa_yazar-mavisel-yener","12":"first","13":"instock","14":"sale","15":"shipping-taxable","16":"purchasable","17":"product-type-simple"},"_links":{"self":[{"href":"https:\/\/roveyayinevi.com.tr\/index.php\/wp-json\/wp\/v2\/product\/738218","targetHints":{"allow":["GET"]}}],"collection":[{"href":"https:\/\/roveyayinevi.com.tr\/index.php\/wp-json\/wp\/v2\/product"}],"about":[{"href":"https:\/\/roveyayinevi.com.tr\/index.php\/wp-json\/wp\/v2\/types\/product"}],"wp:attachment":[{"href":"https:\/\/roveyayinevi.com.tr\/index.php\/wp-json\/wp\/v2\/media?parent=738218"}],"wp:term":[{"taxonomy":"product_brand","embeddable":true,"href":"https:\/\/roveyayinevi.com.tr\/index.php\/wp-json\/wp\/v2\/product_brand?post=738218"},{"taxonomy":"product_cat","embeddable":true,"href":"https:\/\/roveyayinevi.com.tr\/index.php\/wp-json\/wp\/v2\/product_cat?post=738218"},{"taxonomy":"product_tag","embeddable":true,"href":"https:\/\/roveyayinevi.com.tr\/index.php\/wp-json\/wp\/v2\/product_tag?post=738218"}],"curies":[{"name":"wp","href":"https:\/\/api.w.org\/{rel}","templated":true}]}}