{"id":738217,"date":"2025-08-27T23:44:59","date_gmt":"2025-08-27T20:44:59","guid":{"rendered":"https:\/\/roveyayinevi.com.tr\/index.php\/urun\/cumhuriyet-turk-mucizesi-seti\/"},"modified":"2026-04-03T02:53:24","modified_gmt":"2026-04-02T23:53:24","slug":"cumhuriyet-turk-mucizesi-seti","status":"publish","type":"product","link":"https:\/\/roveyayinevi.com.tr\/index.php\/urun\/cumhuriyet-turk-mucizesi-seti\/","title":{"rendered":"Cumhuriyet &#8211; T\u00fcrk Mucizesi Seti"},"content":{"rendered":"<p>Cumhuriyet, T\u00fcrkiye \u00dc\u00e7lemesi&#8217;nin \u00fc\u00e7\u00fcnc\u00fc kitab\u0131d\u0131r (birincisi Dirili\u015f, ikincisi \u015eu \u00c7\u0131lg\u0131n T\u00fcrkler). Objektif bilim insanlar\u0131 Milli M\u00fccadele ile ba\u015flay\u0131p Cumhuriyet&#8217;le s\u00fcren bu d\u00f6nemi T\u00fcrk Mucizesi diye adland\u0131r\u0131yorlar. Bir yanda cumhuriyet\u00e7iler var, \u00f6te yanda bu daha iyi, daha insanca, daha onurlu d\u00fczeni istemeyenler. Ders ve ibret verici, uyar\u0131c\u0131 bir d\u00f6nem. Cumhuriyet T\u00fcrk Mucizesi birinci kitapta B\u00fcy\u00fck Zafer&#8217;den T\u00fcrkiye Cumhuriyeti&#8217;nin kurulu\u015funa kadar ya\u015fanan geli\u015fmeler yer al\u0131yor. \u0130kinci kitapta ise 1923&#8217;ten 1938&#8217;e kadar olan geli\u015fmeler anlat\u0131l\u0131yor. Bu sette iki kitab\u0131 bir arada sunuyoruz. <\/p>\n","protected":false},"excerpt":{"rendered":"<p>Cumhuriyet, T\u00fcrkiye \u00dc\u00e7lemesi&#8217;nin \u00fc\u00e7\u00fcnc\u00fc kitab\u0131d\u0131r (birincisi Dirili\u015f, ikincisi \u015eu \u00c7\u0131lg\u0131n T\u00fcrkler). Objektif bilim insanlar\u0131 Milli M\u00fccadele ile ba\u015flay\u0131p Cumhuriyet&#8217;le s\u00fcren bu d\u00f6nemi T\u00fcrk Mucizesi diye adland\u0131r\u0131yorlar.<span class=\"excerpt-hellip\"> [\u2026]<\/span><\/p>\n","protected":false},"featured_media":0,"template":"","meta":{"_monsterinsights_skip_tracking":false,"_monsterinsights_sitenote_active":false,"_monsterinsights_sitenote_note":"","_monsterinsights_sitenote_category":0},"product_brand":[],"product_cat":[12291,12711],"product_tag":[],"class_list":{"0":"post-738217","1":"product","2":"type-product","3":"status-publish","5":"product_cat-edebiyat","6":"product_cat-roman-oyku","7":"pa_cilt-takim","8":"pa_tur-kitap","9":"pa_yayinevi-bilgi-yayinevi","10":"pa_yazar-turgut-ozakman","12":"first","13":"instock","14":"sale","15":"shipping-taxable","16":"purchasable","17":"product-type-simple"},"_links":{"self":[{"href":"https:\/\/roveyayinevi.com.tr\/index.php\/wp-json\/wp\/v2\/product\/738217","targetHints":{"allow":["GET"]}}],"collection":[{"href":"https:\/\/roveyayinevi.com.tr\/index.php\/wp-json\/wp\/v2\/product"}],"about":[{"href":"https:\/\/roveyayinevi.com.tr\/index.php\/wp-json\/wp\/v2\/types\/product"}],"wp:attachment":[{"href":"https:\/\/roveyayinevi.com.tr\/index.php\/wp-json\/wp\/v2\/media?parent=738217"}],"wp:term":[{"taxonomy":"product_brand","embeddable":true,"href":"https:\/\/roveyayinevi.com.tr\/index.php\/wp-json\/wp\/v2\/product_brand?post=738217"},{"taxonomy":"product_cat","embeddable":true,"href":"https:\/\/roveyayinevi.com.tr\/index.php\/wp-json\/wp\/v2\/product_cat?post=738217"},{"taxonomy":"product_tag","embeddable":true,"href":"https:\/\/roveyayinevi.com.tr\/index.php\/wp-json\/wp\/v2\/product_tag?post=738217"}],"curies":[{"name":"wp","href":"https:\/\/api.w.org\/{rel}","templated":true}]}}