{"id":738216,"date":"2025-08-27T23:44:57","date_gmt":"2025-08-27T20:44:57","guid":{"rendered":"https:\/\/roveyayinevi.com.tr\/index.php\/urun\/armut-kafa-ailesinin-seruvenleri-seti\/"},"modified":"2026-04-16T02:47:57","modified_gmt":"2026-04-15T23:47:57","slug":"armut-kafa-ailesinin-seruvenleri-seti","status":"publish","type":"product","link":"https:\/\/roveyayinevi.com.tr\/index.php\/urun\/armut-kafa-ailesinin-seruvenleri-seti\/","title":{"rendered":"Armut Kafa Ailesinin Ser\u00fcvenleri Seti"},"content":{"rendered":"<p>Set i\u00e7indeki kitaplar: Papa\u011fanlar Ne Yer? K\u00f6pekleri Seven Kedi \u0130kizler Okula Ba\u015fl\u0131yor Sihirbaz Dinozor Piyano \u00c7alan Kedi Mavisel Yener\u2019in okul \u00f6ncesi \u00e7ocuklar i\u00e7in yazd\u0131\u011f\u0131 Armut Kafa Ailesi\u2019nin \u00fcyeleri alt\u0131 ki\u015fiden olu\u015fuyor. Biri k\u0131z di\u011feri o\u011flan olan ikizler, baba Armut Kafa, anne Armut Kafa ile kedileri Pupu ve Yuyu. Serinin K\u00f6pekleri Seven Kedi adl\u0131 kitab\u0131nda Yuyu, Pupu\u2019nun do\u011fum g\u00fcn\u00fc i\u00e7in haz\u0131rl\u0131klara ba\u015flam\u0131\u015f bile. Pupu, do\u011fum g\u00fcn\u00fcne \u00e7a\u011f\u0131raca\u011f\u0131 arkada\u015flar\u0131n\u0131n listesini yap\u0131yor; \u201cT\u0131rm\u0131k, F\u0131rf\u0131r, Titrek, Havhav\u201d. Listenin sonundaki isim anne kedi Yuyu\u2019yu \u00e7ok \u015fa\u015f\u0131rt\u0131yor. \u00c7\u00fcnk\u00fc Pupu do\u011fum g\u00fcn\u00fcne arkada\u015f\u0131 bir k\u00f6pe\u011fi \u00e7a\u011f\u0131rmay\u0131 d\u00fc\u015f\u00fcn\u00fcyor. \u201cK\u00f6pekten arkada\u015f olur mu?\u201d diyen Yuyu mu hakl\u0131, Pupu mu, g\u00f6rece\u011fiz. Farkl\u0131l\u0131klar\u0131n kabul\u00fc konusuna mercek tutuyor Mavisel Yener bu kitab\u0131nda. Sihirbaz Dinozor, yalan konusunda \u00e7ocuklar\u0131 d\u00fc\u015f\u00fcnd\u00fcr\u00fcrken, Papa\u011fanlar Ne Yer? merakl\u0131 \u00e7ocuklar\u0131 ara\u015ft\u0131rmaya y\u00f6neltiyor. Piyano \u00c7alan Kedi, Pupu\u2019nun piyano konseriyle ba\u015fl\u0131yor, evde \u015famata var! \u0130kizler Okula Ba\u015fl\u0131yor\u2019da ikizlerin okula gitti\u011fi ilk g\u00fcn anlat\u0131l\u0131yor. Okula onlarla birlikte giden Pupu nereye kayboldu acaba? Son sayfalardaki masal karakterlerini boyamak \u00e7ocuklar\u0131n ho\u015funa gidecek. Serap Deliorman\u2019\u0131n sevimli \u00e7izgileriyle \u015fenlenen dizinin her kitab\u0131nda farkl\u0131 bir ser\u00fcven gizli.<\/p>\n","protected":false},"excerpt":{"rendered":"<p>Set i\u00e7indeki kitaplar: Papa\u011fanlar Ne Yer? K\u00f6pekleri Seven Kedi \u0130kizler Okula Ba\u015fl\u0131yor Sihirbaz Dinozor Piyano \u00c7alan Kedi Mavisel Yener\u2019in okul \u00f6ncesi \u00e7ocuklar i\u00e7in yazd\u0131\u011f\u0131 Armut Kafa<span class=\"excerpt-hellip\"> [\u2026]<\/span><\/p>\n","protected":false},"featured_media":0,"template":"","meta":{"_monsterinsights_skip_tracking":false,"_monsterinsights_sitenote_active":false,"_monsterinsights_sitenote_note":"","_monsterinsights_sitenote_category":0},"product_brand":[],"product_cat":[12274,12284],"product_tag":[],"class_list":{"0":"post-738216","1":"product","2":"type-product","3":"status-publish","5":"product_cat-cocuk-ve-genclik-kitaplari","6":"product_cat-hikayeler","7":"pa_cilt-takim","8":"pa_tur-kitap","9":"pa_yayinevi-bilgi-yayinevi-cocuk","10":"pa_yazar-mavisel-yener","12":"first","13":"instock","14":"sale","15":"shipping-taxable","16":"purchasable","17":"product-type-simple"},"_links":{"self":[{"href":"https:\/\/roveyayinevi.com.tr\/index.php\/wp-json\/wp\/v2\/product\/738216","targetHints":{"allow":["GET"]}}],"collection":[{"href":"https:\/\/roveyayinevi.com.tr\/index.php\/wp-json\/wp\/v2\/product"}],"about":[{"href":"https:\/\/roveyayinevi.com.tr\/index.php\/wp-json\/wp\/v2\/types\/product"}],"wp:attachment":[{"href":"https:\/\/roveyayinevi.com.tr\/index.php\/wp-json\/wp\/v2\/media?parent=738216"}],"wp:term":[{"taxonomy":"product_brand","embeddable":true,"href":"https:\/\/roveyayinevi.com.tr\/index.php\/wp-json\/wp\/v2\/product_brand?post=738216"},{"taxonomy":"product_cat","embeddable":true,"href":"https:\/\/roveyayinevi.com.tr\/index.php\/wp-json\/wp\/v2\/product_cat?post=738216"},{"taxonomy":"product_tag","embeddable":true,"href":"https:\/\/roveyayinevi.com.tr\/index.php\/wp-json\/wp\/v2\/product_tag?post=738216"}],"curies":[{"name":"wp","href":"https:\/\/api.w.org\/{rel}","templated":true}]}}