{"id":738215,"date":"2025-08-27T23:44:56","date_gmt":"2025-08-27T20:44:56","guid":{"rendered":"https:\/\/roveyayinevi.com.tr\/index.php\/urun\/einstein-ile-ay-yuruyusu-her-seyi-hatirlama-sanati-ve-bilimi\/"},"modified":"2026-04-16T02:47:56","modified_gmt":"2026-04-15T23:47:56","slug":"einstein-ile-ay-yuruyusu-her-seyi-hatirlama-sanati-ve-bilimi","status":"publish","type":"product","link":"https:\/\/roveyayinevi.com.tr\/index.php\/urun\/einstein-ile-ay-yuruyusu-her-seyi-hatirlama-sanati-ve-bilimi\/","title":{"rendered":"Einstein ile Ay Y\u00fcr\u00fcy\u00fc\u015f\u00fc &#8211; Her \u015eeyi Hat\u0131rlama Sanat\u0131 ve Bilimi"},"content":{"rendered":"<p>Haf\u0131zam\u0131 geli\u015ftirip geli\u015ftiremeyece\u011fimi hi\u00e7 d\u00fc\u015f\u00fcnmemi\u015ftim ama Joshua Foer&#8217;\u0131n kitab\u0131n\u0131 okuduktan sonra art\u0131k yapabilece\u011fimi biliyorum&#8230; Kesinlikle ola\u011fan\u00fcst\u00fc, bu yaz okudu\u011fum en ilgin\u00e7 kitaplardan biri.\u201d   \u2013Bill Gates Foer\u2019\u0131n kronik unutkan bir gazeteciden ABD Bellek \u015eampiyonu olmas\u0131na giden yolculu\u011fun \u00f6yk\u00fcs\u00fc, ya\u015fam\u0131m\u0131z\u0131n t\u00fcm y\u00f6nleri \u00fczerinde belle\u011fimizin u\u00e7suz bucaks\u0131z ve gizli etkisini irdeliyor. \u0130nsanlar her y\u0131l ortalama k\u0131rk g\u00fcnlerini unuttuklar\u0131 \u015feyleri telafi etmeye harc\u0131yor. Joshua Foer da bu insanlardan biriydi. Ama bir y\u0131l s\u00fcren e\u011fitimden sonra kendini ABD Bellek \u015eampiyonas\u0131\u2019n\u0131n finalinde buldu. Hepimizin s\u0131kl\u0131kla unuttu\u011fu bir ger\u00e7e\u011fi, asl\u0131nda an\u0131lar\u0131m\u0131z\u0131n toplam\u0131 oldu\u011fumuz fikrini ke\u015ffetmesi daha da \u00f6nemliydi. Einstein ile Ay Y\u00fcr\u00fcy\u00fc\u015f\u00fc, zihin a\u00e7\u0131c\u0131 bir ara\u015ft\u0131rmay\u0131, belle\u011fin \u015fa\u015f\u0131rt\u0131c\u0131 toplumsal tarihini ve insanlar\u0131n an\u0131msama bi\u00e7imini alg\u0131lay\u0131\u015f\u0131m\u0131z\u0131 de\u011fi\u015ftirecek hileleri irdeliyor. \u00dcst d\u00fczey \u201czihin sporcular\u0131\u201dn\u0131n verdi\u011fi e\u011fitimleri, Cicero\u2019nun uzun konu\u015fmalar\u0131n\u0131 ve orta\u00e7a\u011f d\u00fc\u015f\u00fcn\u00fcrlerinin kitaplar\u0131 ezberlerken kulland\u0131\u011f\u0131, antik \u00e7a\u011flardan kalma teknikleri bir araya getiriyor. Foer, ara\u015ft\u0131rmas\u0131n\u0131 zihin sporcular\u0131n\u0131n d\u00fcnyas\u0131ndan \u00f6teye, \u00fclkenin d\u00f6rt bir k\u00f6\u015fesine ve kendi akl\u0131n\u0131n derinliklerine ta\u015f\u0131yarak hepimizin sahip oldu\u011fu ama s\u0131kl\u0131kla unuttu\u011fu bir yetene\u011fe derin sayg\u0131 duymay\u0131 \u00f6\u011fretiyor.<\/p>\n","protected":false},"excerpt":{"rendered":"<p>Haf\u0131zam\u0131 geli\u015ftirip geli\u015ftiremeyece\u011fimi hi\u00e7 d\u00fc\u015f\u00fcnmemi\u015ftim ama Joshua Foer&#8217;\u0131n kitab\u0131n\u0131 okuduktan sonra art\u0131k yapabilece\u011fimi biliyorum&#8230; Kesinlikle ola\u011fan\u00fcst\u00fc, bu yaz okudu\u011fum en ilgin\u00e7 kitaplardan biri.\u201d \u2013Bill Gates Foer\u2019\u0131n<span class=\"excerpt-hellip\"> [\u2026]<\/span><\/p>\n","protected":false},"featured_media":0,"template":"","meta":{"_monsterinsights_skip_tracking":false,"_monsterinsights_sitenote_active":false,"_monsterinsights_sitenote_note":"","_monsterinsights_sitenote_category":0},"product_brand":[],"product_cat":[12291,50487],"product_tag":[],"class_list":{"0":"post-738215","1":"product","2":"type-product","3":"status-publish","5":"product_cat-edebiyat","6":"product_cat-kurgu","7":"pa_cilt-ciltsiz","8":"pa_tur-kitap","9":"pa_yayinevi-epsilon-yayinlari","10":"pa_yazar-joshua-foer","12":"first","13":"instock","14":"sale","15":"shipping-taxable","16":"purchasable","17":"product-type-simple"},"_links":{"self":[{"href":"https:\/\/roveyayinevi.com.tr\/index.php\/wp-json\/wp\/v2\/product\/738215","targetHints":{"allow":["GET"]}}],"collection":[{"href":"https:\/\/roveyayinevi.com.tr\/index.php\/wp-json\/wp\/v2\/product"}],"about":[{"href":"https:\/\/roveyayinevi.com.tr\/index.php\/wp-json\/wp\/v2\/types\/product"}],"wp:attachment":[{"href":"https:\/\/roveyayinevi.com.tr\/index.php\/wp-json\/wp\/v2\/media?parent=738215"}],"wp:term":[{"taxonomy":"product_brand","embeddable":true,"href":"https:\/\/roveyayinevi.com.tr\/index.php\/wp-json\/wp\/v2\/product_brand?post=738215"},{"taxonomy":"product_cat","embeddable":true,"href":"https:\/\/roveyayinevi.com.tr\/index.php\/wp-json\/wp\/v2\/product_cat?post=738215"},{"taxonomy":"product_tag","embeddable":true,"href":"https:\/\/roveyayinevi.com.tr\/index.php\/wp-json\/wp\/v2\/product_tag?post=738215"}],"curies":[{"name":"wp","href":"https:\/\/api.w.org\/{rel}","templated":true}]}}