{"id":738213,"date":"2025-08-27T23:44:53","date_gmt":"2025-08-27T20:44:53","guid":{"rendered":"https:\/\/roveyayinevi.com.tr\/index.php\/urun\/ortadogu-tarihi-19-yuzyildan-gunumuze\/"},"modified":"2026-04-16T02:47:56","modified_gmt":"2026-04-15T23:47:56","slug":"ortadogu-tarihi-19-yuzyildan-gunumuze","status":"publish","type":"product","link":"https:\/\/roveyayinevi.com.tr\/index.php\/urun\/ortadogu-tarihi-19-yuzyildan-gunumuze\/","title":{"rendered":"Ortado\u011fu Tarihi 19. Y\u00fczy\u0131ldan G\u00fcn\u00fcm\u00fcze"},"content":{"rendered":"<p>Ortado\u011fu tarihi d\u00fcnyan\u0131n g\u00fcndeminden hi\u00e7 d\u00fc\u015fmedi ve uluslararas\u0131 alanda daima belirleyici bir rol \u00fcstlendi.   Kitapta, ilkin 1800\u2019l\u00fc y\u0131llara do\u011fru Ortado\u011fu\u2019nun genel bir resmi sunulur. Reformlar\u0131n ba\u015flang\u0131c\u0131 olarak kabul edilen 1774-1856 y\u0131llar\u0131 aras\u0131nda Osmanl\u0131 \u0130mparatorlu\u011fu merkeze al\u0131narak geni\u015f bir co\u011frafyadaki hareketlili\u011fe yer verilir. Ortado\u011fu tarihi ile birlikte Osmanl\u0131 modernle\u015fmesinin e\u015fzamanl\u0131 bi\u00e7imde ele al\u0131nmas\u0131, kitab\u0131n dikkat \u00e7ekici \u00f6zelliklerinden biridir. Osmanl\u0131\u2019n\u0131n siyasi, idari ve hukuki yap\u0131s\u0131na ait terim ve kavramlar\u0131n tek tek izah edilmesi, \u00f6ncelikle k\u00fclt\u00fcrel, din\u00ee, sosyal ve ekonomik kodlar\u0131n \u00e7\u00f6z\u00fcmlenmesinin \u00f6nemine i\u015faret eder. Bu sebeple kitab\u0131n yazarlar\u0131 tarihsel ba\u011flamdan kopmadan kronolojik \u00e7er\u00e7eveyle birlikte terminolojinin do\u011fru kullan\u0131m\u0131na b\u00fcy\u00fck bir itina g\u00f6sterirler. Sonras\u0131nda 20. y\u00fczy\u0131l\u0131n ba\u015f\u0131nda \u0130ngiltere\u2019nin kendi idealleri do\u011frultusunda tan\u0131mlad\u0131\u011f\u0131 bir Ortado\u011fu co\u011frafyas\u0131 \u00e7\u0131kar kar\u015f\u0131m\u0131za. \u0130ki d\u00fcnya sava\u015f\u0131yla birlikte ba\u011f\u0131ms\u0131zl\u0131k hareketleri ve milliyet\u00e7ilik dalgalar\u0131 art arda yay\u0131lmaya ba\u015flar. Etnik ve mezhepsel \u00e7at\u0131\u015fmalar, ayaklanmalar ve darbeler h\u0131z kesmez, matem ve g\u00f6zya\u015f\u0131n\u0131n eksik olmad\u0131\u011f\u0131 topraklarda haritalar\u0131n yerleri s\u00fcrekli de\u011fi\u015fir. 1950-1970 y\u0131llar\u0131 aras\u0131nda ulusal seferberlikler, toplumsal protestolar ve kalk\u0131nma politikalar\u0131 belirgin bi\u00e7imde varl\u0131\u011f\u0131n\u0131 hissettirir. Ekonomik liberalizmin g\u00f6lgesi alt\u0131nda ve ABD\u2019nin devreye girmesiyle birlikte bu sefer \u0130sl\u00e2mc\u0131 ideolojilerin y\u00fckseli\u015fi, dikta rejimler ve her t\u00fcrden \u015fiddet olaylar\u0131 boy g\u00f6sterir. Bu durumda, y\u0131llara ve y\u00fczy\u0131llara yay\u0131lan farkl\u0131 Ortado\u011fu manzaralar\u0131 belirir.   Bug\u00fcn \u00e7a\u011fda\u015f sorunlarla ve g\u00fcncel geli\u015fmelerle birlikte Ortado\u011fu\u2019nun yeniden tan\u0131mlanmas\u0131 gerekti\u011fi ise \u00e7ok a\u00e7\u0131k\u2026 <\/p>\n","protected":false},"excerpt":{"rendered":"<p>Ortado\u011fu tarihi d\u00fcnyan\u0131n g\u00fcndeminden hi\u00e7 d\u00fc\u015fmedi ve uluslararas\u0131 alanda daima belirleyici bir rol \u00fcstlendi. Kitapta, ilkin 1800\u2019l\u00fc y\u0131llara do\u011fru Ortado\u011fu\u2019nun genel bir resmi sunulur. Reformlar\u0131n ba\u015flang\u0131c\u0131<span class=\"excerpt-hellip\"> [\u2026]<\/span><\/p>\n","protected":false},"featured_media":0,"template":"","meta":{"_monsterinsights_skip_tracking":false,"_monsterinsights_sitenote_active":false,"_monsterinsights_sitenote_note":"","_monsterinsights_sitenote_category":0},"product_brand":[],"product_cat":[12312,12304],"product_tag":[],"class_list":{"0":"post-738213","1":"product","2":"type-product","3":"status-publish","5":"product_cat-diger","6":"product_cat-tarih","7":"pa_cilt-ciltsiz","8":"pa_tur-kitap","9":"pa_yayinevi-dogu-bati-yayinlari","10":"pa_yazar-dogu-bati-yayinlari-kolektif","12":"first","13":"instock","14":"sale","15":"shipping-taxable","16":"purchasable","17":"product-type-simple"},"_links":{"self":[{"href":"https:\/\/roveyayinevi.com.tr\/index.php\/wp-json\/wp\/v2\/product\/738213","targetHints":{"allow":["GET"]}}],"collection":[{"href":"https:\/\/roveyayinevi.com.tr\/index.php\/wp-json\/wp\/v2\/product"}],"about":[{"href":"https:\/\/roveyayinevi.com.tr\/index.php\/wp-json\/wp\/v2\/types\/product"}],"wp:attachment":[{"href":"https:\/\/roveyayinevi.com.tr\/index.php\/wp-json\/wp\/v2\/media?parent=738213"}],"wp:term":[{"taxonomy":"product_brand","embeddable":true,"href":"https:\/\/roveyayinevi.com.tr\/index.php\/wp-json\/wp\/v2\/product_brand?post=738213"},{"taxonomy":"product_cat","embeddable":true,"href":"https:\/\/roveyayinevi.com.tr\/index.php\/wp-json\/wp\/v2\/product_cat?post=738213"},{"taxonomy":"product_tag","embeddable":true,"href":"https:\/\/roveyayinevi.com.tr\/index.php\/wp-json\/wp\/v2\/product_tag?post=738213"}],"curies":[{"name":"wp","href":"https:\/\/api.w.org\/{rel}","templated":true}]}}