{"id":738212,"date":"2025-08-27T23:44:52","date_gmt":"2025-08-27T20:44:52","guid":{"rendered":"https:\/\/roveyayinevi.com.tr\/index.php\/urun\/bitkilerin-yasam-dongusu\/"},"modified":"2026-04-16T02:47:56","modified_gmt":"2026-04-15T23:47:56","slug":"bitkilerin-yasam-dongusu","status":"publish","type":"product","link":"https:\/\/roveyayinevi.com.tr\/index.php\/urun\/bitkilerin-yasam-dongusu\/","title":{"rendered":"Bitkilerin Ya\u015fam D\u00f6ng\u00fcs\u00fc"},"content":{"rendered":"<p>\u201cKu\u011fu, gece g\u00f6ky\u00fcz\u00fcnde parlak y\u0131ld\u0131zlar\u0131n olu\u015fturdu\u011fu en g\u00fczel tak\u0131my\u0131ld\u0131zlardan biri. Biz de bilimsel konularla ilgili yay\u0131nlar haz\u0131rlamak i\u00e7in bir araya gelmi\u015f bir tak\u0131m\u0131z. TAKIMYILDIZ olarak \u00e7ocuklar i\u00e7in \u00f6zg\u00fcn bilimsel i\u00e7erikler \u00fcretiyoruz.\u201d   *** Bitkiler D\u00fcnya\u2019y\u0131 nas\u0131l de\u011fi\u015ftirdi? E\u011freltiotlar\u0131 nas\u0131l \u00e7o\u011fal\u0131r? Mabet a\u011fac\u0131na neden ya\u015fayan fosil denir? S\u00fcmb\u00fcl\u00fcn \u00e7o\u011falmas\u0131na hangi hayvan yard\u0131m eder? Karahindiba tohumlar\u0131 nas\u0131l yay\u0131l\u0131r? Her bitkinin ya\u015fam d\u00f6ng\u00fcs\u00fc ayn\u0131 m\u0131d\u0131r? Hepsi bu kitapta&#8230;   Serinin Di\u011fer Kitaplar\u0131: Mevsimler Su D\u00f6ng\u00fcs\u00fc Hayvanlar\u0131n Ya\u015fam D\u00f6ng\u00fcs\u00fc<\/p>\n","protected":false},"excerpt":{"rendered":"<p>\u201cKu\u011fu, gece g\u00f6ky\u00fcz\u00fcnde parlak y\u0131ld\u0131zlar\u0131n olu\u015fturdu\u011fu en g\u00fczel tak\u0131my\u0131ld\u0131zlardan biri. Biz de bilimsel konularla ilgili yay\u0131nlar haz\u0131rlamak i\u00e7in bir araya gelmi\u015f bir tak\u0131m\u0131z. TAKIMYILDIZ olarak \u00e7ocuklar<span class=\"excerpt-hellip\"> [\u2026]<\/span><\/p>\n","protected":false},"featured_media":0,"template":"","meta":{"_monsterinsights_skip_tracking":false,"_monsterinsights_sitenote_active":false,"_monsterinsights_sitenote_note":"","_monsterinsights_sitenote_category":0},"product_brand":[],"product_cat":[12274,15842],"product_tag":[],"class_list":{"0":"post-738212","1":"product","2":"type-product","3":"status-publish","5":"product_cat-cocuk-ve-genclik-kitaplari","6":"product_cat-egitici-kitaplar","7":"pa_cilt-ciltsiz","8":"pa_tur-kitap","9":"pa_yayinevi-elma-cocuk","10":"pa_yazar-takimyildiz","12":"first","13":"instock","14":"sale","15":"shipping-taxable","16":"purchasable","17":"product-type-simple"},"_links":{"self":[{"href":"https:\/\/roveyayinevi.com.tr\/index.php\/wp-json\/wp\/v2\/product\/738212","targetHints":{"allow":["GET"]}}],"collection":[{"href":"https:\/\/roveyayinevi.com.tr\/index.php\/wp-json\/wp\/v2\/product"}],"about":[{"href":"https:\/\/roveyayinevi.com.tr\/index.php\/wp-json\/wp\/v2\/types\/product"}],"wp:attachment":[{"href":"https:\/\/roveyayinevi.com.tr\/index.php\/wp-json\/wp\/v2\/media?parent=738212"}],"wp:term":[{"taxonomy":"product_brand","embeddable":true,"href":"https:\/\/roveyayinevi.com.tr\/index.php\/wp-json\/wp\/v2\/product_brand?post=738212"},{"taxonomy":"product_cat","embeddable":true,"href":"https:\/\/roveyayinevi.com.tr\/index.php\/wp-json\/wp\/v2\/product_cat?post=738212"},{"taxonomy":"product_tag","embeddable":true,"href":"https:\/\/roveyayinevi.com.tr\/index.php\/wp-json\/wp\/v2\/product_tag?post=738212"}],"curies":[{"name":"wp","href":"https:\/\/api.w.org\/{rel}","templated":true}]}}