{"id":738211,"date":"2025-08-27T23:44:50","date_gmt":"2025-08-27T20:44:50","guid":{"rendered":"https:\/\/roveyayinevi.com.tr\/index.php\/urun\/aryanin-yasam-sevinci\/"},"modified":"2026-04-16T02:47:56","modified_gmt":"2026-04-15T23:47:56","slug":"aryanin-yasam-sevinci","status":"publish","type":"product","link":"https:\/\/roveyayinevi.com.tr\/index.php\/urun\/aryanin-yasam-sevinci\/","title":{"rendered":"Arya\u2019n\u0131n Ya\u015fam Sevinci"},"content":{"rendered":"<p>\u015eark\u0131 s\u00f6ylemeyi \u00e7ok seven Arya\u2019n\u0131n mahalle korosunda ba\u015flayan m\u00fczik yolculu\u011fu yar\u0131\u015fmalarla, se\u00e7melerle devam eder. Arya her ba\u015far\u0131s\u0131n\u0131n ard\u0131ndan daha da yukar\u0131lara bakar. Derken bir an gelir, Arya \u00e7ok \u00f6nemli bir \u015feyi unuttu\u011funu fark eder&#8230;   \u00d6zge Bahar Sunar\u2019\u0131n yaz\u0131p Mavisu Demira\u011f\u2019\u0131n resimledi\u011fi Arya\u2019n\u0131n Ya\u015fam Sevinci okurlar\u0131 ba\u015far\u0131, hedefler, hayaller \u00fczerine d\u00fc\u015f\u00fcnd\u00fcren, sevin\u00e7 dolu bir \u00f6yk\u00fc\u2026     \u00d6zge Bahar Sunar 1981 y\u0131l\u0131nda Sakarya\u2019da do\u011fdu. Uzun y\u0131llar bilgisayar \u00f6\u011fretmeni olarak \u00e7al\u0131\u015ft\u0131. \u00c7ocuk edebiyat\u0131na olan sevgisi onu hik\u00e2yeler yazmaya y\u00f6nlendirince i\u015finden istifa etti. Bu zamana kadar pek \u00e7ok kitap yazd\u0131. Kitaplar\u0131 ondan fazla dile \u00e7evrildi. Hik\u00e2yeler yazman\u0131n yan\u0131 s\u0131ra \u00e7ocuklar i\u00e7in felsefe alan\u0131yla ilgileniyor.     Mavisu Demira\u011f 1993 y\u0131l\u0131nda \u0130zmir\u2019de do\u011fdu. Dokuz Eyl\u00fcl \u00dcniversitesi G\u00fczel Sanatlar Fak\u00fcltesi\u2019nden mezun oldu. \u00c7ocuk kitaplar\u0131 a\u011f\u0131rl\u0131kl\u0131 olmak \u00fczere yay\u0131nevleri, \u00e7e\u015fitli ajanslar ve dergiler i\u00e7in ill\u00fcstrasyonlar yapmaktad\u0131r. <\/p>\n","protected":false},"excerpt":{"rendered":"<p>\u015eark\u0131 s\u00f6ylemeyi \u00e7ok seven Arya\u2019n\u0131n mahalle korosunda ba\u015flayan m\u00fczik yolculu\u011fu yar\u0131\u015fmalarla, se\u00e7melerle devam eder. Arya her ba\u015far\u0131s\u0131n\u0131n ard\u0131ndan daha da yukar\u0131lara bakar. Derken bir an gelir,<span class=\"excerpt-hellip\"> [\u2026]<\/span><\/p>\n","protected":false},"featured_media":0,"template":"","meta":{"_monsterinsights_skip_tracking":false,"_monsterinsights_sitenote_active":false,"_monsterinsights_sitenote_note":"","_monsterinsights_sitenote_category":0},"product_brand":[],"product_cat":[12913,12274],"product_tag":[],"class_list":{"0":"post-738211","1":"product","2":"type-product","3":"status-publish","5":"product_cat-3-6-yas-kitaplari","6":"product_cat-cocuk-ve-genclik-kitaplari","7":"pa_cilt-ciltsiz","8":"pa_tur-kitap","9":"pa_yayinevi-redhouse-kidz-yayinlari","10":"pa_yazar-ozge-bahar-sunar-mavisu-demirag","12":"first","13":"instock","14":"sale","15":"shipping-taxable","16":"purchasable","17":"product-type-simple"},"_links":{"self":[{"href":"https:\/\/roveyayinevi.com.tr\/index.php\/wp-json\/wp\/v2\/product\/738211","targetHints":{"allow":["GET"]}}],"collection":[{"href":"https:\/\/roveyayinevi.com.tr\/index.php\/wp-json\/wp\/v2\/product"}],"about":[{"href":"https:\/\/roveyayinevi.com.tr\/index.php\/wp-json\/wp\/v2\/types\/product"}],"wp:attachment":[{"href":"https:\/\/roveyayinevi.com.tr\/index.php\/wp-json\/wp\/v2\/media?parent=738211"}],"wp:term":[{"taxonomy":"product_brand","embeddable":true,"href":"https:\/\/roveyayinevi.com.tr\/index.php\/wp-json\/wp\/v2\/product_brand?post=738211"},{"taxonomy":"product_cat","embeddable":true,"href":"https:\/\/roveyayinevi.com.tr\/index.php\/wp-json\/wp\/v2\/product_cat?post=738211"},{"taxonomy":"product_tag","embeddable":true,"href":"https:\/\/roveyayinevi.com.tr\/index.php\/wp-json\/wp\/v2\/product_tag?post=738211"}],"curies":[{"name":"wp","href":"https:\/\/api.w.org\/{rel}","templated":true}]}}