{"id":738209,"date":"2025-08-27T23:44:48","date_gmt":"2025-08-27T20:44:48","guid":{"rendered":"https:\/\/roveyayinevi.com.tr\/index.php\/urun\/makinelerin-yaratici-gucu\/"},"modified":"2026-04-16T02:47:56","modified_gmt":"2026-04-15T23:47:56","slug":"makinelerin-yaratici-gucu","status":"publish","type":"product","link":"https:\/\/roveyayinevi.com.tr\/index.php\/urun\/makinelerin-yaratici-gucu\/","title":{"rendered":"Makinelerin Yarat\u0131c\u0131 G\u00fcc\u00fc"},"content":{"rendered":"<p>Ya\u015famak m\u0131 yoksa ya\u015fat\u0131lmak m\u0131? Geli\u015fimini \u00e7ok h\u0131zl\u0131 bir \u015fekilde s\u00fcrd\u00fcren algoritmalar \u00f6yle bir h\u00e2le geldi ki art\u0131k insanlar\u0131n kimi sevece\u011fini, hangi haberleri okuyaca\u011f\u0131n\u0131 ve bankadan alaca\u011f\u0131 krediyi bile belirliyorlar. Bununla da kalm\u0131yor, \u00fcnl\u00fc Ressam Rembrandt gibi tablolar yap\u0131yorlar, hayal g\u00fcc\u00fcn\u00fcn s\u0131n\u0131rlar\u0131n\u0131 zorlayarak romanlar yaz\u0131yorlar ve m\u00fczik eserleri besteliyorlar. G\u00f6r\u00fcl\u00fcyor ki algoritmalar\u0131n ba\u015faramayacaklar\u0131 hi\u00e7bir \u015fey yok gibi! Holger Volland, elinizde tuttu\u011funuz bu kitab\u0131nda, yapay zek\u00e2yla ilgili bir\u00e7ok soruya cevap vermeye \u00e7al\u0131\u015f\u0131yor: Algoritmalar bizden daha yarat\u0131c\u0131 olabilirler mi? Onlara neleri yapt\u0131rabiliriz, neleri yapt\u0131rmamal\u0131y\u0131z? Hangi konularda bizim i\u00e7in tehlikeli olabilirler? Volland, bunun gibi bir\u00e7ok soruyla yapay zek\u00e2n\u0131n, uzun zamandan beri fark\u0131na varmadan ya\u015fam\u0131m\u0131za nas\u0131l girdi\u011fini ve k\u00fclt\u00fcr\u00fcm\u00fcz\u00fcn bir par\u00e7as\u0131 oldu\u011funu, bunun bizi ne derecede etkiledi\u011fini ayr\u0131nt\u0131lar\u0131yla anlat\u0131yor. Yazar, g\u00fcnl\u00fck ya\u015fam\u0131m\u0131zdan \u00f6rnekler vererek yapay zek\u00e2yla ili\u015fkimizi \u00e7arp\u0131c\u0131 bir \u015fekilde g\u00f6zler \u00f6n\u00fcne seriyor. Gelecekte ya\u015fam\u0131m\u0131za sahip \u00e7\u0131kabilmemiz ve bilincimizin \u00f6zg\u00fcrl\u00fc\u011f\u00fcn\u00fc koruyabilmemiz i\u00e7in Volland\u2019\u0131n tavsiyelerine \u015fans verebilirsiniz!<\/p>\n","protected":false},"excerpt":{"rendered":"<p>Ya\u015famak m\u0131 yoksa ya\u015fat\u0131lmak m\u0131? Geli\u015fimini \u00e7ok h\u0131zl\u0131 bir \u015fekilde s\u00fcrd\u00fcren algoritmalar \u00f6yle bir h\u00e2le geldi ki art\u0131k insanlar\u0131n kimi sevece\u011fini, hangi haberleri okuyaca\u011f\u0131n\u0131 ve bankadan<span class=\"excerpt-hellip\"> [\u2026]<\/span><\/p>\n","protected":false},"featured_media":0,"template":"","meta":{"_monsterinsights_skip_tracking":false,"_monsterinsights_sitenote_active":false,"_monsterinsights_sitenote_note":"","_monsterinsights_sitenote_category":0},"product_brand":[],"product_cat":[13005,13006],"product_tag":[],"class_list":{"0":"post-738209","1":"product","2":"type-product","3":"status-publish","5":"product_cat-bilim-muhendislik","6":"product_cat-populer-bilim","7":"pa_cilt-ciltsiz","8":"pa_tur-kitap","9":"pa_yayinevi-orenda","10":"pa_yazar-holger-volland","12":"first","13":"instock","14":"sale","15":"shipping-taxable","16":"purchasable","17":"product-type-simple"},"_links":{"self":[{"href":"https:\/\/roveyayinevi.com.tr\/index.php\/wp-json\/wp\/v2\/product\/738209","targetHints":{"allow":["GET"]}}],"collection":[{"href":"https:\/\/roveyayinevi.com.tr\/index.php\/wp-json\/wp\/v2\/product"}],"about":[{"href":"https:\/\/roveyayinevi.com.tr\/index.php\/wp-json\/wp\/v2\/types\/product"}],"wp:attachment":[{"href":"https:\/\/roveyayinevi.com.tr\/index.php\/wp-json\/wp\/v2\/media?parent=738209"}],"wp:term":[{"taxonomy":"product_brand","embeddable":true,"href":"https:\/\/roveyayinevi.com.tr\/index.php\/wp-json\/wp\/v2\/product_brand?post=738209"},{"taxonomy":"product_cat","embeddable":true,"href":"https:\/\/roveyayinevi.com.tr\/index.php\/wp-json\/wp\/v2\/product_cat?post=738209"},{"taxonomy":"product_tag","embeddable":true,"href":"https:\/\/roveyayinevi.com.tr\/index.php\/wp-json\/wp\/v2\/product_tag?post=738209"}],"curies":[{"name":"wp","href":"https:\/\/api.w.org\/{rel}","templated":true}]}}