{"id":738204,"date":"2025-08-27T23:44:41","date_gmt":"2025-08-27T20:44:41","guid":{"rendered":"https:\/\/roveyayinevi.com.tr\/index.php\/urun\/gunesin-dustugu-yer\/"},"modified":"2026-04-16T02:47:56","modified_gmt":"2026-04-15T23:47:56","slug":"gunesin-dustugu-yer","status":"publish","type":"product","link":"https:\/\/roveyayinevi.com.tr\/index.php\/urun\/gunesin-dustugu-yer\/","title":{"rendered":"G\u00fcne\u015fin D\u00fc\u015ft\u00fc\u011f\u00fc Yer"},"content":{"rendered":"<p>\u201c- Yine kafanda neler kuruyorsun? &#8211; G\u00fcne\u015f yere d\u00fc\u015ft\u00fc\u011f\u00fcnde, onu tekrar kim kald\u0131r\u0131yor? &#8211; Yere d\u00fc\u015fmek mi? &#8211; Yere d\u00fc\u015ft\u00fc\u011f\u00fc i\u00e7in iki ay boyunca biz onu hi\u00e7 g\u00f6remiyoruz ya?\u201d     Yedi k\u0131tadan \u00f6yk\u00fclendirilmi\u015f ya\u015famlar Mustafa Hindistan&#8217;\u0131n kaleminden on d\u00f6rt farkl\u0131 renge b\u00fcr\u00fcnerek okuyucuyla bulu\u015fuyor\u2026<\/p>\n","protected":false},"excerpt":{"rendered":"<p>\u201c- Yine kafanda neler kuruyorsun? &#8211; G\u00fcne\u015f yere d\u00fc\u015ft\u00fc\u011f\u00fcnde, onu tekrar kim kald\u0131r\u0131yor? &#8211; Yere d\u00fc\u015fmek mi? &#8211; Yere d\u00fc\u015ft\u00fc\u011f\u00fc i\u00e7in iki ay boyunca biz onu<span class=\"excerpt-hellip\"> [\u2026]<\/span><\/p>\n","protected":false},"featured_media":0,"template":"","meta":{"_monsterinsights_skip_tracking":false,"_monsterinsights_sitenote_active":false,"_monsterinsights_sitenote_note":"","_monsterinsights_sitenote_category":0},"product_brand":[],"product_cat":[12291,12711],"product_tag":[],"class_list":{"0":"post-738204","1":"product","2":"type-product","3":"status-publish","5":"product_cat-edebiyat","6":"product_cat-roman-oyku","7":"pa_cilt-ciltsiz","8":"pa_tur-kitap","9":"pa_yayinevi-perseus","10":"pa_yazar-mustafa-hindistan","12":"first","13":"instock","14":"sale","15":"shipping-taxable","16":"purchasable","17":"product-type-simple"},"_links":{"self":[{"href":"https:\/\/roveyayinevi.com.tr\/index.php\/wp-json\/wp\/v2\/product\/738204","targetHints":{"allow":["GET"]}}],"collection":[{"href":"https:\/\/roveyayinevi.com.tr\/index.php\/wp-json\/wp\/v2\/product"}],"about":[{"href":"https:\/\/roveyayinevi.com.tr\/index.php\/wp-json\/wp\/v2\/types\/product"}],"wp:attachment":[{"href":"https:\/\/roveyayinevi.com.tr\/index.php\/wp-json\/wp\/v2\/media?parent=738204"}],"wp:term":[{"taxonomy":"product_brand","embeddable":true,"href":"https:\/\/roveyayinevi.com.tr\/index.php\/wp-json\/wp\/v2\/product_brand?post=738204"},{"taxonomy":"product_cat","embeddable":true,"href":"https:\/\/roveyayinevi.com.tr\/index.php\/wp-json\/wp\/v2\/product_cat?post=738204"},{"taxonomy":"product_tag","embeddable":true,"href":"https:\/\/roveyayinevi.com.tr\/index.php\/wp-json\/wp\/v2\/product_tag?post=738204"}],"curies":[{"name":"wp","href":"https:\/\/api.w.org\/{rel}","templated":true}]}}