{"id":738203,"date":"2025-08-27T23:44:39","date_gmt":"2025-08-27T20:44:39","guid":{"rendered":"https:\/\/roveyayinevi.com.tr\/index.php\/urun\/seninle-dondu-devran\/"},"modified":"2026-04-16T02:47:56","modified_gmt":"2026-04-15T23:47:56","slug":"seninle-dondu-devran","status":"publish","type":"product","link":"https:\/\/roveyayinevi.com.tr\/index.php\/urun\/seninle-dondu-devran\/","title":{"rendered":"Seninle D\u00f6nd\u00fc Devran"},"content":{"rendered":"<p>Ne kaftan\u0131m\u0131z vard\u0131, \u00fcst\u00fcm\u00fczde k\u00fcrkl\u00fc, Ne elde k\u0131l\u0131\u00e7 &#8211; kalkan. Yenemedi ama yine de Ne k\u00f6r talih, ne de zaman. Bitmedi yani hayatla kavgam. Huzurlar hep d\u00fc\u015fman kald\u0131, Mutluluk selam vermedi uzaktan. Sen geldin ya g\u00f6nl\u00fcme, Ben istemem sonbahar\u0131, Baksana her taraf hazan. Belki olamay\u0131z da g\u00fcller a\u00e7t\u0131ran nisan, Bari olsayd\u0131k bol g\u00fcne\u015fli haziran.  <\/p>\n","protected":false},"excerpt":{"rendered":"<p>Ne kaftan\u0131m\u0131z vard\u0131, \u00fcst\u00fcm\u00fczde k\u00fcrkl\u00fc, Ne elde k\u0131l\u0131\u00e7 &#8211; kalkan. Yenemedi ama yine de Ne k\u00f6r talih, ne de zaman. Bitmedi yani hayatla kavgam. Huzurlar hep<span class=\"excerpt-hellip\"> [\u2026]<\/span><\/p>\n","protected":false},"featured_media":0,"template":"","meta":{"_monsterinsights_skip_tracking":false,"_monsterinsights_sitenote_active":false,"_monsterinsights_sitenote_note":"","_monsterinsights_sitenote_category":0},"product_brand":[],"product_cat":[12291,12509],"product_tag":[],"class_list":{"0":"post-738203","1":"product","2":"type-product","3":"status-publish","5":"product_cat-edebiyat","6":"product_cat-siir","7":"pa_cilt-ciltsiz","8":"pa_tur-kitap","9":"pa_yayinevi-gulnar-yayinlari","10":"pa_yazar-mehmet-ozcelebi","12":"first","13":"instock","14":"sale","15":"shipping-taxable","16":"purchasable","17":"product-type-simple"},"_links":{"self":[{"href":"https:\/\/roveyayinevi.com.tr\/index.php\/wp-json\/wp\/v2\/product\/738203","targetHints":{"allow":["GET"]}}],"collection":[{"href":"https:\/\/roveyayinevi.com.tr\/index.php\/wp-json\/wp\/v2\/product"}],"about":[{"href":"https:\/\/roveyayinevi.com.tr\/index.php\/wp-json\/wp\/v2\/types\/product"}],"wp:attachment":[{"href":"https:\/\/roveyayinevi.com.tr\/index.php\/wp-json\/wp\/v2\/media?parent=738203"}],"wp:term":[{"taxonomy":"product_brand","embeddable":true,"href":"https:\/\/roveyayinevi.com.tr\/index.php\/wp-json\/wp\/v2\/product_brand?post=738203"},{"taxonomy":"product_cat","embeddable":true,"href":"https:\/\/roveyayinevi.com.tr\/index.php\/wp-json\/wp\/v2\/product_cat?post=738203"},{"taxonomy":"product_tag","embeddable":true,"href":"https:\/\/roveyayinevi.com.tr\/index.php\/wp-json\/wp\/v2\/product_tag?post=738203"}],"curies":[{"name":"wp","href":"https:\/\/api.w.org\/{rel}","templated":true}]}}