{"id":738202,"date":"2025-08-27T23:44:37","date_gmt":"2025-08-27T20:44:37","guid":{"rendered":"https:\/\/roveyayinevi.com.tr\/index.php\/urun\/sair-degilim-ben-siirim\/"},"modified":"2026-04-16T02:47:56","modified_gmt":"2026-04-15T23:47:56","slug":"sair-degilim-ben-siirim","status":"publish","type":"product","link":"https:\/\/roveyayinevi.com.tr\/index.php\/urun\/sair-degilim-ben-siirim\/","title":{"rendered":"\u015eair De\u011filim Ben \u015eiirim"},"content":{"rendered":"<p>Siz de kitab\u0131m\u0131 ald\u0131n\u0131z. Evrenin s\u0131rr\u0131n\u0131 \u00e7\u00f6zmenizi sa\u011flamayacak fakat bu kitap hik\u00e2yesi ve \u015fiirleri ile size pek \u00e7ok \u015fey kat\u0131p, bak\u0131\u015f a\u00e7\u0131n\u0131z\u0131 de\u011fi\u015ftirecektir. Elem, matem veya keder hi\u00e7bir duyguyu ya\u015famadan da birinin hik\u00e2yesinden ilham al\u0131p bunu ya\u015fam\u0131\u015f gibi olabilirsiniz. Duygusuz insan diye bir \u015fey yoktur zira duygular daha b\u00fct\u00fcn\u00fcyle ke\u015ffedilememi\u015ftir. Bug\u00fcn bu hik\u00e2yenin ve \u015fiirlerin sahibi benim ve size her m\u0131sralar\u0131mda ya\u015famadan \u00f6\u011frenece\u011finiz duygular\u0131 g\u00f6nl\u00fcn\u00fcze aktaraca\u011f\u0131m. Ya\u015faman\u0131z\u0131 ve anlaman\u0131z\u0131 istedi\u011fim, g\u00f6n\u00fcl kalemimden d\u00f6k\u00fclen hakiki duygulard\u0131r. De\u011ferli okurlar\u0131m okumak ve yazmak kaybolmayacak fikirleri savunmakt\u0131r. \u015eunu unutmay\u0131n ki yazd\u0131klar\u0131n\u0131z\u0131 ve inand\u0131klar\u0131n\u0131z\u0131 kimse \u00f6ld\u00fcremeyecek. \u00d6lenler bedenlerdir, kaybolan \u015feyler ise cisimlerdir. G\u00f6nl\u00fcn\u00fczdekini kimse de\u011fi\u015ftiremeyecek ve fikirleriniz as\u0131rlar boyu sizinle gelecektir. Ben \u015fiirlerime ve size teslimim o y\u00fczden bana \u015fair demeyin, ben bir \u015fair de\u011filim, ben bir \u015fiirim zira beni okursan\u0131z \u00f6\u011frenmi\u015f olursunuz\u2026 Umar\u0131m barda\u011f\u0131n dolu k\u0131sm\u0131n\u0131 g\u00f6r\u00fcr ve pay\u0131n\u0131za d\u00fc\u015fen duygular\u0131 al\u0131rs\u0131n\u0131z. Bazen yalanc\u0131 bir g\u00fcl\u00fc\u015f yerine ger\u00e7ek bir g\u00f6zya\u015f\u0131 sizin hayat\u0131n\u0131z\u0131 kurtarabilir. Kitab\u0131m\u0131 g\u00f6nl\u00fcn\u00fczde ya\u015fama dile\u011fi ile\u2026 <\/p>\n","protected":false},"excerpt":{"rendered":"<p>Siz de kitab\u0131m\u0131 ald\u0131n\u0131z. Evrenin s\u0131rr\u0131n\u0131 \u00e7\u00f6zmenizi sa\u011flamayacak fakat bu kitap hik\u00e2yesi ve \u015fiirleri ile size pek \u00e7ok \u015fey kat\u0131p, bak\u0131\u015f a\u00e7\u0131n\u0131z\u0131 de\u011fi\u015ftirecektir. Elem, matem veya<span class=\"excerpt-hellip\"> [\u2026]<\/span><\/p>\n","protected":false},"featured_media":0,"template":"","meta":{"_monsterinsights_skip_tracking":false,"_monsterinsights_sitenote_active":false,"_monsterinsights_sitenote_note":"","_monsterinsights_sitenote_category":0},"product_brand":[],"product_cat":[12291,12509],"product_tag":[],"class_list":{"0":"post-738202","1":"product","2":"type-product","3":"status-publish","5":"product_cat-edebiyat","6":"product_cat-siir","7":"pa_cilt-ciltsiz","8":"pa_tur-kitap","9":"pa_yayinevi-zet-yayinlari","10":"pa_yazar-omer-cavdar","12":"first","13":"instock","14":"sale","15":"shipping-taxable","16":"purchasable","17":"product-type-simple"},"_links":{"self":[{"href":"https:\/\/roveyayinevi.com.tr\/index.php\/wp-json\/wp\/v2\/product\/738202","targetHints":{"allow":["GET"]}}],"collection":[{"href":"https:\/\/roveyayinevi.com.tr\/index.php\/wp-json\/wp\/v2\/product"}],"about":[{"href":"https:\/\/roveyayinevi.com.tr\/index.php\/wp-json\/wp\/v2\/types\/product"}],"wp:attachment":[{"href":"https:\/\/roveyayinevi.com.tr\/index.php\/wp-json\/wp\/v2\/media?parent=738202"}],"wp:term":[{"taxonomy":"product_brand","embeddable":true,"href":"https:\/\/roveyayinevi.com.tr\/index.php\/wp-json\/wp\/v2\/product_brand?post=738202"},{"taxonomy":"product_cat","embeddable":true,"href":"https:\/\/roveyayinevi.com.tr\/index.php\/wp-json\/wp\/v2\/product_cat?post=738202"},{"taxonomy":"product_tag","embeddable":true,"href":"https:\/\/roveyayinevi.com.tr\/index.php\/wp-json\/wp\/v2\/product_tag?post=738202"}],"curies":[{"name":"wp","href":"https:\/\/api.w.org\/{rel}","templated":true}]}}