{"id":738196,"date":"2025-08-27T23:44:31","date_gmt":"2025-08-27T20:44:31","guid":{"rendered":"https:\/\/roveyayinevi.com.tr\/index.php\/urun\/21-yuzyil-icin-tanri\/"},"modified":"2026-04-16T02:47:56","modified_gmt":"2026-04-15T23:47:56","slug":"21-yuzyil-icin-tanri","status":"publish","type":"product","link":"https:\/\/roveyayinevi.com.tr\/index.php\/urun\/21-yuzyil-icin-tanri\/","title":{"rendered":"21. Y\u00fczy\u0131l i\u00e7in Tanr\u0131"},"content":{"rendered":"<p>Modern bilim, d\u00fcnyay\u0131 anlamam\u0131zda devrim yaratt\u0131. B\u00fcy\u00fck Patlama evrenin ba\u015flang\u0131c\u0131na dair bir \u0131\u015f\u0131k yakt\u0131. Nas\u0131l insan olduk sorusu, evrimsel varl\u0131k hiyerar\u015fisinin bulgular\u0131yla yan\u0131tland\u0131. Einstein, bildi\u011fimiz maddenin enerjiye d\u00f6n\u00fc\u015ft\u00fc\u011f\u00fcn\u00fc ve farkl\u0131 boyutlar\u0131n varl\u0131\u011f\u0131n\u0131 ortaya koydu. Peki ya t\u00fcm bu devrimsel geli\u015fmeler Tanr\u0131 hakk\u0131ndaki bilgimizi nas\u0131l etkiledi? \u00a7  B\u00fcy\u00fck Patlamadan \u00f6nce ne vard\u0131? \u00a7  Robotlara da peygamber gelir mi? \u00a7  Evrendeki bu ince ayar bir Ak\u0131ll\u0131 Tasar\u0131mc\u0131n\u0131n varl\u0131\u011f\u0131n\u0131n kan\u0131t\u0131 m\u0131d\u0131r? \u00a7  Einstein, Tanr\u0131\u2019ya inan\u0131yor muydu? \u00a7  Beyinde bir Tanr\u0131 noktas\u0131 var m\u0131? \u00a7  Ya\u015fam neden var oldu? \u00a7  Genetik m\u00fchendisli\u011fi, Tanr\u0131 rol\u00fcn\u00fc oynamak m\u0131d\u0131r? \u00a7  Darwin, Tanr\u0131\u2019y\u0131 \u00f6ld\u00fcrd\u00fc m\u00fc? \u00a7  Evrim, Tanr\u0131\u2019ya dair bilginin anahtar\u0131 m\u0131? \u00a7  Freud, Tanr\u0131 ile \u00e7al\u0131\u015f\u0131r m\u0131? \u00a7  Bedenden fazla bir \u015fey miyiz? Yoksa bir ruhumuz var m\u0131? \u00a7  Marsl\u0131lara da kitap inmi\u015f midir? Hristiyan, Yahudi, M\u00fcsl\u00fcman ve Hindu geleneklerinden 8 \u00fclkeden 50 bilim insan\u0131, psikolog, teolog ve filozof, elinizdeki kitapta bu sorular\u0131n cevaplar\u0131n\u0131 ar\u0131yor. Bu kitap bilim ve din konusunda kafas\u0131 kar\u0131\u015f\u0131klar i\u00e7in rehber niteli\u011findedir.<\/p>\n","protected":false},"excerpt":{"rendered":"<p>Modern bilim, d\u00fcnyay\u0131 anlamam\u0131zda devrim yaratt\u0131. B\u00fcy\u00fck Patlama evrenin ba\u015flang\u0131c\u0131na dair bir \u0131\u015f\u0131k yakt\u0131. Nas\u0131l insan olduk sorusu, evrimsel varl\u0131k hiyerar\u015fisinin bulgular\u0131yla yan\u0131tland\u0131. Einstein, bildi\u011fimiz maddenin<span class=\"excerpt-hellip\"> [\u2026]<\/span><\/p>\n","protected":false},"featured_media":0,"template":"","meta":{"_monsterinsights_skip_tracking":false,"_monsterinsights_sitenote_active":false,"_monsterinsights_sitenote_note":"","_monsterinsights_sitenote_category":0},"product_brand":[],"product_cat":[12388,13555],"product_tag":[],"class_list":{"0":"post-738196","1":"product","2":"type-product","3":"status-publish","5":"product_cat-felsefe","6":"product_cat-genel-felsefe","7":"pa_cilt-ciltsiz","8":"pa_tur-kitap","9":"pa_yayinevi-fol-kitap","10":"pa_yazar-russell-stannard","12":"first","13":"instock","14":"sale","15":"shipping-taxable","16":"purchasable","17":"product-type-simple"},"_links":{"self":[{"href":"https:\/\/roveyayinevi.com.tr\/index.php\/wp-json\/wp\/v2\/product\/738196","targetHints":{"allow":["GET"]}}],"collection":[{"href":"https:\/\/roveyayinevi.com.tr\/index.php\/wp-json\/wp\/v2\/product"}],"about":[{"href":"https:\/\/roveyayinevi.com.tr\/index.php\/wp-json\/wp\/v2\/types\/product"}],"wp:attachment":[{"href":"https:\/\/roveyayinevi.com.tr\/index.php\/wp-json\/wp\/v2\/media?parent=738196"}],"wp:term":[{"taxonomy":"product_brand","embeddable":true,"href":"https:\/\/roveyayinevi.com.tr\/index.php\/wp-json\/wp\/v2\/product_brand?post=738196"},{"taxonomy":"product_cat","embeddable":true,"href":"https:\/\/roveyayinevi.com.tr\/index.php\/wp-json\/wp\/v2\/product_cat?post=738196"},{"taxonomy":"product_tag","embeddable":true,"href":"https:\/\/roveyayinevi.com.tr\/index.php\/wp-json\/wp\/v2\/product_tag?post=738196"}],"curies":[{"name":"wp","href":"https:\/\/api.w.org\/{rel}","templated":true}]}}