{"id":738195,"date":"2025-08-27T23:44:29","date_gmt":"2025-08-27T20:44:29","guid":{"rendered":"https:\/\/roveyayinevi.com.tr\/index.php\/urun\/gorunmez-ip\/"},"modified":"2026-04-16T02:47:56","modified_gmt":"2026-04-15T23:47:56","slug":"gorunmez-ip","status":"publish","type":"product","link":"https:\/\/roveyayinevi.com.tr\/index.php\/urun\/gorunmez-ip\/","title":{"rendered":"G\u00f6r\u00fcnmez \u0130p"},"content":{"rendered":"<p>Yay\u0131mland\u0131\u011f\u0131 g\u00fcnden beri her ya\u015ftan milyonlarca okura ula\u015fan bu k\u00fc\u00e7\u00fck hik\u00e2ye kitab\u0131, sevdiklerimizle aram\u0131zdaki kopmaz ba\u011flar\u0131 anlat\u0131rken gezegenin sessiz f\u0131s\u0131lt\u0131s\u0131n\u0131 duymam\u0131za olanak sa\u011fl\u0131yor. Dinleyin, arad\u0131\u011f\u0131n\u0131z huzur ve mutluluk bu f\u0131s\u0131lt\u0131da sakl\u0131! Yay\u0131mland\u0131\u011f\u0131 \u00fclkelerdeki ebeveynler, terapistler, \u00f6\u011fretmenler G\u00f6r\u00fcnmez \u0130p\u2019in ayr\u0131l\u0131k, kay\u0131p, \u00f6l\u00fcm ve yas s\u00fcre\u00e7lerini ve bunlarla ba\u015f etme yollar\u0131n\u0131 anlatan \u00e7a\u011fda\u015f bir klasik oldu\u011fu konusunda hemfikir. \u0130ki \u00e7ocu\u011fun ve annelerinin hik\u00e2yesinin anlat\u0131ld\u0131\u011f\u0131 bu kitapta \u00e7ocuklar b\u00fcy\u00fcy\u00fcp bilin\u00e7lendik\u00e7e korkular\u0131 ve endi\u015feleri de onlarla birlikte b\u00fcy\u00fcmeye ba\u015flar. Bunu fark eden anne, t\u00fcm sevdiklerimizle hatta art\u0131k yan\u0131m\u0131zda olmayanlarla bile aram\u0131zda kopmaz ba\u011flar oldu\u011funu anlat\u0131r onlara. Bu \u00f6yk\u00fc \u00e7ocuklara \u00f6nce inan\u0131lmaz gelse de g\u00fcn ge\u00e7tik\u00e7e bu ba\u011f\u0131n g\u00fcc\u00fcn\u00fc hissetmeye ve sorular\u0131na cevap aramaya ba\u015flarlar: Herkesin g\u00f6r\u00fcnmez bir ipi var m\u0131? Bu ip ne kadar uza\u011fa ula\u015f\u0131yor? Hi\u00e7 kopmaz m\u0131? G\u00f6r\u00fcnmez \u0130p, \u00e7ocuklar\u0131n kolayca anlayabilece\u011fi ve kucaklayabilece\u011fi yarat\u0131c\u0131 bir hik\u00e2yeyle yaln\u0131zl\u0131\u011f\u0131n, ayr\u0131l\u0131\u011f\u0131n veya kayb\u0131n \u00fcstesinden gelmek i\u00e7in \u00e7ok basit bir yakla\u015f\u0131m sunuyor ve \u00e7ocuklar\u0131n omuzlar\u0131n\u0131 iklim krizi, pandemi gibi a\u011f\u0131r y\u00fcklerle dolduran g\u00fcn\u00fcm\u00fcz d\u00fcnyas\u0131na \u00f6nemli bir mesaj veriyor. \u201cG\u00fcn\u00fcm\u00fcz\u00fcn zor \u015fartlar\u0131nda, sevdiklerimizden ayr\u0131 olsak da sevginin hepimizi birbirine ba\u011flayan, sonsuz bir ba\u011f oldu\u011funa dair \u00f6zel bir mesaj veriyor.\u201d Amerikan Pediatristler Akademisi   \u201cHer ya\u015ftan \u00e7ocuk \u2013hatta yeti\u015fkinler bile\u2013 sevdiklerimizle aram\u0131zdaki kopmaz ba\u011flar\u0131n hik\u00e2yesini okudu\u011funda, arad\u0131\u011f\u0131 huzur ve mutlulu\u011fu bulacak.\u201d Ulusal Okul Psikologlar\u0131 Dernegi   \u201cAyr\u0131l\u0131k anksiyetesi ya\u015fayan t\u00fcm \u00e7ocuklar i\u00e7in harika bir kitap.\u201d Today\u2019s Parent   \u201cEmpati ve birlik i\u00e7in evrensel bir vizyon\u2026 etkileyici.\u201d Kirkus Reviews<\/p>\n","protected":false},"excerpt":{"rendered":"<p>Yay\u0131mland\u0131\u011f\u0131 g\u00fcnden beri her ya\u015ftan milyonlarca okura ula\u015fan bu k\u00fc\u00e7\u00fck hik\u00e2ye kitab\u0131, sevdiklerimizle aram\u0131zdaki kopmaz ba\u011flar\u0131 anlat\u0131rken gezegenin sessiz f\u0131s\u0131lt\u0131s\u0131n\u0131 duymam\u0131za olanak sa\u011fl\u0131yor. Dinleyin, arad\u0131\u011f\u0131n\u0131z huzur<span class=\"excerpt-hellip\"> [\u2026]<\/span><\/p>\n","protected":false},"featured_media":0,"template":"","meta":{"_monsterinsights_skip_tracking":false,"_monsterinsights_sitenote_active":false,"_monsterinsights_sitenote_note":"","_monsterinsights_sitenote_category":0},"product_brand":[],"product_cat":[12274,12284],"product_tag":[],"class_list":{"0":"post-738195","1":"product","2":"type-product","3":"status-publish","5":"product_cat-cocuk-ve-genclik-kitaplari","6":"product_cat-hikayeler","7":"pa_cilt-ciltsiz","8":"pa_tur-kitap","9":"pa_yayinevi-mundi","10":"pa_yazar-patrice-karst","12":"first","13":"instock","14":"sale","15":"shipping-taxable","16":"purchasable","17":"product-type-simple"},"_links":{"self":[{"href":"https:\/\/roveyayinevi.com.tr\/index.php\/wp-json\/wp\/v2\/product\/738195","targetHints":{"allow":["GET"]}}],"collection":[{"href":"https:\/\/roveyayinevi.com.tr\/index.php\/wp-json\/wp\/v2\/product"}],"about":[{"href":"https:\/\/roveyayinevi.com.tr\/index.php\/wp-json\/wp\/v2\/types\/product"}],"wp:attachment":[{"href":"https:\/\/roveyayinevi.com.tr\/index.php\/wp-json\/wp\/v2\/media?parent=738195"}],"wp:term":[{"taxonomy":"product_brand","embeddable":true,"href":"https:\/\/roveyayinevi.com.tr\/index.php\/wp-json\/wp\/v2\/product_brand?post=738195"},{"taxonomy":"product_cat","embeddable":true,"href":"https:\/\/roveyayinevi.com.tr\/index.php\/wp-json\/wp\/v2\/product_cat?post=738195"},{"taxonomy":"product_tag","embeddable":true,"href":"https:\/\/roveyayinevi.com.tr\/index.php\/wp-json\/wp\/v2\/product_tag?post=738195"}],"curies":[{"name":"wp","href":"https:\/\/api.w.org\/{rel}","templated":true}]}}