{"id":738194,"date":"2025-08-27T23:44:28","date_gmt":"2025-08-27T20:44:28","guid":{"rendered":"https:\/\/roveyayinevi.com.tr\/index.php\/urun\/insan-nedir-4\/"},"modified":"2026-04-16T02:47:56","modified_gmt":"2026-04-15T23:47:56","slug":"insan-nedir-4","status":"publish","type":"product","link":"https:\/\/roveyayinevi.com.tr\/index.php\/urun\/insan-nedir-4\/","title":{"rendered":"\u0130nsan Nedir?"},"content":{"rendered":"<p>Twain\u2019in bas\u0131lmaya haz\u0131r hale gelip gelmedi\u011finden bir t\u00fcrl\u00fc emin olamad\u0131\u011f\u0131 \u0130nsan Nedir? anonim olarak yay\u0131mlanm\u0131\u015f ve yazar\u0131n \u00f6ng\u00f6rd\u00fc\u011f\u00fc \u00fczere, epey tart\u0131\u015fma yaratm\u0131\u015f. Biri gen\u00e7, di\u011feri ihtiyar iki adam\u0131n sohbeti vas\u0131tas\u0131yla insan hakk\u0131nda kimilerinin pek de ho\u015funa gitmeyecek tespitlerin aktar\u0131ld\u0131\u011f\u0131 eser, g\u00fcn\u00fcm\u00fczde insan\u0131n ak\u0131l y\u00fcr\u00fctme yetisini anlamak ve konuya farkl\u0131 bir a\u00e7\u0131dan bakabilmek isteyen okur i\u00e7in de\u011ferli bir kitap. D\u00fc\u015f\u00fcnebiliyor olmak insan\u0131 ger\u00e7ekten \u00f6zel k\u0131lar m\u0131, ki\u015fi nas\u0131l ak\u0131l y\u00fcr\u00fct\u00fcr ve fikir sahibi olur, biliminsan\u0131 ya da sanat\u00e7\u0131 i\u00e7in d\u00fc\u015f\u00fcnme s\u00fcre\u00e7leri nas\u0131l i\u015fler gibi sorular \u00fczerinden yorgun ve bilge bir ihtiyar\u0131n ger\u00e7ek\u00e7ili\u011fi ile bir gencin muhalefet olma tutkusu ve romantizmini \u00e7arp\u0131\u015ft\u0131r\u0131yor Twain. \u201c\u0130nsan nedir?\u201d sorusuna yan\u0131t aray\u0131\u015f\u0131m\u0131z belki de hi\u00e7bir zaman son bulmayacak, fakat Twain\u2019in karakterleri kulak vermeye de\u011fer&#8230; <\/p>\n","protected":false},"excerpt":{"rendered":"<p>Twain\u2019in bas\u0131lmaya haz\u0131r hale gelip gelmedi\u011finden bir t\u00fcrl\u00fc emin olamad\u0131\u011f\u0131 \u0130nsan Nedir? anonim olarak yay\u0131mlanm\u0131\u015f ve yazar\u0131n \u00f6ng\u00f6rd\u00fc\u011f\u00fc \u00fczere, epey tart\u0131\u015fma yaratm\u0131\u015f. Biri gen\u00e7, di\u011feri ihtiyar<span class=\"excerpt-hellip\"> [\u2026]<\/span><\/p>\n","protected":false},"featured_media":0,"template":"","meta":{"_monsterinsights_skip_tracking":false,"_monsterinsights_sitenote_active":false,"_monsterinsights_sitenote_note":"","_monsterinsights_sitenote_category":0},"product_brand":[],"product_cat":[13661,12291],"product_tag":[],"class_list":{"0":"post-738194","1":"product","2":"type-product","3":"status-publish","5":"product_cat-diger-ulke-edebiyatlari","6":"product_cat-edebiyat","7":"pa_cilt-ciltsiz","8":"pa_tur-kitap","9":"pa_yayinevi-can-yayinlari","10":"pa_yazar-mark-twain","12":"first","13":"instock","14":"sale","15":"shipping-taxable","16":"purchasable","17":"product-type-simple"},"_links":{"self":[{"href":"https:\/\/roveyayinevi.com.tr\/index.php\/wp-json\/wp\/v2\/product\/738194","targetHints":{"allow":["GET"]}}],"collection":[{"href":"https:\/\/roveyayinevi.com.tr\/index.php\/wp-json\/wp\/v2\/product"}],"about":[{"href":"https:\/\/roveyayinevi.com.tr\/index.php\/wp-json\/wp\/v2\/types\/product"}],"wp:attachment":[{"href":"https:\/\/roveyayinevi.com.tr\/index.php\/wp-json\/wp\/v2\/media?parent=738194"}],"wp:term":[{"taxonomy":"product_brand","embeddable":true,"href":"https:\/\/roveyayinevi.com.tr\/index.php\/wp-json\/wp\/v2\/product_brand?post=738194"},{"taxonomy":"product_cat","embeddable":true,"href":"https:\/\/roveyayinevi.com.tr\/index.php\/wp-json\/wp\/v2\/product_cat?post=738194"},{"taxonomy":"product_tag","embeddable":true,"href":"https:\/\/roveyayinevi.com.tr\/index.php\/wp-json\/wp\/v2\/product_tag?post=738194"}],"curies":[{"name":"wp","href":"https:\/\/api.w.org\/{rel}","templated":true}]}}