{"id":738193,"date":"2025-08-27T23:44:26","date_gmt":"2025-08-27T20:44:26","guid":{"rendered":"https:\/\/roveyayinevi.com.tr\/index.php\/urun\/korkunc-bir-fal-rus-oykuleri\/"},"modified":"2026-04-16T02:47:56","modified_gmt":"2026-04-15T23:47:56","slug":"korkunc-bir-fal-rus-oykuleri","status":"publish","type":"product","link":"https:\/\/roveyayinevi.com.tr\/index.php\/urun\/korkunc-bir-fal-rus-oykuleri\/","title":{"rendered":"Korkun\u00e7 Bir Fal-Rus \u00d6yk\u00fcleri"},"content":{"rendered":"<p>Korkun\u00e7 Bir Fal, Rus edebiyat\u0131n\u0131n alt\u0131n y\u0131llar\u0131 olarak g\u00f6r\u00fclen 19. y\u00fczy\u0131lda ya\u015fam\u0131\u015f ve yaln\u0131zca ulusal de\u011fil, d\u00fcnya edebiyat\u0131na da \u00f6nemli eserler kazand\u0131rm\u0131\u015f alt\u0131 b\u00fcy\u00fck Rus yazar\u0131n, etkisi okuduktan sonra da s\u00fcren \u00e7arp\u0131c\u0131 \u00f6yk\u00fclerinden olu\u015fan bir derleme. Varl\u0131kl\u0131, yoksul; kalabal\u0131k, yaln\u0131z; soylu, s\u0131radan ve daha bir\u00e7ok farkl\u0131 \u00f6zellikten Rus insan\u0131n\u0131n ya\u015fam\u0131 \u00fczerinden y\u00fczy\u0131l\u0131n panoramas\u0131n\u0131n \u00e7izildi\u011fi bu derlemenin merak uyand\u0131ran \u00f6yk\u00fcleri yer yer \u00fcrpertiyor, yer yer g\u00fcld\u00fcr\u00fcyor; kimi zaman da g\u00fcn\u00fcm\u00fczde h\u00e2l\u00e2 kafalar\u0131 kurcalayan ya\u015fama dair sorular\u0131 hat\u0131rlat\u0131yor. Pu\u015fkin\u2019den Karamzin\u2019e, Rus edebiyat\u0131n\u0131n en de\u011ferli \u00f6yk\u00fc anlat\u0131c\u0131lar\u0131n\u0131n eserlerinin topland\u0131\u011f\u0131 Korkun\u00e7 Bir Fal, 19. y\u00fczy\u0131l Rusya\u2019s\u0131 ve edebiyat\u0131na, daha fazlas\u0131 i\u00e7in i\u015ftah kabartan bir ba\u015flang\u0131\u00e7 niteli\u011finde. <\/p>\n","protected":false},"excerpt":{"rendered":"<p>Korkun\u00e7 Bir Fal, Rus edebiyat\u0131n\u0131n alt\u0131n y\u0131llar\u0131 olarak g\u00f6r\u00fclen 19. y\u00fczy\u0131lda ya\u015fam\u0131\u015f ve yaln\u0131zca ulusal de\u011fil, d\u00fcnya edebiyat\u0131na da \u00f6nemli eserler kazand\u0131rm\u0131\u015f alt\u0131 b\u00fcy\u00fck Rus yazar\u0131n,<span class=\"excerpt-hellip\"> [\u2026]<\/span><\/p>\n","protected":false},"featured_media":0,"template":"","meta":{"_monsterinsights_skip_tracking":false,"_monsterinsights_sitenote_active":false,"_monsterinsights_sitenote_note":"","_monsterinsights_sitenote_category":0},"product_brand":[],"product_cat":[12291,12711],"product_tag":[],"class_list":{"0":"post-738193","1":"product","2":"type-product","3":"status-publish","5":"product_cat-edebiyat","6":"product_cat-roman-oyku","7":"pa_cilt-ciltsiz","8":"pa_tur-kitap","9":"pa_yayinevi-can-yayinlari","10":"pa_yazar-kolektif","12":"first","13":"instock","14":"sale","15":"shipping-taxable","16":"purchasable","17":"product-type-simple"},"_links":{"self":[{"href":"https:\/\/roveyayinevi.com.tr\/index.php\/wp-json\/wp\/v2\/product\/738193","targetHints":{"allow":["GET"]}}],"collection":[{"href":"https:\/\/roveyayinevi.com.tr\/index.php\/wp-json\/wp\/v2\/product"}],"about":[{"href":"https:\/\/roveyayinevi.com.tr\/index.php\/wp-json\/wp\/v2\/types\/product"}],"wp:attachment":[{"href":"https:\/\/roveyayinevi.com.tr\/index.php\/wp-json\/wp\/v2\/media?parent=738193"}],"wp:term":[{"taxonomy":"product_brand","embeddable":true,"href":"https:\/\/roveyayinevi.com.tr\/index.php\/wp-json\/wp\/v2\/product_brand?post=738193"},{"taxonomy":"product_cat","embeddable":true,"href":"https:\/\/roveyayinevi.com.tr\/index.php\/wp-json\/wp\/v2\/product_cat?post=738193"},{"taxonomy":"product_tag","embeddable":true,"href":"https:\/\/roveyayinevi.com.tr\/index.php\/wp-json\/wp\/v2\/product_tag?post=738193"}],"curies":[{"name":"wp","href":"https:\/\/api.w.org\/{rel}","templated":true}]}}