{"id":738192,"date":"2025-08-27T23:44:25","date_gmt":"2025-08-27T20:44:25","guid":{"rendered":"https:\/\/roveyayinevi.com.tr\/index.php\/urun\/captain-tsubasa-takim-ruhu\/"},"modified":"2026-04-13T02:55:45","modified_gmt":"2026-04-12T23:55:45","slug":"captain-tsubasa-takim-ruhu","status":"publish","type":"product","link":"https:\/\/roveyayinevi.com.tr\/index.php\/urun\/captain-tsubasa-takim-ruhu\/","title":{"rendered":"Captain Tsubasa &#8211; Tak\u0131m Ruhu"},"content":{"rendered":"<p>YETENEK, AZ\u0130M, S\u00dcREKL\u0130L\u0130K ve SAYGI: EFSANE OLMAK KOLAY DE\u011e\u0130L!   Nankatsu \u0130lkokulu\u2019nun \u015fampiyon y\u0131ld\u0131zlar\u0131, art\u0131k finaldeki rakipleriyle yan yana oynamak zorunda. \u00c7\u00fcnk\u00fc bu sefer iddia daha b\u00fcy\u00fck: Japonya \u015fampiyonlu\u011fu. Kasaban\u0131n en iyilerini bir araya getiren bu yeni tak\u0131m\u0131 Roberto y\u00f6netmese de Tsubasa\u2019n\u0131n futbol akl\u0131 t\u00fcm ekibe g\u00fcven verir.   \u015eampiyonada \u00fclkenin d\u00f6rt bir yan\u0131ndan gelen, \u00e7ok farkl\u0131 becerilere sahip gen\u00e7 futbolcular tan\u0131\u015f\u0131p kayna\u015f\u0131r. Meiva tak\u0131m\u0131n\u0131 buraya tek ba\u015f\u0131na getiren Kojiro Hyuga ise bu oyuna di\u011ferlerinden \u00e7ok farkl\u0131, \u00e7ok karanl\u0131k bir g\u00f6zle bakar: Zafer yolunda hi\u00e7bir \u015feye sayg\u0131s\u0131 yoktur.   Nankatsu\u2019nun en b\u00fcy\u00fck y\u0131ld\u0131zlar\u0131ndan biri sakat oldu\u011fu i\u00e7in ilk ma\u00e7larda g\u00f6rev yapamasa da t\u00fcm tak\u0131m onun i\u00e7in oynar. Turnuvadan sonra tak\u0131mdan ayr\u0131lacak bir di\u011fer y\u0131ld\u0131z da zaferin anahtar\u0131n\u0131 onlara tekrar hat\u0131rlat\u0131r: Tak\u0131m ruhu.<\/p>\n","protected":false},"excerpt":{"rendered":"<p>YETENEK, AZ\u0130M, S\u00dcREKL\u0130L\u0130K ve SAYGI: EFSANE OLMAK KOLAY DE\u011e\u0130L! Nankatsu \u0130lkokulu\u2019nun \u015fampiyon y\u0131ld\u0131zlar\u0131, art\u0131k finaldeki rakipleriyle yan yana oynamak zorunda. \u00c7\u00fcnk\u00fc bu sefer iddia daha b\u00fcy\u00fck:<span class=\"excerpt-hellip\"> [\u2026]<\/span><\/p>\n","protected":false},"featured_media":0,"template":"","meta":{"_monsterinsights_skip_tracking":false,"_monsterinsights_sitenote_active":false,"_monsterinsights_sitenote_note":"","_monsterinsights_sitenote_category":0},"product_brand":[],"product_cat":[12274,12284],"product_tag":[],"class_list":{"0":"post-738192","1":"product","2":"type-product","3":"status-publish","5":"product_cat-cocuk-ve-genclik-kitaplari","6":"product_cat-hikayeler","7":"pa_cilt-ciltsiz","8":"pa_tur-kitap","9":"pa_yayinevi-epsilon-yayinlari","10":"pa_yazar-yoici-takahasi","12":"first","13":"instock","14":"sale","15":"shipping-taxable","16":"purchasable","17":"product-type-simple"},"_links":{"self":[{"href":"https:\/\/roveyayinevi.com.tr\/index.php\/wp-json\/wp\/v2\/product\/738192","targetHints":{"allow":["GET"]}}],"collection":[{"href":"https:\/\/roveyayinevi.com.tr\/index.php\/wp-json\/wp\/v2\/product"}],"about":[{"href":"https:\/\/roveyayinevi.com.tr\/index.php\/wp-json\/wp\/v2\/types\/product"}],"wp:attachment":[{"href":"https:\/\/roveyayinevi.com.tr\/index.php\/wp-json\/wp\/v2\/media?parent=738192"}],"wp:term":[{"taxonomy":"product_brand","embeddable":true,"href":"https:\/\/roveyayinevi.com.tr\/index.php\/wp-json\/wp\/v2\/product_brand?post=738192"},{"taxonomy":"product_cat","embeddable":true,"href":"https:\/\/roveyayinevi.com.tr\/index.php\/wp-json\/wp\/v2\/product_cat?post=738192"},{"taxonomy":"product_tag","embeddable":true,"href":"https:\/\/roveyayinevi.com.tr\/index.php\/wp-json\/wp\/v2\/product_tag?post=738192"}],"curies":[{"name":"wp","href":"https:\/\/api.w.org\/{rel}","templated":true}]}}