{"id":738191,"date":"2025-08-27T23:44:23","date_gmt":"2025-08-27T20:44:23","guid":{"rendered":"https:\/\/roveyayinevi.com.tr\/index.php\/urun\/cantali-boyama-2\/"},"modified":"2026-04-16T02:47:55","modified_gmt":"2026-04-15T23:47:55","slug":"cantali-boyama-2","status":"publish","type":"product","link":"https:\/\/roveyayinevi.com.tr\/index.php\/urun\/cantali-boyama-2\/","title":{"rendered":"\u00c7antal\u0131 Boyama 2"},"content":{"rendered":"<p>\u00c7antal\u0131 Boyama kitab\u0131yla boyama yapmak hem \u00f6\u011fretici hem de \u00e7ok e\u011flenceli.\u00c7anta \u015feklinde \u00f6zel tasar\u0131m\u0131 sayesinde ta\u015f\u0131mas\u0131 \u00e7ocuklara ayr\u0131ca bir e\u011flence kayna\u011f\u0131 olacak\u2026<\/p>\n","protected":false},"excerpt":{"rendered":"<p>\u00c7antal\u0131 Boyama kitab\u0131yla boyama yapmak hem \u00f6\u011fretici hem de \u00e7ok e\u011flenceli.\u00c7anta \u015feklinde \u00f6zel tasar\u0131m\u0131 sayesinde ta\u015f\u0131mas\u0131 \u00e7ocuklara ayr\u0131ca bir e\u011flence kayna\u011f\u0131 olacak\u2026<\/p>\n","protected":false},"featured_media":0,"template":"","meta":{"_monsterinsights_skip_tracking":false,"_monsterinsights_sitenote_active":false,"_monsterinsights_sitenote_note":"","_monsterinsights_sitenote_category":0},"product_brand":[],"product_cat":[12644,12274],"product_tag":[],"class_list":{"0":"post-738191","1":"product","2":"type-product","3":"status-publish","5":"product_cat-boyama-kitaplari","6":"product_cat-cocuk-ve-genclik-kitaplari","7":"pa_cilt-ciltsiz","8":"pa_tur-kitap","9":"pa_yayinevi-mekika-yayinevi","10":"pa_yazar-mekika-yayinevi-kolektif","12":"first","13":"instock","14":"sale","15":"shipping-taxable","16":"purchasable","17":"product-type-simple"},"_links":{"self":[{"href":"https:\/\/roveyayinevi.com.tr\/index.php\/wp-json\/wp\/v2\/product\/738191","targetHints":{"allow":["GET"]}}],"collection":[{"href":"https:\/\/roveyayinevi.com.tr\/index.php\/wp-json\/wp\/v2\/product"}],"about":[{"href":"https:\/\/roveyayinevi.com.tr\/index.php\/wp-json\/wp\/v2\/types\/product"}],"wp:attachment":[{"href":"https:\/\/roveyayinevi.com.tr\/index.php\/wp-json\/wp\/v2\/media?parent=738191"}],"wp:term":[{"taxonomy":"product_brand","embeddable":true,"href":"https:\/\/roveyayinevi.com.tr\/index.php\/wp-json\/wp\/v2\/product_brand?post=738191"},{"taxonomy":"product_cat","embeddable":true,"href":"https:\/\/roveyayinevi.com.tr\/index.php\/wp-json\/wp\/v2\/product_cat?post=738191"},{"taxonomy":"product_tag","embeddable":true,"href":"https:\/\/roveyayinevi.com.tr\/index.php\/wp-json\/wp\/v2\/product_tag?post=738191"}],"curies":[{"name":"wp","href":"https:\/\/api.w.org\/{rel}","templated":true}]}}