{"id":738189,"date":"2025-08-27T23:44:20","date_gmt":"2025-08-27T20:44:20","guid":{"rendered":"https:\/\/roveyayinevi.com.tr\/index.php\/urun\/andre-gide-gunluk-1887-1925-1-cilt\/"},"modified":"2026-04-07T02:54:51","modified_gmt":"2026-04-06T23:54:51","slug":"andre-gide-gunluk-1887-1925-1-cilt","status":"publish","type":"product","link":"https:\/\/roveyayinevi.com.tr\/index.php\/urun\/andre-gide-gunluk-1887-1925-1-cilt\/","title":{"rendered":"Andre Gide G\u00fcnl\u00fck (1887 &#8211; 1925) 1.Cilt"},"content":{"rendered":"<p>Frans\u0131z edebiyat\u0131n\u0131n usta kalemi Andr\u00e9 Gide\u2019in kurmaca yap\u0131tlar\u0131n\u0131n \u00f6n\u00fcne ge\u00e7en devasa eseri, neredeyse 60 seneye yay\u0131lan bir yazma eyleminin \u00fcr\u00fcn\u00fc olan \u201cG\u00fcnl\u00fckler\u201dnin ilk cildi, ilk kez eksiksiz olarak T\u00fcrk\u00e7ede\u2026   \u015eimdi \u00fc\u00e7 ayl\u0131k kurakl\u0131ktan sonra f\u0131rt\u0131na. Ya\u011fmuru bir g\u00f6steri gibi izlemek i\u00e7in eve d\u00f6nd\u00fcm. G\u00f6rd\u00fc\u011f\u00fcm \u015feyi betimlemeyi sevmiyorum art\u0131k; i\u015fin tad\u0131n\u0131 ka\u00e7\u0131r\u0131yor. Yaln\u0131zca bakmay\u0131 daha \u00e7ok seviyor, b\u00f6ylece hi\u00e7bir \u015feyi ka\u00e7\u0131rmad\u0131\u011f\u0131m\u0131, her g\u00f6r\u00fcnt\u00fcn\u00fcn ona gereksinim duydu\u011fum anda yeniden ortaya \u00e7\u0131kaca\u011f\u0131n\u0131 biliyorum. Bunun tad\u0131n\u0131 daha da \u00e7ok \u00e7\u0131karmak isterdim. K\u0131sa s\u00fcre i\u00e7inde, farkl\u0131 farkl\u0131 ya\u015fam bi\u00e7imlerini tan\u0131mak, her birinde bir ba\u015fkas\u0131n\u0131n \u00f6zlemiyle kabaran kayg\u0131y\u0131 bulmak istiyorum.   \u201cDar Kap\u0131\u201ddan i\u00e7eri girin, \u201cPastoral Senfoni\u201dnin ezgilerini dinleyin, \u201cD\u00fcnya Nimetleri\u201dnden yararlan\u0131n, \u201cKalpazanlar\u201d\u0131n masas\u0131na oturun; G\u00fcnl\u00fck\u2019\u00fc okuyun&#8230;   2 dk i\u00e7inde \u201cKendini en iyi incelemi\u015f olan adam. Bunun i\u00e7in de en \u00f6nemli eseri, bence Journal\u2019i, g\u00fcncesidir.\u201d -Nurullah Ata\u00e7 <\/p>\n","protected":false},"excerpt":{"rendered":"<p>Frans\u0131z edebiyat\u0131n\u0131n usta kalemi Andr\u00e9 Gide\u2019in kurmaca yap\u0131tlar\u0131n\u0131n \u00f6n\u00fcne ge\u00e7en devasa eseri, neredeyse 60 seneye yay\u0131lan bir yazma eyleminin \u00fcr\u00fcn\u00fc olan \u201cG\u00fcnl\u00fckler\u201dnin ilk cildi, ilk kez<span class=\"excerpt-hellip\"> [\u2026]<\/span><\/p>\n","protected":false},"featured_media":0,"template":"","meta":{"_monsterinsights_skip_tracking":false,"_monsterinsights_sitenote_active":false,"_monsterinsights_sitenote_note":"","_monsterinsights_sitenote_category":0},"product_brand":[],"product_cat":[13701,12291],"product_tag":[],"class_list":{"0":"post-738189","1":"product","2":"type-product","3":"status-publish","5":"product_cat-ani-mektup-gunluk","6":"product_cat-edebiyat","7":"pa_cilt-ciltsiz","8":"pa_tur-kitap","9":"pa_yayinevi-yapi-kredi-yayinlari","10":"pa_yazar-andre-gide","12":"first","13":"instock","14":"sale","15":"shipping-taxable","16":"purchasable","17":"product-type-simple"},"_links":{"self":[{"href":"https:\/\/roveyayinevi.com.tr\/index.php\/wp-json\/wp\/v2\/product\/738189","targetHints":{"allow":["GET"]}}],"collection":[{"href":"https:\/\/roveyayinevi.com.tr\/index.php\/wp-json\/wp\/v2\/product"}],"about":[{"href":"https:\/\/roveyayinevi.com.tr\/index.php\/wp-json\/wp\/v2\/types\/product"}],"wp:attachment":[{"href":"https:\/\/roveyayinevi.com.tr\/index.php\/wp-json\/wp\/v2\/media?parent=738189"}],"wp:term":[{"taxonomy":"product_brand","embeddable":true,"href":"https:\/\/roveyayinevi.com.tr\/index.php\/wp-json\/wp\/v2\/product_brand?post=738189"},{"taxonomy":"product_cat","embeddable":true,"href":"https:\/\/roveyayinevi.com.tr\/index.php\/wp-json\/wp\/v2\/product_cat?post=738189"},{"taxonomy":"product_tag","embeddable":true,"href":"https:\/\/roveyayinevi.com.tr\/index.php\/wp-json\/wp\/v2\/product_tag?post=738189"}],"curies":[{"name":"wp","href":"https:\/\/api.w.org\/{rel}","templated":true}]}}