{"id":738185,"date":"2025-08-27T23:44:16","date_gmt":"2025-08-27T20:44:16","guid":{"rendered":"https:\/\/roveyayinevi.com.tr\/index.php\/urun\/80li-yillarda-turkiye-sazli-cazli-sozluk-yaprak-doker-bir-yanimiz\/"},"modified":"2026-04-16T02:47:55","modified_gmt":"2026-04-15T23:47:55","slug":"80li-yillarda-turkiye-sazli-cazli-sozluk-yaprak-doker-bir-yanimiz","status":"publish","type":"product","link":"https:\/\/roveyayinevi.com.tr\/index.php\/urun\/80li-yillarda-turkiye-sazli-cazli-sozluk-yaprak-doker-bir-yanimiz\/","title":{"rendered":"80\u2019li Y\u0131llarda T\u00fcrkiye- Sazl\u0131 Cazl\u0131 S\u00f6zl\u00fck \u2013 Yaprak D\u00f6ker Bir Yan\u0131m\u0131z"},"content":{"rendered":"<p>80\u2019li Y\u0131llarda T\u00fcrkiye: Sazl\u0131 Cazl\u0131 S\u00f6zl\u00fck \u2013 \u201cYaprak D\u00f6ker Bir Yan\u0131m\u0131z\u201d Yap\u0131 Kredi Yay\u0131nlar\u0131, Derya Bengi\u2019nin haz\u0131rlad\u0131\u011f\u0131 d\u00f6nem kitaplar\u0131na devam ediyor. Daha \u00f6nce yay\u0131mlanan 50\u2019li, 60\u2019l\u0131 ve 70\u2019li y\u0131llar s\u00f6zl\u00fcklerinden sonra bu y\u0131l da tatl\u0131s\u0131yla, ac\u0131s\u0131yla 80\u2019ler T\u00fcrkiyesi\u2019ni anlatan \u201cYaprak d\u00f6ker bir yan\u0131m\u0131z\u201d \u00e7\u0131kt\u0131. \u201c\u201cYaprak d\u00f6ker bir yan\u0131m\u0131z\u201d \u2013 80\u2019li Y\u0131llarda T\u00fcrkiye: Sazl\u0131 Cazl\u0131 S\u00f6zl\u00fck\u201d kitab\u0131, A\u2019dan Z\u2019ye 1980\u2019li y\u0131llar\u0131n T\u00fcrkiyesi\u2019nin ritmiyle \u015fark\u0131lar, t\u00fcrk\u00fcler m\u0131r\u0131ldan\u0131yor. M\u00fczikten yola \u00e7\u0131karak, siyasi ve k\u00fclt\u00fcrel boyutlar\u0131yla bu ilgin\u00e7 d\u00f6nemin labirentlerinde geziniyor, an\u0131lar ve anekdotlar derliyor. O g\u00fcnlerin bak\u0131\u015f\u0131na, mizac\u0131na, lisan\u0131na, sesine sad\u0131k kalmaya, renklerini yans\u0131tmaya, ser\u00fcvenine ortak olmaya \u00e7al\u0131\u015f\u0131yor. T\u00fcrkiye\u2019nin her bak\u0131mdan belki de en s\u00fcratli, f\u0131rt\u0131nal\u0131 y\u0131llar\u0131n\u0131 g\u00f6zler \u00f6n\u00fcne seriyor. 1980\u2019li y\u0131llar, o d\u00f6nemin gazete, dergi, kitap, plak, kaset, televizyon yay\u0131nlar\u0131n\u0131n rehberli\u011finde dile geliyor. Derya Bengi\u2019nin haz\u0131rlad\u0131\u011f\u0131 kitab\u0131n \u201cSazl\u0131 Cazl\u0131 S\u00f6zl\u00fck\u201d olmas\u0131n\u0131n nedeni, d\u00f6nemin m\u00fczikleri \u00fczerinden sosyal hayat\u0131 ele almas\u0131. Ac\u0131s\u0131z Arabesk\u2019ten Z\u00fc\u011f\u00fcrt A\u011fa\u2019ya, Ahmet Kaya\u2019dan M\u00fcjde Ar\u2019a, Madonna\u2019dan Michael Jackson\u2019a, Mazhar Fuat \u00d6zkan\u2019dan Sezen Aksu\u2019ya pek \u00e7ok sanat\u00e7\u0131 ve eser kitab\u0131n ana malzemesini olu\u015fturuyor. \u00d6te yandan sosyal, siyasal, k\u00fclt\u00fcrel geli\u015fmeleri de bu kitapta, hem de en renkli y\u00f6nleriyle okumak m\u00fcmk\u00fcn: Bob Dylan, Joan Baez ve Miles Davis konserleri, video ve walkman \u00e7\u0131lg\u0131nl\u0131\u011f\u0131, nostalji salg\u0131n\u0131, breakdance, heavy metal, \u201cE.T.\u201d, \u201cThe Wall\u201d ve \u201cD\u00fcnyay\u0131 Kurtaran Adam\u201d filmleri, \u201cFiruze\u201d, \u201cMaskeli Balo\u201d ve \u201cMavi Mavi\u201d \u015fark\u0131lar\u0131, \u201cHisseli Harikalar Kumpanyas\u0131\u201d, \u201cEvita\u201d ve \u201c\u015eahlar\u0131 da Vururlar\u201d gibi sahne eserleri, Kenan Evren, Turgut \u00d6zal, demokrasiye ge\u00e7i\u015f d\u00f6neminin sanc\u0131lar\u0131\u2026 Derya Bengi, 80\u2019li y\u0131llar\u0131n \u00e7eli\u015fkilerle dolu alacal\u0131 bulacal\u0131 d\u00fcnyas\u0131na girebilmek i\u00e7in, Ahmet Kaya\u2019n\u0131n sesinden yank\u0131lanan Hasan H\u00fcseyin dizelerine bir kez daha kulak vermeyi \u00f6neriyor: \u201cYaprak d\u00f6ker bir yan\u0131m\u0131z \/ Bir yan\u0131m\u0131z bahar bah\u00e7e.\u201d <\/p>\n","protected":false},"excerpt":{"rendered":"<p>80\u2019li Y\u0131llarda T\u00fcrkiye: Sazl\u0131 Cazl\u0131 S\u00f6zl\u00fck \u2013 \u201cYaprak D\u00f6ker Bir Yan\u0131m\u0131z\u201d Yap\u0131 Kredi Yay\u0131nlar\u0131, Derya Bengi\u2019nin haz\u0131rlad\u0131\u011f\u0131 d\u00f6nem kitaplar\u0131na devam ediyor. Daha \u00f6nce yay\u0131mlanan 50\u2019li, 60\u2019l\u0131<span class=\"excerpt-hellip\"> [\u2026]<\/span><\/p>\n","protected":false},"featured_media":0,"template":"","meta":{"_monsterinsights_skip_tracking":false,"_monsterinsights_sitenote_active":false,"_monsterinsights_sitenote_note":"","_monsterinsights_sitenote_category":0},"product_brand":[],"product_cat":[14556,40131],"product_tag":[],"class_list":{"0":"post-738185","1":"product","2":"type-product","3":"status-publish","5":"product_cat-muzik","6":"product_cat-sanatcilar","7":"pa_cilt-ciltsiz","8":"pa_tur-kitap","9":"pa_yayinevi-yapi-kredi-yayinlari","10":"pa_yazar-derya-bengi","12":"first","13":"instock","14":"sale","15":"shipping-taxable","16":"purchasable","17":"product-type-simple"},"_links":{"self":[{"href":"https:\/\/roveyayinevi.com.tr\/index.php\/wp-json\/wp\/v2\/product\/738185","targetHints":{"allow":["GET"]}}],"collection":[{"href":"https:\/\/roveyayinevi.com.tr\/index.php\/wp-json\/wp\/v2\/product"}],"about":[{"href":"https:\/\/roveyayinevi.com.tr\/index.php\/wp-json\/wp\/v2\/types\/product"}],"wp:attachment":[{"href":"https:\/\/roveyayinevi.com.tr\/index.php\/wp-json\/wp\/v2\/media?parent=738185"}],"wp:term":[{"taxonomy":"product_brand","embeddable":true,"href":"https:\/\/roveyayinevi.com.tr\/index.php\/wp-json\/wp\/v2\/product_brand?post=738185"},{"taxonomy":"product_cat","embeddable":true,"href":"https:\/\/roveyayinevi.com.tr\/index.php\/wp-json\/wp\/v2\/product_cat?post=738185"},{"taxonomy":"product_tag","embeddable":true,"href":"https:\/\/roveyayinevi.com.tr\/index.php\/wp-json\/wp\/v2\/product_tag?post=738185"}],"curies":[{"name":"wp","href":"https:\/\/api.w.org\/{rel}","templated":true}]}}