{"id":738182,"date":"2025-08-27T23:44:13","date_gmt":"2025-08-27T20:44:13","guid":{"rendered":"https:\/\/roveyayinevi.com.tr\/index.php\/urun\/ailenin-tarihi\/"},"modified":"2026-04-16T02:47:55","modified_gmt":"2026-04-15T23:47:55","slug":"ailenin-tarihi","status":"publish","type":"product","link":"https:\/\/roveyayinevi.com.tr\/index.php\/urun\/ailenin-tarihi\/","title":{"rendered":"Ailenin Tarihi"},"content":{"rendered":"<p>Aile, insanl\u0131k tarihi boyunca var olagelmi\u015f bir kavramd\u0131r fakat bu yap\u0131 tarihsel s\u00fcre\u00e7 i\u00e7erisinde \u00e7ok\u00e7a de\u011fi\u015fikli\u011fe u\u011fram\u0131\u015ft\u0131r. Aile, tarihsel bir kurumdur ancak do\u011fal bir durum de\u011fildir. Bir yandan bir tarihe sahip olan aileler, bir yandan da tarihi yazmaktad\u0131r. Elinizdeki kitap, ailenin binlerce y\u0131ll\u0131k tarihine ana hatlar\u0131yla \u0131\u015f\u0131k tutmay\u0131 hedeflerken, bu kurumu merkeze ald\u0131\u011f\u0131m\u0131zda d\u00fcnya tarihinin nas\u0131l g\u00f6r\u00fcnd\u00fc\u011f\u00fcne ili\u015fkin bir bak\u0131\u015f a\u00e7\u0131s\u0131 sunmay\u0131 ama\u00e7lamaktad\u0131r. Aile -kendi ger\u00e7ekli\u011fimiz de i\u00e7inde olmak \u00fczere- \u201cdo\u011fal\u201d de\u011fildir, tarihsel ve toplumsal bir ba\u011flam i\u00e7erisinde in\u015fa edilmi\u015ftir. Ailenin nas\u0131l bir d\u00fczen i\u00e7inde i\u015fledi\u011fi, zaman i\u00e7inde nas\u0131l de\u011fi\u015fti\u011fi, benzerlikleri ve farkl\u0131l\u0131klar\u0131 \u00e7al\u0131\u015fman\u0131n ele ald\u0131\u011f\u0131 ba\u015fl\u0131ca konular aras\u0131nda yer almaktad\u0131r. Bu kitap, \u00f6zellikle aileye odaklanarak, bununla daha derin bir tarihi, insan olman\u0131n ne anlama geldi\u011fini, insan\u0131n ge\u00e7mi\u015fine ve bug\u00fcn\u00fcne dair yeni bak\u0131\u015f a\u00e7\u0131lar\u0131 ve anlay\u0131\u015flar\u0131n d\u00fcnya tarihinin geni\u015f zamansal \u00e7er\u00e7evesi i\u00e7inde nas\u0131l g\u00fcn \u0131\u015f\u0131\u011f\u0131na \u00e7\u0131kt\u0131\u011f\u0131n\u0131 anlatmaktad\u0131r.Yazar \u00d6zge\u00e7mi\u015fi Mary Jo Maynes Minnesota \u00dcniversitesi&#8217;nde tarih profes\u00f6r\u00fcd\u00fcr. Son kitaplar\u0131 aras\u0131nda Telling Stories: The Use of Personal Narratives in the Social Sciences ve History and Secret Gardens, Satanic Mills: Placing Girls in European History bulunmaktad\u0131r. Ann Waltner Minnesota \u00dcniversitesi&#8217;nde tarih profes\u00f6r\u00fc ve \u0130leri Ara\u015ft\u0131rmalar Enstit\u00fcs\u00fc&#8217;n\u00fcn direkt\u00f6r\u00fcd\u00fcr. Journal of Asian Studies&#8217;in eski edit\u00f6rlerinden ve Get an Heir: Adoption and the Construction of Kinship in Late Imperial China kitab\u0131n\u0131n yazar\u0131d\u0131r.<\/p>\n","protected":false},"excerpt":{"rendered":"<p>Aile, insanl\u0131k tarihi boyunca var olagelmi\u015f bir kavramd\u0131r fakat bu yap\u0131 tarihsel s\u00fcre\u00e7 i\u00e7erisinde \u00e7ok\u00e7a de\u011fi\u015fikli\u011fe u\u011fram\u0131\u015ft\u0131r. Aile, tarihsel bir kurumdur ancak do\u011fal bir durum de\u011fildir.<span class=\"excerpt-hellip\"> [\u2026]<\/span><\/p>\n","protected":false},"featured_media":0,"template":"","meta":{"_monsterinsights_skip_tracking":false,"_monsterinsights_sitenote_active":false,"_monsterinsights_sitenote_note":"","_monsterinsights_sitenote_category":0},"product_brand":[],"product_cat":[12312,12304],"product_tag":[],"class_list":{"0":"post-738182","1":"product","2":"type-product","3":"status-publish","5":"product_cat-diger","6":"product_cat-tarih","7":"pa_cilt-ciltsiz","8":"pa_tur-kitap","9":"pa_yayinevi-inkilap-kitabevi","10":"pa_yazar-mary-jo-maynes-ann-waltner","12":"first","13":"instock","14":"sale","15":"shipping-taxable","16":"purchasable","17":"product-type-simple"},"_links":{"self":[{"href":"https:\/\/roveyayinevi.com.tr\/index.php\/wp-json\/wp\/v2\/product\/738182","targetHints":{"allow":["GET"]}}],"collection":[{"href":"https:\/\/roveyayinevi.com.tr\/index.php\/wp-json\/wp\/v2\/product"}],"about":[{"href":"https:\/\/roveyayinevi.com.tr\/index.php\/wp-json\/wp\/v2\/types\/product"}],"wp:attachment":[{"href":"https:\/\/roveyayinevi.com.tr\/index.php\/wp-json\/wp\/v2\/media?parent=738182"}],"wp:term":[{"taxonomy":"product_brand","embeddable":true,"href":"https:\/\/roveyayinevi.com.tr\/index.php\/wp-json\/wp\/v2\/product_brand?post=738182"},{"taxonomy":"product_cat","embeddable":true,"href":"https:\/\/roveyayinevi.com.tr\/index.php\/wp-json\/wp\/v2\/product_cat?post=738182"},{"taxonomy":"product_tag","embeddable":true,"href":"https:\/\/roveyayinevi.com.tr\/index.php\/wp-json\/wp\/v2\/product_tag?post=738182"}],"curies":[{"name":"wp","href":"https:\/\/api.w.org\/{rel}","templated":true}]}}