{"id":738181,"date":"2025-08-27T23:44:12","date_gmt":"2025-08-27T20:44:12","guid":{"rendered":"https:\/\/roveyayinevi.com.tr\/index.php\/urun\/teknoloji-tarihi\/"},"modified":"2026-04-16T02:47:55","modified_gmt":"2026-04-15T23:47:55","slug":"teknoloji-tarihi","status":"publish","type":"product","link":"https:\/\/roveyayinevi.com.tr\/index.php\/urun\/teknoloji-tarihi\/","title":{"rendered":"Teknoloji Tarihi"},"content":{"rendered":"<p>Teknolojinin Tarihi i\u00e7inde bulundu\u011fumuz ana dair ayd\u0131nlat\u0131c\u0131 bir arka plan sunar. Tarih\u00e7i Daniel R. Headrick giderek daha g\u00fc\u00e7l\u00fc yenilikler yoluyla insanlar\u0131n do\u011fa \u00fczerindeki artan g\u00fcc\u00fcn\u00fcn izini s\u00fcrerken, d\u00fcnyan\u0131n farkl\u0131 yerlerindeki teknolojilerin evrimini kar\u015f\u0131la\u015ft\u0131rarak di\u011fer teknoloji tarihlerinde bulunandan \u00e7ok daha geni\u015f bir a\u00e7\u0131klama sa\u011flar. Eski halklar ate\u015fin hayatta kalma teknolojisi olarak kullan\u0131ld\u0131\u011f\u0131n\u0131 ke\u015ffettiler, ancak sonra sulama i\u00e7in ve daha sonra da hidroelektrik enerji ve di\u011fer bir\u00e7ok kullan\u0131m i\u00e7in giderek daha karma\u015f\u0131k su y\u00f6netimi sistemleri tasarlad\u0131lar. \u0130leti\u015fim teknolojisi kendi zaman\u0131m\u0131za yakla\u015ft\u0131k\u00e7a insanlar\u0131 daha fazla temasa soktu ve onlar\u0131 daha bilgili ve kozmopolit yapt\u0131. T\u0131bbi ve tar\u0131msal teknoloji, \u00f6zellikle modern \u00e7a\u011fda ya\u015fam beklentisini art\u0131rd\u0131; yapay organlar \u00f6lmekte olanlar\u0131n yerini alabilir, kimyasal ve n\u00fckleer ila\u00e7lar kanser gibi hastal\u0131klar\u0131n yay\u0131lmas\u0131n\u0131 durdurabilir. Eski halklar teknolojiyi hayatta kalabilmek i\u00e7in kullan\u0131rken, zaman ge\u00e7tik\u00e7e teknolojinin kullan\u0131m alanlar\u0131 ve etkileri de de\u011fi\u015fti. Teknoloji ba\u015f d\u00f6nd\u00fcr\u00fcc\u00fc bir ilerlemeyle zenginlik-yoksulluk e\u015fitsizliklerinin artmas\u0131na ve \u00e7evreye y\u00f6nelik tehditlere neden oldu. Ele\u015ftirmenler teknolojiyi kirlilik ve do\u011fal d\u00fcnya \u00fczerindeki di\u011fer y\u0131k\u0131c\u0131 etkilerle de ba\u011fda\u015ft\u0131rd\u0131. D\u00fcnyan\u0131n sakinleri i\u00e7in artan kolayl\u0131k sa\u011flama yetene\u011finin t\u00fcm\u00fc i\u00e7in, teknolojinin dezavantajlar\u0131 durumu, evrensel insan\u0131n icat etme kapasitesinin \u00fcretti\u011fi gerilimleri g\u00f6steren g\u00fc\u00e7l\u00fc bir durumdur. Chicago\u2019daki Roosevelt University\u2019de Sosyal Bilimler ve Tarih Fahri Profes\u00f6r\u00fcd\u00fcr. Ayr\u0131ca Hawaii Pacific University ve Tuskegee Enstit\u00fcs\u00fc\u2019nde ders verdi. Lisans\u0131n\u0131 Swarthmore College\u2019da, y\u00fcksek lisans\u0131n\u0131 Johns Hopkins \u00dcniversitesi\u2019nde uluslararas\u0131 ili\u015fkiler alan\u0131nda ve doktoras\u0131n\u0131 Princeton \u00dcniversitesi\u2019nde tarih alan\u0131nda tamamlad\u0131. 1998\u2019de Alfred P. Sloan Vakf\u0131 Bursu ve 1994-1995\u2019te John Simon Guggenheim Memorial Bursu ald\u0131. D\u00fcnya tarihi \u00fczerine yazd\u0131\u011f\u0131 \u00e7ok say\u0131da kitab\u0131 vard\u0131r; When Information Came of Age, The Invisible Weapon, The Tentacles of Progress ve The Tools of Empire. \u0130lgi alanlar\u0131 aras\u0131nda bilgi sistemleri tarihi, teknoloji tarihi, \u00e7evre tarihi ve uluslararas\u0131 ili\u015fkiler yer almaktad\u0131r..<\/p>\n","protected":false},"excerpt":{"rendered":"<p>Teknolojinin Tarihi i\u00e7inde bulundu\u011fumuz ana dair ayd\u0131nlat\u0131c\u0131 bir arka plan sunar. Tarih\u00e7i Daniel R. Headrick giderek daha g\u00fc\u00e7l\u00fc yenilikler yoluyla insanlar\u0131n do\u011fa \u00fczerindeki artan g\u00fcc\u00fcn\u00fcn izini<span class=\"excerpt-hellip\"> [\u2026]<\/span><\/p>\n","protected":false},"featured_media":0,"template":"","meta":{"_monsterinsights_skip_tracking":false,"_monsterinsights_sitenote_active":false,"_monsterinsights_sitenote_note":"","_monsterinsights_sitenote_category":0},"product_brand":[],"product_cat":[12312,12304],"product_tag":[],"class_list":{"0":"post-738181","1":"product","2":"type-product","3":"status-publish","5":"product_cat-diger","6":"product_cat-tarih","7":"pa_cilt-ciltsiz","8":"pa_tur-kitap","9":"pa_yayinevi-inkilap-kitabevi","10":"pa_yazar-daniel-r-headrick","12":"first","13":"instock","14":"sale","15":"shipping-taxable","16":"purchasable","17":"product-type-simple"},"_links":{"self":[{"href":"https:\/\/roveyayinevi.com.tr\/index.php\/wp-json\/wp\/v2\/product\/738181","targetHints":{"allow":["GET"]}}],"collection":[{"href":"https:\/\/roveyayinevi.com.tr\/index.php\/wp-json\/wp\/v2\/product"}],"about":[{"href":"https:\/\/roveyayinevi.com.tr\/index.php\/wp-json\/wp\/v2\/types\/product"}],"wp:attachment":[{"href":"https:\/\/roveyayinevi.com.tr\/index.php\/wp-json\/wp\/v2\/media?parent=738181"}],"wp:term":[{"taxonomy":"product_brand","embeddable":true,"href":"https:\/\/roveyayinevi.com.tr\/index.php\/wp-json\/wp\/v2\/product_brand?post=738181"},{"taxonomy":"product_cat","embeddable":true,"href":"https:\/\/roveyayinevi.com.tr\/index.php\/wp-json\/wp\/v2\/product_cat?post=738181"},{"taxonomy":"product_tag","embeddable":true,"href":"https:\/\/roveyayinevi.com.tr\/index.php\/wp-json\/wp\/v2\/product_tag?post=738181"}],"curies":[{"name":"wp","href":"https:\/\/api.w.org\/{rel}","templated":true}]}}