{"id":738179,"date":"2025-08-27T23:44:09","date_gmt":"2025-08-27T20:44:09","guid":{"rendered":"https:\/\/roveyayinevi.com.tr\/index.php\/urun\/esrarengiz-benzerlik\/"},"modified":"2026-04-16T02:47:55","modified_gmt":"2026-04-15T23:47:55","slug":"esrarengiz-benzerlik","status":"publish","type":"product","link":"https:\/\/roveyayinevi.com.tr\/index.php\/urun\/esrarengiz-benzerlik\/","title":{"rendered":"Esrarengiz Benzerlik"},"content":{"rendered":"<p>T\u00fcrler aras\u0131 temaslar, \u00f6ng\u00f6r\u00fclemeyen bir a\u015fk ve insanl\u0131\u011f\u0131n sonunu getirecek bir vir\u00fcs\u00fcn y\u0131k\u0131c\u0131 etkisi\u2026 M\u00e9lanie Candan\u2019dan al\u0131\u015f\u0131lm\u0131\u015f\u0131n d\u0131\u015f\u0131nda bir bilimkurgu hik\u00e2yesi. \u0130nsanlarla birebir olarak ayn\u0131 g\u00f6r\u00fcn\u00fcme sahip uzayl\u0131lar, d\u00fcnyaya gelip temas kurdu\u011funda, s\u0131radan bir hayat s\u00fcren Lucie i\u00e7in i\u015fler giderek tuhafla\u015fmaya ba\u015flar. Bir yandan hayat\u0131ndaki garipliklere bir anlam bulmaya \u00e7al\u0131\u015fan Lucie, bir yandan da insan \u0131rk\u0131n\u0131n yok olma tehlikesiyle kar\u015f\u0131 kar\u015f\u0131ya oldu\u011fu ger\u00e7e\u011fiyle y\u00fczle\u015fecektir. \u201cLucie, ara\u015ft\u0131rma yaparken birka\u00e7 sene \u00f6nce yaz\u0131lm\u0131\u015f \u2018Esrarengiz Benzerlik\u2019 isimli bir makale buldu. Bu makale insanlarla ayn\u0131 g\u00f6r\u00fcn\u00fcme sahip uzayl\u0131lardan bahsediyordu. Fakat NASA bu makaleyi g\u00f6rmezden gelmi\u015fti. Bu makalede yazanlar kar\u015f\u0131la\u015ft\u0131\u011f\u0131 gen\u00e7 \u00e7ocu\u011fun g\u00f6r\u00fcn\u00fcm\u00fcne tam olarak uyuyordu. Bu da onu korkutmaya ba\u015flad\u0131! Makalenin bir k\u0131sm\u0131 \u015f\u00f6yle diyordu: \u2018Uzayl\u0131lar d\u00fcnyam\u0131z\u0131 yeni icatlar\u0131yla istila edecekler. Bu yeni icatlar\u0131 sayesinde insanlarla ayn\u0131 g\u00f6r\u00fcn\u00fcme sahip olabilecekler ama herhangi birinin de\u011fil! Var olan insanlar\u0131n g\u00f6r\u00fcn\u00fcm\u00fcne girecekler! Tabii ki kalpleri yok fakat kalp at\u0131\u015flar\u0131n\u0131n yerini tutan ba\u015fka bir \u015feyleri olacak ve bu y\u00fczden \u00f6l\u00fc bir insan gibi so\u011fuk olacaklar\u2026\u2019\u201dM\u00e9lanie Candan Hem Fransa hem de T\u00fcrkiye vatanda\u015f\u0131 olan M\u00e9lanie Candan, Fransa\u2019da do\u011fdu ve 18 ya\u015f\u0131na kadar T\u00fcrkiye\u2019de ya\u015fad\u0131. Paris School of Business\u2019ta Uluslararas\u0131 Ticaret okumak i\u00e7in tekrar gitti\u011fi Fransa\u2019da, Otelcilik ve Yemek mast\u0131r\u0131 ile y\u00fcksek\u00f6\u011frenimine devam ediyor. Esrarengiz Benzerlik yazar\u0131n ilk \u00f6yk\u00fc kitab\u0131d\u0131r.<\/p>\n","protected":false},"excerpt":{"rendered":"<p>T\u00fcrler aras\u0131 temaslar, \u00f6ng\u00f6r\u00fclemeyen bir a\u015fk ve insanl\u0131\u011f\u0131n sonunu getirecek bir vir\u00fcs\u00fcn y\u0131k\u0131c\u0131 etkisi\u2026 M\u00e9lanie Candan\u2019dan al\u0131\u015f\u0131lm\u0131\u015f\u0131n d\u0131\u015f\u0131nda bir bilimkurgu hik\u00e2yesi. \u0130nsanlarla birebir olarak ayn\u0131 g\u00f6r\u00fcn\u00fcme<span class=\"excerpt-hellip\"> [\u2026]<\/span><\/p>\n","protected":false},"featured_media":0,"template":"","meta":{"_monsterinsights_skip_tracking":false,"_monsterinsights_sitenote_active":false,"_monsterinsights_sitenote_note":"","_monsterinsights_sitenote_category":0},"product_brand":[],"product_cat":[12291,12711],"product_tag":[],"class_list":{"0":"post-738179","1":"product","2":"type-product","3":"status-publish","5":"product_cat-edebiyat","6":"product_cat-roman-oyku","7":"pa_cilt-ciltsiz","8":"pa_tur-kitap","9":"pa_yayinevi-inkilap-kitabevi","10":"pa_yazar-melanie-candan","12":"first","13":"instock","14":"sale","15":"shipping-taxable","16":"purchasable","17":"product-type-simple"},"_links":{"self":[{"href":"https:\/\/roveyayinevi.com.tr\/index.php\/wp-json\/wp\/v2\/product\/738179","targetHints":{"allow":["GET"]}}],"collection":[{"href":"https:\/\/roveyayinevi.com.tr\/index.php\/wp-json\/wp\/v2\/product"}],"about":[{"href":"https:\/\/roveyayinevi.com.tr\/index.php\/wp-json\/wp\/v2\/types\/product"}],"wp:attachment":[{"href":"https:\/\/roveyayinevi.com.tr\/index.php\/wp-json\/wp\/v2\/media?parent=738179"}],"wp:term":[{"taxonomy":"product_brand","embeddable":true,"href":"https:\/\/roveyayinevi.com.tr\/index.php\/wp-json\/wp\/v2\/product_brand?post=738179"},{"taxonomy":"product_cat","embeddable":true,"href":"https:\/\/roveyayinevi.com.tr\/index.php\/wp-json\/wp\/v2\/product_cat?post=738179"},{"taxonomy":"product_tag","embeddable":true,"href":"https:\/\/roveyayinevi.com.tr\/index.php\/wp-json\/wp\/v2\/product_tag?post=738179"}],"curies":[{"name":"wp","href":"https:\/\/api.w.org\/{rel}","templated":true}]}}