{"id":738178,"date":"2025-08-27T23:44:08","date_gmt":"2025-08-27T20:44:08","guid":{"rendered":"https:\/\/roveyayinevi.com.tr\/index.php\/urun\/iktisadi-ve-finansal-gelismelerin-teorik-yaklasimlarla-degerlendirilmesi\/"},"modified":"2026-04-16T02:47:55","modified_gmt":"2026-04-15T23:47:55","slug":"iktisadi-ve-finansal-gelismelerin-teorik-yaklasimlarla-degerlendirilmesi","status":"publish","type":"product","link":"https:\/\/roveyayinevi.com.tr\/index.php\/urun\/iktisadi-ve-finansal-gelismelerin-teorik-yaklasimlarla-degerlendirilmesi\/","title":{"rendered":"\u0130ktisadi ve Finansal Geli\u015fmelerin Teorik Yakla\u015f\u0131mlarla De\u011ferlendirilmesi"},"content":{"rendered":"<p>\u0130\u00e7indekiler   1.      T\u00fcrkiye\u2019de B\u00fct\u00e7e A\u00e7\u0131klar\u0131n\u0131n Tarihsel Geli\u015fimi \u00dczerine Bir De\u011ferlendirme 2.      T\u00fcrkiye\u2019de Yat\u0131r\u0131m Te\u015fviklerinin B\u00f6lgesel ve Sekt\u00f6rel A\u00e7\u0131dan \u0130ncelenmesi 3.      Ge\u00e7 End\u00fcstrile\u015fme S\u00fcrecinde Teknolojik Yetenek Birikimi: Tayvan Ar-Ge \u0130\u015fbirlikleri Modeli 4.      T\u00fcrkiye\u2019nin E-7 \u00dclkeleri ile D\u0131\u015f Ticaretinin Betimsel Bir Analizi 5.      T\u00fcrkiye\u2019nin \u0130\u015fg\u00fcc\u00fc Yap\u0131s\u0131n\u0131n D-8 \u00dclkeleri ile Kar\u015f\u0131la\u015ft\u0131r\u0131lmas\u0131 6.      T\u00fcrkiye Ekonomisi \u0130\u00e7in D\u00f6viz Kuru ile D\u0131\u015f Ticaret \u0130li\u015fkisinin De\u011ferlendirilmesi 7.      D\u00f6viz Kurlar\u0131 ile Turizm Endeksi Aras\u0131ndaki E\u015f-B\u00fct\u00fcnle\u015fme ve Nedensellik \u0130li\u015fkisinin Ampirik Analizi: Borsa \u0130stanbul\u2019dan Kan\u0131tlar 8.      End\u00fcstri Devrimleri Kapsam\u0131nda Lojistik Sekt\u00f6r\u00fcn\u00fcn Geli\u015fimi: Ak\u0131ll\u0131 Lojistik, Ye\u015fil Lojistik ve Lojistik K\u00f6yleri 9.      Merkez Bankac\u0131l\u0131\u011f\u0131 ve Merkez Bankalar\u0131n\u0131n Ba\u011f\u0131ms\u0131zl\u0131\u011f\u0131 10.  Geleneksel Olmayan Para Politikas\u0131 Ara\u00e7lar\u0131ndan Rezerv Opsiyon Mekanizmas\u0131 (ROM) ve Rezerv Opsiyon Katsay\u0131s\u0131na (ROK) Genel Bir Bak\u0131\u015f 11.      Sosyal Sermaye Teorisi Perspektifinden Kay\u0131t D\u0131\u015f\u0131 Ekonomi 12.      \u0130slami Finansta F\u0131khi Dan\u0131\u015fma Kurullar\u0131: Se\u00e7ilmi\u015f \u0130slam \u00dclkeleri \u00dczerine Bir \u0130nceleme 13.      Modern Finansman Tekni\u011fi Olarak Kitlesel Fonlama: Genel Kapsam\u0131, \u0130\u015fleyi\u015fi ve Ba\u015far\u0131 Kriterleri 4.      \u0130klim De\u011fi\u015fikli\u011finin Makro ve Mikro D\u00fczeyde Ekonomik Etkileri 15.      Blokzincir Kullan\u0131c\u0131lar\u0131n\u0131n Ak\u0131\u015f Teorisi Yakla\u015f\u0131m\u0131 ile De\u011ferlendirilmesi 16.      Ticari Kazan\u00e7larda Basit Usul\u00fcn Kald\u0131r\u0131lmas\u0131n\u0131n Vergi Sistemine Olas\u0131 Etkilerinin De\u011ferlendirilmesi 17.      Dijital Hizmet Vergisinin Uluslararas\u0131 Geli\u015fmeler Kapsam\u0131nda De\u011ferlendirilmesi 18.      Dijital Hizmet Vergisi \u00dczerine Bir \u0130nceleme <\/p>\n","protected":false},"excerpt":{"rendered":"<p>\u0130\u00e7indekiler 1. T\u00fcrkiye\u2019de B\u00fct\u00e7e A\u00e7\u0131klar\u0131n\u0131n Tarihsel Geli\u015fimi \u00dczerine Bir De\u011ferlendirme 2. T\u00fcrkiye\u2019de Yat\u0131r\u0131m Te\u015fviklerinin B\u00f6lgesel ve Sekt\u00f6rel A\u00e7\u0131dan \u0130ncelenmesi 3. Ge\u00e7 End\u00fcstrile\u015fme S\u00fcrecinde Teknolojik Yetenek Birikimi:<span class=\"excerpt-hellip\"> [\u2026]<\/span><\/p>\n","protected":false},"featured_media":0,"template":"","meta":{"_monsterinsights_skip_tracking":false,"_monsterinsights_sitenote_active":false,"_monsterinsights_sitenote_note":"","_monsterinsights_sitenote_category":0},"product_brand":[],"product_cat":[20333,13043],"product_tag":[],"class_list":{"0":"post-738178","1":"product","2":"type-product","3":"status-publish","5":"product_cat-diger-ekonomi","6":"product_cat-ekonomi","7":"pa_cilt-ciltsiz","8":"pa_tur-kitap","9":"pa_yayinevi-gazi-kitabevi","10":"pa_yazar-sahin-karabulut","12":"first","13":"instock","14":"sale","15":"shipping-taxable","16":"purchasable","17":"product-type-simple"},"_links":{"self":[{"href":"https:\/\/roveyayinevi.com.tr\/index.php\/wp-json\/wp\/v2\/product\/738178","targetHints":{"allow":["GET"]}}],"collection":[{"href":"https:\/\/roveyayinevi.com.tr\/index.php\/wp-json\/wp\/v2\/product"}],"about":[{"href":"https:\/\/roveyayinevi.com.tr\/index.php\/wp-json\/wp\/v2\/types\/product"}],"wp:attachment":[{"href":"https:\/\/roveyayinevi.com.tr\/index.php\/wp-json\/wp\/v2\/media?parent=738178"}],"wp:term":[{"taxonomy":"product_brand","embeddable":true,"href":"https:\/\/roveyayinevi.com.tr\/index.php\/wp-json\/wp\/v2\/product_brand?post=738178"},{"taxonomy":"product_cat","embeddable":true,"href":"https:\/\/roveyayinevi.com.tr\/index.php\/wp-json\/wp\/v2\/product_cat?post=738178"},{"taxonomy":"product_tag","embeddable":true,"href":"https:\/\/roveyayinevi.com.tr\/index.php\/wp-json\/wp\/v2\/product_tag?post=738178"}],"curies":[{"name":"wp","href":"https:\/\/api.w.org\/{rel}","templated":true}]}}