{"id":738177,"date":"2025-08-27T23:44:07","date_gmt":"2025-08-27T20:44:07","guid":{"rendered":"https:\/\/roveyayinevi.com.tr\/index.php\/urun\/ampirik-yontemlerle-iktisadi-ve-finansal-cozumlemeler\/"},"modified":"2026-04-16T02:47:55","modified_gmt":"2026-04-15T23:47:55","slug":"ampirik-yontemlerle-iktisadi-ve-finansal-cozumlemeler","status":"publish","type":"product","link":"https:\/\/roveyayinevi.com.tr\/index.php\/urun\/ampirik-yontemlerle-iktisadi-ve-finansal-cozumlemeler\/","title":{"rendered":"Ampirik Y\u00f6ntemlerle \u0130ktisadi ve Finansal \u00c7\u00f6z\u00fcmlemeler"},"content":{"rendered":"<p>\u0130\u00e7indekiler   \u00b7         Demand Regime of Turkish Economy \u00b7         T\u00fcrkiye&#8217;de Finansalla\u015fma ve Do\u011fal Kaynak Bollu\u011fu Aras\u0131ndaki \u0130li\u015fki \u00b7         Do\u011frudan Yabanc\u0131 Yat\u0131r\u0131mlar ve CO2 Emisyonu \u0130li\u015fkisinin Frekans Analizi ile Modellenmesi: T\u00fcrkiye \u00dczerine Ampirik Bulgular \u00b7         T\u00fcrkiye\u2019de Net Hata Noksan Hesab\u0131n\u0131 Etkileyen Unsurlar \u00b7         T\u00fcrkiye\u2019de D\u00f6viz Kuru, Faiz ve Para \u0130kamesi \u0130li\u015fkisi \u00b7         Finansal \u0130stikrars\u0131zl\u0131\u011f\u0131n Tekstil ve Haz\u0131r Giyim Sekt\u00f6r\u00fcn\u00fcn Rekabet G\u00fcc\u00fc \u00dczerindeki Etkisi: BRICS \u00dclkeleri ve T\u00fcrkiye \u00d6rne\u011fi \u00b7         T\u00fcrkiye\u2019de Enflasyonun Belirleyici Etkenleri ile \u0130lgili Ekonometrik Bir Analiz: Yap\u0131sal K\u0131r\u0131lmalar Alt\u0131nda E\u015f B\u00fct\u00fcnle\u015fme ve Nedensellik Testleri \u00b7         T\u00fcrkiye\u2019de Gibson \u00c7eli\u015fkisinin Ge\u00e7erlili\u011finin Ampirik Analizi: Enflasyon ve Faizden Hangisi Neden, Hangisi Sonu\u00e7? \u00b7         T\u00fcrkiye\u2019nin D\u0131\u015f Politikas\u0131nda D\u0131\u015f Ticaret: Siyasal, Ekonomik ve Mali S\u00fcre\u00e7 A\u00e7\u0131s\u0131ndan De\u011ferlendirme (2010-2020) \u00b7         Ticaretin Kolayla\u015ft\u0131r\u0131lmas\u0131 ve Uluslararas\u0131 Ticaret Aras\u0131ndaki \u0130li\u015fki: Se\u00e7ilmi\u015f Geli\u015fmekte Olan \u00dclkelerle Analiz (2007-2019) \u00b7         Yatay ve Dikey \u00c7e\u015fitlendirmesinin \u0130hracata Etkisi: Ayd\u0131n \u0130li \u00d6rne\u011fi \u00b7         Vergi Y\u00fck\u00fc ve Ekonomik B\u00fcy\u00fcme \u0130li\u015fkisi: T\u00fcrkiye \u00d6rne\u011fi \u00b7         Vergile-Harca m\u0131, Harca-Vergile mi? T\u00fcrkiye \u00dczerine Bir Nedensellik Analizi \u00b7         Geli\u015fen \u00dclkelerde B\u00fct\u00e7e A\u00e7\u0131\u011f\u0131 ve B\u00fcy\u00fcme \u0130li\u015fkisi: Se\u00e7ilmi\u015f \u00dclke \u00d6rnekleri \u00dczerinden Bir Panel Veri Analizi \u0130ncelemesi \u00b7         Bilgi \u0130leti\u015fim Teknolojileri ile Finansal Geli\u015fmenin Sa\u011fl\u0131k Harcamalar\u0131 \u00dczerindeki Etkisi: MIST \u00dclkeleri \u00d6rne\u011fi \u00b7         Sekt\u00f6rel Bazda Yoksullu\u011fun Analizi: Geli\u015fmi\u015f ve Geli\u015fmekte Olan \u00dclkeler Aras\u0131nda Bir Kar\u015f\u0131la\u015ft\u0131rma \u00b7         Geli\u015fmekte Olan \u00dclkelerde K\u00fcreselle\u015fmenin Demokrasi \u00dczerindeki Etkisi: Panel ARDL Yakla\u015f\u0131m\u0131 \u00b7         Kurumsal Kalk\u0131nma G\u00f6stergelerinin Y\u00fcksek Gelir \u00dclke Grubunda \u0130ncelenmesi: Kul\u00fcp Yak\u0131nsama Analizi \u00b7         \u0130slami Sermaye Varl\u0131k Fiyatlama Modeli: KATILIM-30 Endeksi ile Bir Uygulama \u00b7         Makroekonomik Fakt\u00f6rlerin B\u0130ST-100 Endeksi \u00dczerinde Zamanla De\u011fi\u015fen Etkisi \u00b7         Covid-19 Pandemisinin B\u0130ST &#8211; Banka Endeksi \u00dczerindeki Etkisinin VAR Analizi ile Belirlenmesi \u00b7         Bankalar\u0131n Birle\u015fme Karar\u0131: 2001 \u00d6ncesi ve Sonras\u0131 \u0130\u00e7in Kar\u015f\u0131la\u015ft\u0131rmal\u0131 Analiz \u00b7         Kad\u0131nlarda Obezitenin \u0130\u015fg\u00fcc\u00fc G\u00f6stergeleri \u00dczerindeki Etkisi: TNSA-2013 ve TNSA-2018 Verilerinin Analizi \u00b7         Konut Kira Fiyatlar\u0131n\u0131n Makine \u00d6\u011frenmesi Y\u00f6ntemleriyle Tahmin Edilmesi: Destek Vekt\u00f6r Regresyonu ve Yapay Sinir A\u011flar\u0131 Kar\u015f\u0131la\u015ft\u0131rmas\u0131<\/p>\n","protected":false},"excerpt":{"rendered":"<p>\u0130\u00e7indekiler \u00b7 Demand Regime of Turkish Economy \u00b7 T\u00fcrkiye&#8217;de Finansalla\u015fma ve Do\u011fal Kaynak Bollu\u011fu Aras\u0131ndaki \u0130li\u015fki \u00b7 Do\u011frudan Yabanc\u0131 Yat\u0131r\u0131mlar ve CO2 Emisyonu \u0130li\u015fkisinin Frekans Analizi<span class=\"excerpt-hellip\"> [\u2026]<\/span><\/p>\n","protected":false},"featured_media":0,"template":"","meta":{"_monsterinsights_skip_tracking":false,"_monsterinsights_sitenote_active":false,"_monsterinsights_sitenote_note":"","_monsterinsights_sitenote_category":0},"product_brand":[],"product_cat":[20333,13043],"product_tag":[],"class_list":{"0":"post-738177","1":"product","2":"type-product","3":"status-publish","5":"product_cat-diger-ekonomi","6":"product_cat-ekonomi","7":"pa_cilt-ciltsiz","8":"pa_tur-kitap","9":"pa_yayinevi-gazi-kitabevi","10":"pa_yazar-sahin-karabulut","12":"first","13":"instock","14":"sale","15":"shipping-taxable","16":"purchasable","17":"product-type-simple"},"_links":{"self":[{"href":"https:\/\/roveyayinevi.com.tr\/index.php\/wp-json\/wp\/v2\/product\/738177","targetHints":{"allow":["GET"]}}],"collection":[{"href":"https:\/\/roveyayinevi.com.tr\/index.php\/wp-json\/wp\/v2\/product"}],"about":[{"href":"https:\/\/roveyayinevi.com.tr\/index.php\/wp-json\/wp\/v2\/types\/product"}],"wp:attachment":[{"href":"https:\/\/roveyayinevi.com.tr\/index.php\/wp-json\/wp\/v2\/media?parent=738177"}],"wp:term":[{"taxonomy":"product_brand","embeddable":true,"href":"https:\/\/roveyayinevi.com.tr\/index.php\/wp-json\/wp\/v2\/product_brand?post=738177"},{"taxonomy":"product_cat","embeddable":true,"href":"https:\/\/roveyayinevi.com.tr\/index.php\/wp-json\/wp\/v2\/product_cat?post=738177"},{"taxonomy":"product_tag","embeddable":true,"href":"https:\/\/roveyayinevi.com.tr\/index.php\/wp-json\/wp\/v2\/product_tag?post=738177"}],"curies":[{"name":"wp","href":"https:\/\/api.w.org\/{rel}","templated":true}]}}