{"id":738176,"date":"2025-08-27T23:44:06","date_gmt":"2025-08-27T20:44:06","guid":{"rendered":"https:\/\/roveyayinevi.com.tr\/index.php\/urun\/ulusal-ve-kuresel-olcekte-tum-yonleriyle-pazarlama\/"},"modified":"2026-04-16T02:47:55","modified_gmt":"2026-04-15T23:47:55","slug":"ulusal-ve-kuresel-olcekte-tum-yonleriyle-pazarlama","status":"publish","type":"product","link":"https:\/\/roveyayinevi.com.tr\/index.php\/urun\/ulusal-ve-kuresel-olcekte-tum-yonleriyle-pazarlama\/","title":{"rendered":"Ulusal ve K\u00fcresel \u00d6l\u00e7ekte T\u00fcm Y\u00f6nleriyle Pazarlama"},"content":{"rendered":"<p>\u0130\u00e7indekiler   \u00b7         A Bibliometric Research on Corporate Social Responsibility (CSR) \u00b7         Consumption, Society and Culture \u00b7         \u0130nsanlar\u0131 Taklit Eden Teknolojiler Ba\u011flam\u0131nda Pazarlama 5.0 \u00b7         Pazarlama \u0130leti\u015fimi ve Pazarlama \u0130leti\u015fim Arac\u0131 Olarak Sosyal Medya \u00b7         Sosyal Medya Etkileyicileri ve Marka Y\u00f6netimi \u00b7         Gizli Kalan Kararlar: N\u00f6ropazarlama \u00b7         Covid-19 (Koronavir\u00fcs) \u00c7a\u011f\u0131nda T\u00fcketicilerin Korunmas\u0131 \u00b7         Talha BAYIR B\u00fct\u00fcnle\u015fik Pazarlama \u0130leti\u015fimi Faaliyetlerinde \u00dcnl\u00fc Etkileyicilerden Yararlan\u0131lmas\u0131 \u00b7         M\u00fc\u015fterinin Hizmet \u00dcretim S\u00fcrecine Kat\u0131l\u0131m\u0131: Ki\u015fiselle\u015ftirilmi\u015f B\u0131\u00e7ak \u00d6rne\u011fi \u00dczerine Bir \u00c7al\u0131\u015fma \u00b7         Sat\u0131nalma Kararlar\u0131nda T\u00fcketici Etnosentrizmi \u00b7         T\u00fcketici Davran\u0131\u015flar\u0131n\u0131 Etkileyen Fakt\u00f6rler ve M\u00fc\u015fteri\/T\u00fcketici Memnuniyetinin \u0130\u015fletmeler \u0130\u00e7in \u00d6nemi \u00b7         Ekolojik T\u00fcketicilerde \u00c7evresel Fark\u0131ndal\u0131k ve Duyarl\u0131l\u0131\u011f\u0131n Sat\u0131n Alma Niyetine Etkisi \u00b7         Marka Kavram\u0131 ve Marka A\u015fk\u0131 <\/p>\n","protected":false},"excerpt":{"rendered":"<p>\u0130\u00e7indekiler \u00b7 A Bibliometric Research on Corporate Social Responsibility (CSR) \u00b7 Consumption, Society and Culture \u00b7 \u0130nsanlar\u0131 Taklit Eden Teknolojiler Ba\u011flam\u0131nda Pazarlama 5.0 \u00b7 Pazarlama \u0130leti\u015fimi<span class=\"excerpt-hellip\"> [\u2026]<\/span><\/p>\n","protected":false},"featured_media":0,"template":"","meta":{"_monsterinsights_skip_tracking":false,"_monsterinsights_sitenote_active":false,"_monsterinsights_sitenote_note":"","_monsterinsights_sitenote_category":0},"product_brand":[],"product_cat":[13043,17492],"product_tag":[],"class_list":{"0":"post-738176","1":"product","2":"type-product","3":"status-publish","5":"product_cat-ekonomi","6":"product_cat-pazarlama-satis-reklam","7":"pa_cilt-ciltsiz","8":"pa_tur-kitap","9":"pa_yayinevi-gazi-kitabevi","10":"pa_yazar-sahin-karabulut","12":"first","13":"instock","14":"sale","15":"shipping-taxable","16":"purchasable","17":"product-type-simple"},"_links":{"self":[{"href":"https:\/\/roveyayinevi.com.tr\/index.php\/wp-json\/wp\/v2\/product\/738176","targetHints":{"allow":["GET"]}}],"collection":[{"href":"https:\/\/roveyayinevi.com.tr\/index.php\/wp-json\/wp\/v2\/product"}],"about":[{"href":"https:\/\/roveyayinevi.com.tr\/index.php\/wp-json\/wp\/v2\/types\/product"}],"wp:attachment":[{"href":"https:\/\/roveyayinevi.com.tr\/index.php\/wp-json\/wp\/v2\/media?parent=738176"}],"wp:term":[{"taxonomy":"product_brand","embeddable":true,"href":"https:\/\/roveyayinevi.com.tr\/index.php\/wp-json\/wp\/v2\/product_brand?post=738176"},{"taxonomy":"product_cat","embeddable":true,"href":"https:\/\/roveyayinevi.com.tr\/index.php\/wp-json\/wp\/v2\/product_cat?post=738176"},{"taxonomy":"product_tag","embeddable":true,"href":"https:\/\/roveyayinevi.com.tr\/index.php\/wp-json\/wp\/v2\/product_tag?post=738176"}],"curies":[{"name":"wp","href":"https:\/\/api.w.org\/{rel}","templated":true}]}}