{"id":738175,"date":"2025-08-27T23:44:05","date_gmt":"2025-08-27T20:44:05","guid":{"rendered":"https:\/\/roveyayinevi.com.tr\/index.php\/urun\/turkiyede-turkculuk\/"},"modified":"2026-04-16T02:47:55","modified_gmt":"2026-04-15T23:47:55","slug":"turkiyede-turkculuk","status":"publish","type":"product","link":"https:\/\/roveyayinevi.com.tr\/index.php\/urun\/turkiyede-turkculuk\/","title":{"rendered":"T\u00fcrkiye&#8217;de T\u00fcrk\u00e7\u00fcl\u00fck"},"content":{"rendered":"<p>T\u00fcrkiye Cumhuriyeti bug\u00fcn\u00fcn d\u00fcnyas\u0131nda merkezi co\u011frafya da yer alan bir ulus devlettir. Devletin kimli\u011fi belirlenirken \u00f6nce imparatorluk ad\u0131 olan \u201cOsmanl\u0131\u201d kavram\u0131 esas al\u0131nmak istenmi\u015f ama bir Osmanl\u0131 kimli\u011finin ger\u00e7ekle\u015fememesi y\u00fcz\u00fcnden ikinci a\u015famada \u201c\u0130slam\u201d kimli\u011fi \u00fczerinden bir dinsel ulusalc\u0131 kavram geli\u015ftirilmek istenmi\u015f ama \u0130mparatorluk co\u011frafyas\u0131 \u00fczerinde \u00e7ok farkl\u0131 dinlerden gelen insanlar ya\u015fad\u0131\u011f\u0131 i\u00e7in ve gayrim\u00fcslimlerin kar\u015f\u0131 \u00e7\u0131karak itiraz etmeleri y\u00fcz\u00fcnden bu t\u00fcr bir ulusalc\u0131l\u0131k ak\u0131m\u0131 geli\u015ftirilememi\u015ftir. Bunun \u00fczerine T\u00fcrklerin tarihten gelen siyasal birikimi \u00f6ne \u00e7\u0131kar\u0131larak yeni kurulmakta olan ulus devletin ad\u0131 \u201cT\u00fcrkl\u00fck\u201d kavram\u0131 \u00fczerinden T\u00fcrkiye olarak belirlenerek, Osmanl\u0131 \u0130mparatorlu\u011fu yerine orta d\u00fcnyada T\u00fcrkiye Cumhuriyeti devleti \u00e7a\u011fda\u015f bir siyasal yap\u0131lanma olarak kurulmu\u015ftur. Atat\u00fcrk Cumhuriyetinin kimli\u011fi belirlenirken ve siyasal modeli bu duruma paralel bir bi\u00e7imde \u00e7izilirken, i\u015fin i\u00e7ine hem bat\u0131c\u0131l\u0131k hem de Atat\u00fcrk\u00e7\u00fcl\u00fck kavramlar\u0131 da girmeye ba\u015flay\u0131nca \u00fc\u00e7 tarz\u0131 siyaset anlay\u0131\u015f\u0131ndan be\u015f tarz\u0131 siyaset yakla\u015f\u0131m\u0131na do\u011fru yeni devletin y\u00f6nlendirilmesine \u00e7al\u0131\u015f\u0131lm\u0131\u015ft\u0131r. D\u00fcnyan\u0131n tam ortas\u0131nda ve \u00fc\u00e7 k\u0131tan\u0131n topraklar\u0131 \u00fczerinde etkinli\u011fe sahip bulunan T\u00fcrkl\u00fc\u011f\u00fcn anavatan\u0131 olarak Anadolu yar\u0131madas\u0131 belirlenince, bu topraklar \u00fczerinde kurulu bir merkezi devlet olarak T\u00fcrk devleti, bir do\u011fu-bat\u0131 ya da bir Avrupa-Asya sentezi olarak g\u00f6r\u00fclmeye ba\u015flanm\u0131\u015ft\u0131r. D\u00fcnya tarihinin en eski topluluklar\u0131n\u0131 olu\u015fturan kavimlerden birisi olarak T\u00fcrkler, G\u00f6kt\u00fcrk \u0130mparatorlu\u011fu \u00fczerinden T\u00fcrk kimli\u011fine dayanarak d\u00fcnya sahnesine \u00e7\u0131km\u0131\u015flard\u0131r. Daha sonralar\u0131 da devletin kurucusu ve ba\u015f\u0131ndaki otorite olan T\u00fcrk as\u0131ll\u0131 krallar\u0131 ve de imparatorlar\u0131n isimleri ile adland\u0131r\u0131lan T\u00fcrk devletleri, tarihsel s\u00fcre\u00e7 i\u00e7erisinde s\u0131ra ile devreye girerek etkin olmu\u015flard\u0131r. Ge\u00e7en y\u00fczy\u0131l\u0131n ba\u015flar\u0131nda ortaya \u00e7\u0131kan imparatorluklardan ulus devletlere ge\u00e7ilme a\u015famas\u0131nda, T\u00fcrkl\u00fck olgusu bir ulus devletin ad\u0131 olarak \u00f6ne \u00e7\u0131km\u0131\u015ft\u0131r. Tarih \u00f6ncesi Proto-T\u00fcrklerden ba\u015flayarak \u00e7a\u011fda\u015f bir ulus devletin ad\u0131na kadar y\u00fckselen T\u00fcrkl\u00fck olgusu, bug\u00fcn\u00fcn ko\u015fullar\u0131nda var olmaya devam ederek, b\u00fct\u00fcn T\u00fcrk as\u0131ll\u0131 topluluklar\u0131n kurduklar\u0131 devlet d\u00fczenleri a\u00e7\u0131s\u0131ndan yol g\u00f6stermektedir. Y\u00fcz y\u0131l \u00f6ncesinde ulus devletler kurulurken \u00f6nem kazanan T\u00fcrkl\u00fck olu\u015fumu, ge\u00e7mi\u015ften gelen siyasal birikimi ve g\u00fcc\u00fc ile \u00e7a\u011fda\u015f T\u00fcrkiye Cumhuriyetinin sa\u011flam bir temele oturmas\u0131na \u00f6nemli katk\u0131lar sa\u011flamaktad\u0131r. T\u00fcrkl\u00fck olu\u015fumu anavatan T\u00fcrkiye kadar, di\u011fer T\u00fcrk as\u0131ll\u0131 devlet ve toplumlar\u0131n yol g\u00f6stericisi olarak da temel kimliklerini belirlemektedir. Yirmiden fazla devlet ve toplumun temel dayanak noktas\u0131 olan T\u00fcrkl\u00fck kavram\u0131 bu kitapta T\u00fcrkiye merkezli bir bak\u0131\u015f a\u00e7\u0131s\u0131 ile de\u011ferlendirmeye \u00e7al\u0131\u015f\u0131larak, T\u00fcrk d\u00fcnyas\u0131n\u0131n gelece\u011fini temsil eden gen\u00e7 ku\u015faklara ge\u00e7mi\u015ften gelen bir bilgi birikiminin aktar\u0131lmas\u0131 hedeflenmi\u015ftir. <\/p>\n","protected":false},"excerpt":{"rendered":"<p>T\u00fcrkiye Cumhuriyeti bug\u00fcn\u00fcn d\u00fcnyas\u0131nda merkezi co\u011frafya da yer alan bir ulus devlettir. Devletin kimli\u011fi belirlenirken \u00f6nce imparatorluk ad\u0131 olan \u201cOsmanl\u0131\u201d kavram\u0131 esas al\u0131nmak istenmi\u015f ama bir<span class=\"excerpt-hellip\"> [\u2026]<\/span><\/p>\n","protected":false},"featured_media":0,"template":"","meta":{"_monsterinsights_skip_tracking":false,"_monsterinsights_sitenote_active":false,"_monsterinsights_sitenote_note":"","_monsterinsights_sitenote_category":0},"product_brand":[],"product_cat":[12337],"product_tag":[],"class_list":{"0":"post-738175","1":"product","2":"type-product","3":"status-publish","5":"product_cat-politika-siyaset","6":"pa_cilt-ciltsiz","7":"pa_tur-kitap","8":"pa_yayinevi-astana-yayinlari","9":"pa_yazar-anil-cecen","11":"first","12":"instock","13":"sale","14":"shipping-taxable","15":"purchasable","16":"product-type-simple"},"_links":{"self":[{"href":"https:\/\/roveyayinevi.com.tr\/index.php\/wp-json\/wp\/v2\/product\/738175","targetHints":{"allow":["GET"]}}],"collection":[{"href":"https:\/\/roveyayinevi.com.tr\/index.php\/wp-json\/wp\/v2\/product"}],"about":[{"href":"https:\/\/roveyayinevi.com.tr\/index.php\/wp-json\/wp\/v2\/types\/product"}],"wp:attachment":[{"href":"https:\/\/roveyayinevi.com.tr\/index.php\/wp-json\/wp\/v2\/media?parent=738175"}],"wp:term":[{"taxonomy":"product_brand","embeddable":true,"href":"https:\/\/roveyayinevi.com.tr\/index.php\/wp-json\/wp\/v2\/product_brand?post=738175"},{"taxonomy":"product_cat","embeddable":true,"href":"https:\/\/roveyayinevi.com.tr\/index.php\/wp-json\/wp\/v2\/product_cat?post=738175"},{"taxonomy":"product_tag","embeddable":true,"href":"https:\/\/roveyayinevi.com.tr\/index.php\/wp-json\/wp\/v2\/product_tag?post=738175"}],"curies":[{"name":"wp","href":"https:\/\/api.w.org\/{rel}","templated":true}]}}