{"id":738174,"date":"2025-08-27T23:44:04","date_gmt":"2025-08-27T20:44:04","guid":{"rendered":"https:\/\/roveyayinevi.com.tr\/index.php\/urun\/ruyalarin-sosyolojik-yorumu\/"},"modified":"2026-04-16T02:47:55","modified_gmt":"2026-04-15T23:47:55","slug":"ruyalarin-sosyolojik-yorumu","status":"publish","type":"product","link":"https:\/\/roveyayinevi.com.tr\/index.php\/urun\/ruyalarin-sosyolojik-yorumu\/","title":{"rendered":"R\u00fcyalar\u0131n Sosyolojik Yorumu"},"content":{"rendered":"<p>1997 senesinde Berkeley \u00dcniversitesinde misafir oldu\u011fum bir d\u00f6nemde r\u00fcya sosyolojisinin ilk \u00fcr\u00fcnlerini okumalar\u0131m s\u0131ras\u0131nda tesad\u00fcfen ve ilgiyle ke\u015ffettim; hayal etti\u011fim ve burada ilk bilimsel ifadesini okuyaca\u011f\u0131n\u0131z ara\u015ft\u0131rma program\u0131n\u0131n \u015fekillenmeye ba\u015flamas\u0131, ba\u015fka ara\u015ft\u0131rmalar\u0131n yan\u0131nda yirmi y\u0131ll\u0131k okuma ve \u00e7al\u0131\u015fma gerektirdi. \u00c7ok farkl\u0131 bilim dallar\u0131ndan (psikanaliz, psikoloji, n\u00f6rolojik bilimler, dilbilim, sosyoloji, antropoloji, tarih, vs.) gelen, r\u00fcya \u00fczerine ger\u00e7ekle\u015ftirilmi\u015f ge\u00e7mi\u015f ve g\u00fcncel \u00e7al\u0131\u015fmalar hakk\u0131nda elde etti\u011fim bu bilgiler yeni ve b\u00fct\u00fcnle\u015ftirici bir kuram geli\u015ftirmeme olanak verdi. Bu kuram, Freud\u2019un kendi zaman\u0131nda \u00f6nerdi\u011fi sentetik yorumlama modelinin kazan\u0131mlar\u0131ndan yola \u00e7\u0131karak, 19. y\u00fczy\u0131l ile 20. y\u00fczy\u0131l\u0131n kesi\u015fti\u011fi d\u00f6nemde R\u00fcyalar\u0131n Yorumu kitab\u0131n\u0131n temsil etti\u011fi ola\u011fan\u00fcst\u00fc bilme gayretinden bu yana ger\u00e7ekle\u015ftirilmi\u015f \u00e7ok say\u0131da bilimsel ilerlemeden faydalanarak bu modelin zay\u0131fl\u0131klar\u0131n\u0131, eksikliklerini ve hatalar\u0131n\u0131 d\u00fczeltmeye gayret etmekte.<\/p>\n","protected":false},"excerpt":{"rendered":"<p>1997 senesinde Berkeley \u00dcniversitesinde misafir oldu\u011fum bir d\u00f6nemde r\u00fcya sosyolojisinin ilk \u00fcr\u00fcnlerini okumalar\u0131m s\u0131ras\u0131nda tesad\u00fcfen ve ilgiyle ke\u015ffettim; hayal etti\u011fim ve burada ilk bilimsel ifadesini okuyaca\u011f\u0131n\u0131z<span class=\"excerpt-hellip\"> [\u2026]<\/span><\/p>\n","protected":false},"featured_media":0,"template":"","meta":{"_monsterinsights_skip_tracking":false,"_monsterinsights_sitenote_active":false,"_monsterinsights_sitenote_note":"","_monsterinsights_sitenote_category":0},"product_brand":[],"product_cat":[12358,12357],"product_tag":[],"class_list":{"0":"post-738174","1":"product","2":"type-product","3":"status-publish","5":"product_cat-genel-psikoloji","6":"product_cat-psikoloji","7":"pa_cilt-ciltsiz","8":"pa_tur-kitap","9":"pa_yayinevi-pinhan-yayincilik","10":"pa_yazar-bernard-lahire","12":"first","13":"instock","14":"sale","15":"shipping-taxable","16":"purchasable","17":"product-type-simple"},"_links":{"self":[{"href":"https:\/\/roveyayinevi.com.tr\/index.php\/wp-json\/wp\/v2\/product\/738174","targetHints":{"allow":["GET"]}}],"collection":[{"href":"https:\/\/roveyayinevi.com.tr\/index.php\/wp-json\/wp\/v2\/product"}],"about":[{"href":"https:\/\/roveyayinevi.com.tr\/index.php\/wp-json\/wp\/v2\/types\/product"}],"wp:attachment":[{"href":"https:\/\/roveyayinevi.com.tr\/index.php\/wp-json\/wp\/v2\/media?parent=738174"}],"wp:term":[{"taxonomy":"product_brand","embeddable":true,"href":"https:\/\/roveyayinevi.com.tr\/index.php\/wp-json\/wp\/v2\/product_brand?post=738174"},{"taxonomy":"product_cat","embeddable":true,"href":"https:\/\/roveyayinevi.com.tr\/index.php\/wp-json\/wp\/v2\/product_cat?post=738174"},{"taxonomy":"product_tag","embeddable":true,"href":"https:\/\/roveyayinevi.com.tr\/index.php\/wp-json\/wp\/v2\/product_tag?post=738174"}],"curies":[{"name":"wp","href":"https:\/\/api.w.org\/{rel}","templated":true}]}}