{"id":738169,"date":"2025-08-27T23:43:58","date_gmt":"2025-08-27T20:43:58","guid":{"rendered":"https:\/\/roveyayinevi.com.tr\/index.php\/urun\/dede-korkut-3\/"},"modified":"2026-04-16T02:47:54","modified_gmt":"2026-04-15T23:47:54","slug":"dede-korkut-3","status":"publish","type":"product","link":"https:\/\/roveyayinevi.com.tr\/index.php\/urun\/dede-korkut-3\/","title":{"rendered":"Dede Korkut"},"content":{"rendered":"<p>Konarg\u00f6\u00e7er O\u011fuz T\u00fcrklerinin, Dede Korkut okulunun \u015faheserleri. .. Dede Korkut ozanlann\u0131n sanan ve s\u00f6z\u00fc, sadelik ve durulukla zirveye ta\u015f\u0131d\u0131\u011f\u0131 \u015faheserleri &#8230; Konarg\u00f6\u00e7er O\u011fuz T\u00fcrklerinin dil, tarih ve k\u00fclt\u00fcr\u00fcnden kesitler sunan \u015faheserler &#8230; Tarihin derinliklerinden g\u00fcn\u00fcm\u00fcze s\u00f6zl\u00fc gelenek yoluyla ta\u015f\u0131nan \u015faheserler &#8230; T\u00fcrk\u00e7enin farkl\u0131 co\u011frafyalardaki s\u00f6z varl\u0131\u011f\u0131na \u0131\u015f\u0131k tutan, ge\u00e7mi\u015fin haf\u0131zas\u0131n\u0131 bug\u00fcne ta\u015f\u0131y\u0131p g\u00f6n\u00fcllere nak\u015feden, de\u011ferleri y\u00fcceltip ya\u015fanm\u0131\u015f\u0131 destanla\u015fttran, usta ozanlara parmak \u0131s\u0131rtan bir \u00fcslupla sunan hikayeler &#8230; Dede Korkut ozanlar\u0131n\u0131n dilinde; geni\u015f bir co\u011frafyada y\u00fczy\u0131llarca seyahat eden, bilinmeyen zaman dilimlerinde s\u00f6zl\u00fc dilden yaz\u0131ya aktar\u0131lan, s\u00f6z ile yaz\u0131y\u0131 bulu\u015fturan metinler &#8230; D\u00fczyaz\u0131 ile \u015fiiri i\u00e7 i\u00e7e yo\u011furan, g\u00f6rsel sanatlar\u0131, m\u00fczi\u011fi ve tiyatroyu s\u00f6z i\u00e7inde ilmek ilmek i\u015fleyen, s\u00f6z derinli\u011fini, sanat potas\u0131nda doruklara ta\u015f\u0131yan metinler &#8230; Bu kitap; Dede Korkut&#8217;un okunmas\u0131 ve anla\u015f\u0131hnas\u0131 yolunda y\u0131llar s\u00fcren, sab\u0131rla ve ad\u0131m ad\u0131m i\u015flenmi\u015f bir gayretin \u00fcr\u00fcn\u00fc. Dresden ve G\u00fcnbed yaz\u0131nalar\u0131nda ge\u00e7en O\u011fuz beylerinin destanla\u015fm\u0131\u015f hikayelerinin T\u00fcrkiye T\u00fcrk\u00e7esine aktar\u0131hn\u0131\u015f l\u0131ali. .. Bu kitapta; anla\u015f\u0131lmam\u0131\u015f olan kelime, deyin\u0131, atas\u00f6z\u00fc ve di\u011fer yap\u0131lar g\u00fcn y\u00fcz\u00fcne \u00e7\u0131k\u0131yor. Dede Korkut&#8217;un bilinmezleri, anla\u015f\u0131hnazlar\u0131 bilinir, anla\u015f\u0131l\u0131r oluyor. Dede Korkut, bilinip anla\u015f\u0131ld\u0131k\u00e7a tatl\u0131la\u015f\u0131p derinle\u015fiyor &#8230; Anla\u015f\u0131ld\u0131k\u00e7a bizi daha \u00e7ok cezbediyor, sar\u0131yor, k\u0131\u0131\u015fanyor, b\u00fcy\u00fcl\u00fcyor &#8230; <\/p>\n","protected":false},"excerpt":{"rendered":"<p>Konarg\u00f6\u00e7er O\u011fuz T\u00fcrklerinin, Dede Korkut okulunun \u015faheserleri. .. Dede Korkut ozanlann\u0131n sanan ve s\u00f6z\u00fc, sadelik ve durulukla zirveye ta\u015f\u0131d\u0131\u011f\u0131 \u015faheserleri &#8230; Konarg\u00f6\u00e7er O\u011fuz T\u00fcrklerinin dil, tarih<span class=\"excerpt-hellip\"> [\u2026]<\/span><\/p>\n","protected":false},"featured_media":0,"template":"","meta":{"_monsterinsights_skip_tracking":false,"_monsterinsights_sitenote_active":false,"_monsterinsights_sitenote_note":"","_monsterinsights_sitenote_category":0},"product_brand":[],"product_cat":[12291,18202],"product_tag":[],"class_list":{"0":"post-738169","1":"product","2":"type-product","3":"status-publish","5":"product_cat-edebiyat","6":"product_cat-hikaye","7":"pa_cilt-ciltsiz","8":"pa_tur-kitap","9":"pa_yayinevi-otuken-nesriyat","10":"pa_yazar-sadettin-ozcelik","12":"first","13":"instock","14":"sale","15":"shipping-taxable","16":"purchasable","17":"product-type-simple"},"_links":{"self":[{"href":"https:\/\/roveyayinevi.com.tr\/index.php\/wp-json\/wp\/v2\/product\/738169","targetHints":{"allow":["GET"]}}],"collection":[{"href":"https:\/\/roveyayinevi.com.tr\/index.php\/wp-json\/wp\/v2\/product"}],"about":[{"href":"https:\/\/roveyayinevi.com.tr\/index.php\/wp-json\/wp\/v2\/types\/product"}],"wp:attachment":[{"href":"https:\/\/roveyayinevi.com.tr\/index.php\/wp-json\/wp\/v2\/media?parent=738169"}],"wp:term":[{"taxonomy":"product_brand","embeddable":true,"href":"https:\/\/roveyayinevi.com.tr\/index.php\/wp-json\/wp\/v2\/product_brand?post=738169"},{"taxonomy":"product_cat","embeddable":true,"href":"https:\/\/roveyayinevi.com.tr\/index.php\/wp-json\/wp\/v2\/product_cat?post=738169"},{"taxonomy":"product_tag","embeddable":true,"href":"https:\/\/roveyayinevi.com.tr\/index.php\/wp-json\/wp\/v2\/product_tag?post=738169"}],"curies":[{"name":"wp","href":"https:\/\/api.w.org\/{rel}","templated":true}]}}