{"id":738165,"date":"2025-08-27T23:43:52","date_gmt":"2025-08-27T20:43:52","guid":{"rendered":"https:\/\/roveyayinevi.com.tr\/index.php\/urun\/sieren-kurdi-gisti\/"},"modified":"2026-04-16T02:47:54","modified_gmt":"2026-04-15T23:47:54","slug":"sieren-kurdi-gisti","status":"publish","type":"product","link":"https:\/\/roveyayinevi.com.tr\/index.php\/urun\/sieren-kurdi-gisti\/","title":{"rendered":"\u015eieren Kurdi-Gi\u015fti"},"content":{"rendered":"<p>Bu kitap Kemal Burkay\u2019\u0131n K\u00fcrt\u00e7e \u015fiirlerinin tamam\u0131n\u0131 i\u00e7eriyor.  Di v\u00ea pirt\u00fbk\u00ea da temamiya \u015fi\u00ear\u00ean Kurd\u00ee y\u00ean Kemal Burkay c\u00ee digrin. \u00c7ar d\u00eevan\u00ean w\u00ee y\u00ean Kurd\u00ee ev in Helbest\u00ean Kurd\u00ee Azad\u00ee \u00fb J\u00eeyan Berf Fed\u00ee Dike \u00c7ar\u00een (ruba\u00ee) Helbest\u00ean Burkay y\u00ean Tirk\u00ee ji bi temam\u00ee \u00fb bi nav\u00ea \u201cHadi G\u00fcl\u00fcmse\u201d di nav we\u015fan\u00ean K\u0131rm\u0131z\u0131 Yay\u0131nlar\u0131 da \u00e7ap b\u00fbn. <\/p>\n","protected":false},"excerpt":{"rendered":"<p>Bu kitap Kemal Burkay\u2019\u0131n K\u00fcrt\u00e7e \u015fiirlerinin tamam\u0131n\u0131 i\u00e7eriyor. Di v\u00ea pirt\u00fbk\u00ea da temamiya \u015fi\u00ear\u00ean Kurd\u00ee y\u00ean Kemal Burkay c\u00ee digrin. \u00c7ar d\u00eevan\u00ean w\u00ee y\u00ean Kurd\u00ee ev<span class=\"excerpt-hellip\"> [\u2026]<\/span><\/p>\n","protected":false},"featured_media":0,"template":"","meta":{"_monsterinsights_skip_tracking":false,"_monsterinsights_sitenote_active":false,"_monsterinsights_sitenote_note":"","_monsterinsights_sitenote_category":0},"product_brand":[],"product_cat":[12291,12509],"product_tag":[],"class_list":{"0":"post-738165","1":"product","2":"type-product","3":"status-publish","5":"product_cat-edebiyat","6":"product_cat-siir","7":"pa_cilt-ciltli","8":"pa_tur-kitap","9":"pa_yayinevi-ozgurluk-yolu-vakfi-yayinlari","10":"pa_yazar-kemal-burkay","12":"first","13":"instock","14":"sale","15":"shipping-taxable","16":"purchasable","17":"product-type-simple"},"_links":{"self":[{"href":"https:\/\/roveyayinevi.com.tr\/index.php\/wp-json\/wp\/v2\/product\/738165","targetHints":{"allow":["GET"]}}],"collection":[{"href":"https:\/\/roveyayinevi.com.tr\/index.php\/wp-json\/wp\/v2\/product"}],"about":[{"href":"https:\/\/roveyayinevi.com.tr\/index.php\/wp-json\/wp\/v2\/types\/product"}],"wp:attachment":[{"href":"https:\/\/roveyayinevi.com.tr\/index.php\/wp-json\/wp\/v2\/media?parent=738165"}],"wp:term":[{"taxonomy":"product_brand","embeddable":true,"href":"https:\/\/roveyayinevi.com.tr\/index.php\/wp-json\/wp\/v2\/product_brand?post=738165"},{"taxonomy":"product_cat","embeddable":true,"href":"https:\/\/roveyayinevi.com.tr\/index.php\/wp-json\/wp\/v2\/product_cat?post=738165"},{"taxonomy":"product_tag","embeddable":true,"href":"https:\/\/roveyayinevi.com.tr\/index.php\/wp-json\/wp\/v2\/product_tag?post=738165"}],"curies":[{"name":"wp","href":"https:\/\/api.w.org\/{rel}","templated":true}]}}