{"id":738164,"date":"2025-08-27T23:43:51","date_gmt":"2025-08-27T20:43:51","guid":{"rendered":"https:\/\/roveyayinevi.com.tr\/index.php\/urun\/kurtler-sosyolojik-ve-tarihi-inceleme\/"},"modified":"2026-04-16T02:47:54","modified_gmt":"2026-04-15T23:47:54","slug":"kurtler-sosyolojik-ve-tarihi-inceleme","status":"publish","type":"product","link":"https:\/\/roveyayinevi.com.tr\/index.php\/urun\/kurtler-sosyolojik-ve-tarihi-inceleme\/","title":{"rendered":"K\u00fcrtler Sosyolojik Ve Tarihi \u0130nceleme"},"content":{"rendered":"<p>K\u00dcRTLER-Sosyolojik ve Tarihi \u0130nceleme Bazil Nikitin\u2019in \u201cK\u00dcRTLER\u201d adl\u0131 bu eseri, bu alanda ba\u015fvurulacak temel kitaplardan biridir. Yazar, K\u00fcrtlerin k\u00f6keni, tarihi, dili, karakteri, inan\u00e7lar\u0131, folkloru, K\u00fcrt a\u015firetleri vb. ilgili olarak uzun y\u0131llar boyu geni\u015f ara\u015ft\u0131rmalar yapm\u0131\u015ft\u0131r. \u00c7al\u0131\u015fmalar\u0131 esnas\u0131nda pek \u00e7ok yazar\u0131n konuyla ilgili yap\u0131tlar\u0131n\u0131 incelemi\u015f ve onlar\u0131 kendi g\u00f6zlemleriyle birle\u015ftirerek bu eseri haz\u0131rlam\u0131\u015ft\u0131r. Metin boyu verilen kaynaklar\u0131n yan\u0131 s\u0131ra kitab\u0131n sonuna zengin bir bibliyografya eklenmi\u015ftir. Frans\u0131zca bask\u0131s\u0131ndan \u00e7evrilerek ilk kez 1976 ve 1978 y\u0131llar\u0131nda \u0130stanbul\u2019da, \u00d6zg\u00fcrl\u00fck Yolu Yay\u0131nlar\u0131 aras\u0131nda ve iki b\u00f6l\u00fcm halinde yay\u0131nlanm\u0131\u015ft\u0131. Daha sonra yurt d\u0131\u015f\u0131nda ve i\u00e7inde be\u015f bask\u0131s\u0131 daha yap\u0131ld\u0131. \u015eimdi, \u00d6zg\u00fcrl\u00fck Yolu Vakf\u0131 olarak 46 y\u0131l sonra eserin 7. Bask\u0131s\u0131n\u0131 okuyucuya sunmaktan ho\u015fnutluk duyuyoruz. <\/p>\n","protected":false},"excerpt":{"rendered":"<p>K\u00dcRTLER-Sosyolojik ve Tarihi \u0130nceleme Bazil Nikitin\u2019in \u201cK\u00dcRTLER\u201d adl\u0131 bu eseri, bu alanda ba\u015fvurulacak temel kitaplardan biridir. Yazar, K\u00fcrtlerin k\u00f6keni, tarihi, dili, karakteri, inan\u00e7lar\u0131, folkloru, K\u00fcrt a\u015firetleri<span class=\"excerpt-hellip\"> [\u2026]<\/span><\/p>\n","protected":false},"featured_media":0,"template":"","meta":{"_monsterinsights_skip_tracking":false,"_monsterinsights_sitenote_active":false,"_monsterinsights_sitenote_note":"","_monsterinsights_sitenote_category":0},"product_brand":[],"product_cat":[12370,12304],"product_tag":[],"class_list":{"0":"post-738164","1":"product","2":"type-product","3":"status-publish","5":"product_cat-arastirma-inceleme","6":"product_cat-tarih","7":"pa_cilt-ciltsiz","8":"pa_tur-kitap","9":"pa_yayinevi-ozgurluk-yolu-vakfi-yayinlari","10":"pa_yazar-bazil-nikitin","12":"first","13":"instock","14":"sale","15":"shipping-taxable","16":"purchasable","17":"product-type-simple"},"_links":{"self":[{"href":"https:\/\/roveyayinevi.com.tr\/index.php\/wp-json\/wp\/v2\/product\/738164","targetHints":{"allow":["GET"]}}],"collection":[{"href":"https:\/\/roveyayinevi.com.tr\/index.php\/wp-json\/wp\/v2\/product"}],"about":[{"href":"https:\/\/roveyayinevi.com.tr\/index.php\/wp-json\/wp\/v2\/types\/product"}],"wp:attachment":[{"href":"https:\/\/roveyayinevi.com.tr\/index.php\/wp-json\/wp\/v2\/media?parent=738164"}],"wp:term":[{"taxonomy":"product_brand","embeddable":true,"href":"https:\/\/roveyayinevi.com.tr\/index.php\/wp-json\/wp\/v2\/product_brand?post=738164"},{"taxonomy":"product_cat","embeddable":true,"href":"https:\/\/roveyayinevi.com.tr\/index.php\/wp-json\/wp\/v2\/product_cat?post=738164"},{"taxonomy":"product_tag","embeddable":true,"href":"https:\/\/roveyayinevi.com.tr\/index.php\/wp-json\/wp\/v2\/product_tag?post=738164"}],"curies":[{"name":"wp","href":"https:\/\/api.w.org\/{rel}","templated":true}]}}