{"id":738163,"date":"2025-08-27T23:43:50","date_gmt":"2025-08-27T20:43:50","guid":{"rendered":"https:\/\/roveyayinevi.com.tr\/index.php\/urun\/adliye-calisanlarinda-fiziksel-aktivite-ile-is-stresi-iliskisinin-incelenmesi-erzurum-adalet-sarayi-ornegi\/"},"modified":"2026-04-16T02:47:54","modified_gmt":"2026-04-15T23:47:54","slug":"adliye-calisanlarinda-fiziksel-aktivite-ile-is-stresi-iliskisinin-incelenmesi-erzurum-adalet-sarayi-ornegi","status":"publish","type":"product","link":"https:\/\/roveyayinevi.com.tr\/index.php\/urun\/adliye-calisanlarinda-fiziksel-aktivite-ile-is-stresi-iliskisinin-incelenmesi-erzurum-adalet-sarayi-ornegi\/","title":{"rendered":"Adliye \u00c7al\u0131\u015fanlar\u0131nda Fiziksel Aktivite ile \u0130\u015f Stresi \u0130li\u015fkisinin \u0130ncelenmesi : Erzurum Adalet Saray\u0131 \u00d6rne\u011fi"},"content":{"rendered":"<p>\u0130\u00e7indekiler   B\u0130R\u0130NC\u0130 B\u00d6L\u00dcM  Giri\u015f   \u0130K\u0130NC\u0130 B\u00d6L\u00dcM Kuramsal \u00c7er\u00e7eve ve \u0130lgili Ara\u015ft\u0131rmalar Fiziksel Aktivite Fiziksel Aktivitenin \u00d6nemi Fiziksel aktivitenin insan sa\u011fl\u0131\u011f\u0131 \u00fczerine etkileri. Fiziksel aktivite t\u00fcrleri Stres Stresin Belirtileri Stres Kaynaklar\u0131 \u0130\u015f Stresi \u0130\u015f stresinin sonu\u00e7lar\u0131 \u0130\u015f stresinin bireysel sonu\u00e7lar\u0131 \u0130\u015f stresinin \u00f6rg\u00fctsel sonu\u00e7lar\u0131 \u0130\u015f stresinin nedenleri \u0130\u015f Stresi Modelleri McGrath\u2019 \u0131n strese cevap se\u00e7imi modeli \u0130\u015f stresinin genel modeli Ki\u015fi-\u00e7evre uyum teorisi. Karasek\u2019in talep-kontrol modeli \u0130\u015f Stresinin Belirtileri Fiziksel belirtiler Duygusal belirtiler Zihinsel belirtiler Sosyal belirtiler Stresle Ba\u015fa \u00c7\u0131kma Y\u00f6ntemleri Stresle Ba\u015fa \u00c7\u0131kmada Bireysel Y\u00f6ntemler Stresle Ba\u015fa \u00c7\u0131kmada \u00d6rg\u00fctsel Y\u00f6ntemler   \u00dc\u00c7\u00dcNC\u00dc B\u00d6L\u00dcM Y\u00f6ntem Ara\u015ft\u0131rma Y\u00f6ntemi Evren ve \u00d6rneklem Veri Toplama Arac\u0131 S\u00fcre\u00e7 Verilerin Analizi G\u00fcvenirlik   D\u00d6RD\u00dcNC\u00dc B\u00d6L\u00dcM Bulgular   BE\u015e\u0130NC\u0130 B\u00d6L\u00dcM Tart\u0131\u015fma ve Sonu\u00e7 \u00d6neriler <\/p>\n","protected":false},"excerpt":{"rendered":"<p>\u0130\u00e7indekiler B\u0130R\u0130NC\u0130 B\u00d6L\u00dcM Giri\u015f \u0130K\u0130NC\u0130 B\u00d6L\u00dcM Kuramsal \u00c7er\u00e7eve ve \u0130lgili Ara\u015ft\u0131rmalar Fiziksel Aktivite Fiziksel Aktivitenin \u00d6nemi Fiziksel aktivitenin insan sa\u011fl\u0131\u011f\u0131 \u00fczerine etkileri. Fiziksel aktivite t\u00fcrleri Stres<span class=\"excerpt-hellip\"> [\u2026]<\/span><\/p>\n","protected":false},"featured_media":0,"template":"","meta":{"_monsterinsights_skip_tracking":false,"_monsterinsights_sitenote_active":false,"_monsterinsights_sitenote_note":"","_monsterinsights_sitenote_category":0},"product_brand":[],"product_cat":[12573,12566],"product_tag":[],"class_list":{"0":"post-738163","1":"product","2":"type-product","3":"status-publish","5":"product_cat-akademik-kitaplar","6":"product_cat-egitim","7":"pa_cilt-ciltsiz","8":"pa_tur-kitap","9":"pa_yayinevi-gazi-kitabevi","10":"pa_yazar-burak-karababa","12":"first","13":"instock","14":"sale","15":"shipping-taxable","16":"purchasable","17":"product-type-simple"},"_links":{"self":[{"href":"https:\/\/roveyayinevi.com.tr\/index.php\/wp-json\/wp\/v2\/product\/738163","targetHints":{"allow":["GET"]}}],"collection":[{"href":"https:\/\/roveyayinevi.com.tr\/index.php\/wp-json\/wp\/v2\/product"}],"about":[{"href":"https:\/\/roveyayinevi.com.tr\/index.php\/wp-json\/wp\/v2\/types\/product"}],"wp:attachment":[{"href":"https:\/\/roveyayinevi.com.tr\/index.php\/wp-json\/wp\/v2\/media?parent=738163"}],"wp:term":[{"taxonomy":"product_brand","embeddable":true,"href":"https:\/\/roveyayinevi.com.tr\/index.php\/wp-json\/wp\/v2\/product_brand?post=738163"},{"taxonomy":"product_cat","embeddable":true,"href":"https:\/\/roveyayinevi.com.tr\/index.php\/wp-json\/wp\/v2\/product_cat?post=738163"},{"taxonomy":"product_tag","embeddable":true,"href":"https:\/\/roveyayinevi.com.tr\/index.php\/wp-json\/wp\/v2\/product_tag?post=738163"}],"curies":[{"name":"wp","href":"https:\/\/api.w.org\/{rel}","templated":true}]}}