{"id":738161,"date":"2025-08-27T23:43:49","date_gmt":"2025-08-27T20:43:49","guid":{"rendered":"https:\/\/roveyayinevi.com.tr\/index.php\/urun\/guncel-gelismeler-isiginda-saglik-kurumlarinda-insan-kaynaklari-yonetimi\/"},"modified":"2026-04-16T02:47:54","modified_gmt":"2026-04-15T23:47:54","slug":"guncel-gelismeler-isiginda-saglik-kurumlarinda-insan-kaynaklari-yonetimi","status":"publish","type":"product","link":"https:\/\/roveyayinevi.com.tr\/index.php\/urun\/guncel-gelismeler-isiginda-saglik-kurumlarinda-insan-kaynaklari-yonetimi\/","title":{"rendered":"G\u00fcncel Geli\u015fmeler I\u015f\u0131\u011f\u0131nda Sa\u011fl\u0131k Kurumlar\u0131nda \u0130nsan Kaynaklar\u0131 Y\u00f6netimi"},"content":{"rendered":"<p>\u0130\u00e7indekiler   1.      SA\u011eLIK KURUMLARINDA \u0130\u015e BECER\u0130KL\u0130L\u0130\u011e\u0130 2.      SA\u011eLIK KURUMLARINDA \u0130\u015e ROTASYONU 3.      SA\u011eLIK KURUMLARINDA ORYANTASYON 4.      SA\u011eLIK KURUMLARINDA E\u011e\u0130T\u0130M VE GEL\u0130\u015eT\u0130RME 5.      SA\u011eLIK KURUMLARINDA KAR\u0130YER Y\u00d6NET\u0130M\u0130 6.      SA\u011eLIK KURUMLARINDA \u00dcCRET Y\u00d6NET\u0130M\u0130 7.      SA\u011eLIK KURUMLARINDA END\u00dcSTR\u0130 4.0 8.      SA\u011eLIK KURUMLARINDA STRATEJ\u0130K YETENEK Y\u00d6NET\u0130M\u0130 9.      SA\u011eLIK KURUMLARINDA YALIN Y\u00d6NET\u0130M 10.  SA\u011eLIK KURUMLARINDA FARKLILIKLARIN Y\u00d6NET\u0130M\u0130 11.  SA\u011eLIK KURUMLARINDA DE\u011e\u0130\u015e\u0130M Y\u00d6NET\u0130M\u0130 12.  SA\u011eLIK KURUMLARINDA DE\u011e\u0130\u015e\u0130M L\u0130DERL\u0130\u011e\u0130 13.  SA\u011eLIK KURUMLARINDA TOPLAM KAL\u0130TE Y\u00d6NET\u0130M\u0130 14.  SA\u011eLIK KURUMLARINDA D\u0130J\u0130TAL \u0130NSAN KAYNAKLARI Y\u00d6NET\u0130M\u0130 15.      SA\u011eLIK KURUMLARINDA KL\u0130N\u0130K L\u0130DERL\u0130K 16.      SA\u011eLIK KURUMLARINDA PERSONEL G\u00dc\u00c7LEND\u0130RME 17.      SA\u011eLIK KURUMLARINDA PERFORMANS DE\u011eERLEND\u0130RME 18.      SA\u011eLIK KURUMLARINDA ZAMAN Y\u00d6NET\u0130M\u0130 19.      SA\u011eLIK KURUMLARINDA B\u0130LG\u0130 S\u0130STEMLER\u0130 Y\u00d6NET\u0130M\u0130 20.      SA\u011eLIK KURUMLARINDA \u0130\u015e YA\u015eAM DENGES\u0130 21.      SA\u011eLIK KURUMLARINDA \u0130ZLEN\u0130M Y\u00d6NET\u0130M\u0130 22.      SA\u011eLIK KURUMLARINDA UZAKTAN \u00c7ALI\u015eMA <\/p>\n","protected":false},"excerpt":{"rendered":"<p>\u0130\u00e7indekiler 1. SA\u011eLIK KURUMLARINDA \u0130\u015e BECER\u0130KL\u0130L\u0130\u011e\u0130 2. SA\u011eLIK KURUMLARINDA \u0130\u015e ROTASYONU 3. SA\u011eLIK KURUMLARINDA ORYANTASYON 4. SA\u011eLIK KURUMLARINDA E\u011e\u0130T\u0130M VE GEL\u0130\u015eT\u0130RME 5. SA\u011eLIK KURUMLARINDA KAR\u0130YER Y\u00d6NET\u0130M\u0130<span class=\"excerpt-hellip\"> [\u2026]<\/span><\/p>\n","protected":false},"featured_media":0,"template":"","meta":{"_monsterinsights_skip_tracking":false,"_monsterinsights_sitenote_active":false,"_monsterinsights_sitenote_note":"","_monsterinsights_sitenote_category":0},"product_brand":[],"product_cat":[20333,13043],"product_tag":[],"class_list":{"0":"post-738161","1":"product","2":"type-product","3":"status-publish","5":"product_cat-diger-ekonomi","6":"product_cat-ekonomi","7":"pa_cilt-ciltsiz","8":"pa_tur-kitap","9":"pa_yayinevi-gazi-kitabevi","10":"pa_yazar-aysegul-duzgun","12":"first","13":"instock","14":"sale","15":"shipping-taxable","16":"purchasable","17":"product-type-simple"},"_links":{"self":[{"href":"https:\/\/roveyayinevi.com.tr\/index.php\/wp-json\/wp\/v2\/product\/738161","targetHints":{"allow":["GET"]}}],"collection":[{"href":"https:\/\/roveyayinevi.com.tr\/index.php\/wp-json\/wp\/v2\/product"}],"about":[{"href":"https:\/\/roveyayinevi.com.tr\/index.php\/wp-json\/wp\/v2\/types\/product"}],"wp:attachment":[{"href":"https:\/\/roveyayinevi.com.tr\/index.php\/wp-json\/wp\/v2\/media?parent=738161"}],"wp:term":[{"taxonomy":"product_brand","embeddable":true,"href":"https:\/\/roveyayinevi.com.tr\/index.php\/wp-json\/wp\/v2\/product_brand?post=738161"},{"taxonomy":"product_cat","embeddable":true,"href":"https:\/\/roveyayinevi.com.tr\/index.php\/wp-json\/wp\/v2\/product_cat?post=738161"},{"taxonomy":"product_tag","embeddable":true,"href":"https:\/\/roveyayinevi.com.tr\/index.php\/wp-json\/wp\/v2\/product_tag?post=738161"}],"curies":[{"name":"wp","href":"https:\/\/api.w.org\/{rel}","templated":true}]}}