{"id":738158,"date":"2025-08-27T23:43:46","date_gmt":"2025-08-27T20:43:46","guid":{"rendered":"https:\/\/roveyayinevi.com.tr\/index.php\/urun\/pazarlamada-fiyat-kavramlar-ve-ornek-olaylar\/"},"modified":"2026-04-16T02:47:54","modified_gmt":"2026-04-15T23:47:54","slug":"pazarlamada-fiyat-kavramlar-ve-ornek-olaylar","status":"publish","type":"product","link":"https:\/\/roveyayinevi.com.tr\/index.php\/urun\/pazarlamada-fiyat-kavramlar-ve-ornek-olaylar\/","title":{"rendered":"Pazarlamada Fiyat &#8211; Kavramlar ve \u00d6rnek Olaylar"},"content":{"rendered":"<p>\u0130\u00e7indekiler   1.       B\u00d6L\u00dcM : PAZARLAMADA F\u0130YAT \u0130LE \u0130LG\u0130L\u0130 \u00c7ALI\u015eMALAR \u00dcZER\u0130NE B\u0130R DE\u011eERLEND\u0130RME 2.       B\u00d6L\u00dcM : F\u0130YATLANDIRMA STRATEJ\u0130LER\u0130 3.       B\u00d6L\u00dcM : F\u0130YAT PROMOSYONLARI 4.       F\u0130YAT B\u0130LG\u0130S\u0130 VE F\u0130YAT HATIRLAMA DO\u011eRULU\u011eU 5.       B\u00d6L\u00dcM : F\u0130YAT DUYARLILI\u011eI 6.       B\u00d6L\u00dcM : AD\u0130L F\u0130YAT ALGISI 7.       B\u00d6L\u00dcM : REFERANS F\u0130YAT 8.       B\u00d6L\u00dcM : END\u00dcSTR\u0130YEL PAZARLARDA F\u0130YATLANDIRMA 9.       B\u00d6L\u00dcM : D\u0130NAM\u0130K, K\u0130\u015e\u0130SELLE\u015eT\u0130R\u0130LM\u0130\u015e VE ALGOR\u0130TM\u0130K F\u0130YATLANDIRMA \u0130LE \u0130NTERNETTE F\u0130YATLANDIRMAYA G\u00dcNCEL BAKI\u015e 10.   B\u00d6L\u00dcM : \u0130HRACATTA F\u0130YATLANDIRMA 11.   B\u00d6L\u00dcM : H\u0130ZMETLERDE F\u0130YATLANDIRMA 12.   B\u00d6L\u00dcM : D\u0130J\u0130TAL OYUN SEKT\u00d6R\u00dcNDE F\u0130YATLANDIRMA <\/p>\n","protected":false},"excerpt":{"rendered":"<p>\u0130\u00e7indekiler 1. B\u00d6L\u00dcM : PAZARLAMADA F\u0130YAT \u0130LE \u0130LG\u0130L\u0130 \u00c7ALI\u015eMALAR \u00dcZER\u0130NE B\u0130R DE\u011eERLEND\u0130RME 2. B\u00d6L\u00dcM : F\u0130YATLANDIRMA STRATEJ\u0130LER\u0130 3. B\u00d6L\u00dcM : F\u0130YAT PROMOSYONLARI 4. F\u0130YAT B\u0130LG\u0130S\u0130 VE<span class=\"excerpt-hellip\"> [\u2026]<\/span><\/p>\n","protected":false},"featured_media":0,"template":"","meta":{"_monsterinsights_skip_tracking":false,"_monsterinsights_sitenote_active":false,"_monsterinsights_sitenote_note":"","_monsterinsights_sitenote_category":0},"product_brand":[],"product_cat":[20333,13043],"product_tag":[],"class_list":{"0":"post-738158","1":"product","2":"type-product","3":"status-publish","5":"product_cat-diger-ekonomi","6":"product_cat-ekonomi","7":"pa_cilt-ciltsiz","8":"pa_tur-kitap","9":"pa_yayinevi-gazi-kitabevi","10":"pa_yazar-kalender-ozcan-atilgan","12":"first","13":"instock","14":"sale","15":"shipping-taxable","16":"purchasable","17":"product-type-simple"},"_links":{"self":[{"href":"https:\/\/roveyayinevi.com.tr\/index.php\/wp-json\/wp\/v2\/product\/738158","targetHints":{"allow":["GET"]}}],"collection":[{"href":"https:\/\/roveyayinevi.com.tr\/index.php\/wp-json\/wp\/v2\/product"}],"about":[{"href":"https:\/\/roveyayinevi.com.tr\/index.php\/wp-json\/wp\/v2\/types\/product"}],"wp:attachment":[{"href":"https:\/\/roveyayinevi.com.tr\/index.php\/wp-json\/wp\/v2\/media?parent=738158"}],"wp:term":[{"taxonomy":"product_brand","embeddable":true,"href":"https:\/\/roveyayinevi.com.tr\/index.php\/wp-json\/wp\/v2\/product_brand?post=738158"},{"taxonomy":"product_cat","embeddable":true,"href":"https:\/\/roveyayinevi.com.tr\/index.php\/wp-json\/wp\/v2\/product_cat?post=738158"},{"taxonomy":"product_tag","embeddable":true,"href":"https:\/\/roveyayinevi.com.tr\/index.php\/wp-json\/wp\/v2\/product_tag?post=738158"}],"curies":[{"name":"wp","href":"https:\/\/api.w.org\/{rel}","templated":true}]}}