{"id":738157,"date":"2025-08-27T23:43:45","date_gmt":"2025-08-27T20:43:45","guid":{"rendered":"https:\/\/roveyayinevi.com.tr\/index.php\/urun\/satis-sureci-yonetimi-sorular-ve-cevaplar\/"},"modified":"2025-08-27T23:43:45","modified_gmt":"2025-08-27T20:43:45","slug":"satis-sureci-yonetimi-sorular-ve-cevaplar","status":"publish","type":"product","link":"https:\/\/roveyayinevi.com.tr\/index.php\/urun\/satis-sureci-yonetimi-sorular-ve-cevaplar\/","title":{"rendered":"Sat\u0131\u015f S\u00fcreci Y\u00f6netimi Sorular ve Cevaplar"},"content":{"rendered":"<p>\u0130\u00e7indekiler   B\u00f6l\u00fcm I. Sorular   1. Sat\u0131\u015fa Haz\u0131rl\u0131k A\u015famas\u0131 2. Kar\u015f\u0131la\u015fma A\u015famas\u0131 3. M\u00fc\u015fteri \u0130htiya\u00e7 Belirleme A\u015famas\u0131 4. \u00dcr\u00fcn\/Hizmet Sunum A\u015famas\u0131 5. M\u00fc\u015fteri \u0130tirazlar\u0131 Kar\u015f\u0131lama A\u015famas\u0131 6. Sat\u0131\u015f Kapatma A\u015famas\u0131 7. Sat\u0131\u015f Sonras\u0131 M\u00fc\u015fteri Takibi A\u015famas\u0131 B\u00f6l\u00fcm II. Sorular ve Cevaplar   1.Sat\u0131\u015fa Haz\u0131rl\u0131k A\u015famas\u0131 2. Kar\u015f\u0131la\u015fma A\u015famas\u0131 3. M\u00fc\u015fteri \u0130htiya\u00e7 Belirleme A\u015famas\u0131 4. \u00dcr\u00fcn\/Hizmet Sunum A\u015famas\u0131 5. M\u00fc\u015fteri \u0130tirazlar\u0131 Kar\u015f\u0131lama A\u015famas\u0131 6. Sat\u0131\u015f Kapatma A\u015famas\u0131 7. Sat\u0131\u015f Sonras\u0131 M\u00fc\u015fteri Takibi A\u015famas\u0131 B\u00f6l\u00fcm II. Sorular ve Cevaplar   1.Sat\u0131\u015fa Haz\u0131rl\u0131k A\u015famas\u0131 2. Kar\u015f\u0131la\u015fma A\u015famas\u0131 3. M\u00fc\u015fteri \u0130htiya\u00e7 Belirleme A\u015famas\u0131 4. \u00dcr\u00fcn\/Hizmet Sunum A\u015famas\u0131 5. M\u00fc\u015fteri \u0130tirazlar\u0131 Kar\u015f\u0131lama A\u015famas\u0131 6. Sat\u0131\u015f Kapatma A\u015famas\u0131 7. Sat\u0131\u015f Sonras\u0131 M\u00fc\u015fteri Takibi A\u015famas\u0131 B\u00f6l\u00fcm II. Sorular ve Cevaplar   1.Sat\u0131\u015fa Haz\u0131rl\u0131k A\u015famas\u0131 2. Kar\u015f\u0131la\u015fma A\u015famas\u0131 3. M\u00fc\u015fteri \u0130htiya\u00e7 Belirleme A\u015famas\u0131 4. \u00dcr\u00fcn\/Hizmet Sunum A\u015famas\u0131 5. M\u00fc\u015fteri \u0130tirazlar\u0131 Kar\u015f\u0131lama A\u015famas\u0131 6. Sat\u0131\u015f Kapatma A\u015famas\u0131 7. Sat\u0131\u015f Sonras\u0131 M\u00fc\u015fteri Takibi A\u015famas\u0131 B\u00f6l\u00fcm II. Sorular ve Cevaplar   1.Sat\u0131\u015fa Haz\u0131rl\u0131k A\u015famas\u0131 2. Kar\u015f\u0131la\u015fma A\u015famas\u0131 3. M\u00fc\u015fteri \u0130htiya\u00e7 Belirleme A\u015famas\u0131 4. \u00dcr\u00fcn\/Hizmet Sunum A\u015famas\u0131 5. M\u00fc\u015fteri \u0130tirazlar\u0131 Kar\u015f\u0131lama A\u015famas\u0131 6. Sat\u0131\u015f Kapatma A\u015famas\u0131 7. Sat\u0131\u015f Sonras\u0131 M\u00fc\u015fteri Takibi A\u015famas\u0131   B\u00f6l\u00fcm II. Sorular ve Cevaplar   1.Sat\u0131\u015fa Haz\u0131rl\u0131k A\u015famas\u0131 2. Kar\u015f\u0131la\u015fma A\u015famas\u0131 3. M\u00fc\u015fteri \u0130htiya\u00e7 Belirleme A\u015famas\u0131 4. \u00dcr\u00fcn\/Hizmet Sunum A\u015famas\u0131 5. M\u00fc\u015fteri \u0130tirazlar\u0131 Kar\u015f\u0131lama A\u015famas\u0131 6. Sat\u0131\u015f Kapatma A\u015famas\u0131 7. Sat\u0131\u015f Sonras\u0131 M\u00fc\u015fteri Takibi A\u015famas\u0131   B\u00f6l\u00fcm II. Sorular ve Cevaplar   1.Sat\u0131\u015fa Haz\u0131rl\u0131k A\u015famas\u0131 2. Kar\u015f\u0131la\u015fma A\u015famas\u0131 3. M\u00fc\u015fteri \u0130htiya\u00e7 Belirleme A\u015famas\u0131 4. \u00dcr\u00fcn\/Hizmet Sunum A\u015famas\u0131 5. M\u00fc\u015fteri \u0130tirazlar\u0131 Kar\u015f\u0131lama A\u015famas\u0131 6. Sat\u0131\u015f Kapatma A\u015famas\u0131 7. Sat\u0131\u015f Sonras\u0131 M\u00fc\u015fteri Takibi A\u015famas\u0131   B\u00f6l\u00fcm II. Sorular ve Cevaplar   1.Sat\u0131\u015fa Haz\u0131rl\u0131k A\u015famas\u0131 2. Kar\u015f\u0131la\u015fma A\u015famas\u0131 3. M\u00fc\u015fteri \u0130htiya\u00e7 Belirleme A\u015famas\u0131 4. \u00dcr\u00fcn\/Hizmet Sunum A\u015famas\u0131 5. M\u00fc\u015fteri \u0130tirazlar\u0131 Kar\u015f\u0131lama A\u015famas\u0131 6. Sat\u0131\u015f Kapatma A\u015famas\u0131 7. Sat\u0131\u015f Sonras\u0131 M\u00fc\u015fteri Takibi A\u015famas\u0131   <\/p>\n","protected":false},"excerpt":{"rendered":"<p>\u0130\u00e7indekiler B\u00f6l\u00fcm I. Sorular 1. Sat\u0131\u015fa Haz\u0131rl\u0131k A\u015famas\u0131 2. Kar\u015f\u0131la\u015fma A\u015famas\u0131 3. M\u00fc\u015fteri \u0130htiya\u00e7 Belirleme A\u015famas\u0131 4. \u00dcr\u00fcn\/Hizmet Sunum A\u015famas\u0131 5. M\u00fc\u015fteri \u0130tirazlar\u0131 Kar\u015f\u0131lama A\u015famas\u0131 6.<span class=\"excerpt-hellip\"> [\u2026]<\/span><\/p>\n","protected":false},"featured_media":0,"template":"","meta":{"_monsterinsights_skip_tracking":false,"_monsterinsights_sitenote_active":false,"_monsterinsights_sitenote_note":"","_monsterinsights_sitenote_category":0},"product_brand":[],"product_cat":[20333,13043],"product_tag":[],"class_list":{"0":"post-738157","1":"product","2":"type-product","3":"status-publish","5":"product_cat-diger-ekonomi","6":"product_cat-ekonomi","7":"pa_cilt-ciltsiz","8":"pa_tur-kitap","9":"pa_yayinevi-gazi-kitabevi","10":"pa_yazar-dilek-saglik-ozcam-kemal-yuksekli","12":"first","13":"instock","14":"sale","15":"shipping-taxable","16":"purchasable","17":"product-type-simple"},"_links":{"self":[{"href":"https:\/\/roveyayinevi.com.tr\/index.php\/wp-json\/wp\/v2\/product\/738157","targetHints":{"allow":["GET"]}}],"collection":[{"href":"https:\/\/roveyayinevi.com.tr\/index.php\/wp-json\/wp\/v2\/product"}],"about":[{"href":"https:\/\/roveyayinevi.com.tr\/index.php\/wp-json\/wp\/v2\/types\/product"}],"wp:attachment":[{"href":"https:\/\/roveyayinevi.com.tr\/index.php\/wp-json\/wp\/v2\/media?parent=738157"}],"wp:term":[{"taxonomy":"product_brand","embeddable":true,"href":"https:\/\/roveyayinevi.com.tr\/index.php\/wp-json\/wp\/v2\/product_brand?post=738157"},{"taxonomy":"product_cat","embeddable":true,"href":"https:\/\/roveyayinevi.com.tr\/index.php\/wp-json\/wp\/v2\/product_cat?post=738157"},{"taxonomy":"product_tag","embeddable":true,"href":"https:\/\/roveyayinevi.com.tr\/index.php\/wp-json\/wp\/v2\/product_tag?post=738157"}],"curies":[{"name":"wp","href":"https:\/\/api.w.org\/{rel}","templated":true}]}}