{"id":738156,"date":"2025-08-27T23:43:44","date_gmt":"2025-08-27T20:43:44","guid":{"rendered":"https:\/\/roveyayinevi.com.tr\/index.php\/urun\/osmanli-devletinde-huzursuz-bir-kesim-ve-faaliyetleri-xviii-yuzyilda-ruscukta-suc-suclular\/"},"modified":"2026-04-16T02:47:54","modified_gmt":"2026-04-15T23:47:54","slug":"osmanli-devletinde-huzursuz-bir-kesim-ve-faaliyetleri-xviii-yuzyilda-ruscukta-suc-suclular","status":"publish","type":"product","link":"https:\/\/roveyayinevi.com.tr\/index.php\/urun\/osmanli-devletinde-huzursuz-bir-kesim-ve-faaliyetleri-xviii-yuzyilda-ruscukta-suc-suclular\/","title":{"rendered":"Osmanl\u0131 Devleti\u2019nde Huzursuz Bir Kesim ve Faaliyetleri : XVIII. Y\u00fczy\u0131lda Rus\u00e7uk\u2019ta Su\u00e7, Su\u00e7lular"},"content":{"rendered":"<p>\u0130\u00e7indekiler   1.      B\u00d6L\u00dcM : HUKUK TAR\u0130H\u0130 BA\u011eLAMINDA \u015eER\u2019\u0130YYE S\u0130C\u0130LLER\u0130   2.      B\u00d6L\u00dcM : XVIII. Y\u00dcZYILDA RUS\u00c7UK\u2019TA SU\u00c7 VE CEZA OLGUSU   3.      B\u00d6L\u00dcM :Y\u00d6NET\u0130C\u0130-REAYA BA\u011eLAMINDA RUS\u00c7UK\u2019TA SU\u00c7 VE CEZA <\/p>\n","protected":false},"excerpt":{"rendered":"<p>\u0130\u00e7indekiler 1. B\u00d6L\u00dcM : HUKUK TAR\u0130H\u0130 BA\u011eLAMINDA \u015eER\u2019\u0130YYE S\u0130C\u0130LLER\u0130 2. B\u00d6L\u00dcM : XVIII. Y\u00dcZYILDA RUS\u00c7UK\u2019TA SU\u00c7 VE CEZA OLGUSU 3. B\u00d6L\u00dcM :Y\u00d6NET\u0130C\u0130-REAYA BA\u011eLAMINDA RUS\u00c7UK\u2019TA SU\u00c7 VE<span class=\"excerpt-hellip\"> [\u2026]<\/span><\/p>\n","protected":false},"featured_media":0,"template":"","meta":{"_monsterinsights_skip_tracking":false,"_monsterinsights_sitenote_active":false,"_monsterinsights_sitenote_note":"","_monsterinsights_sitenote_category":0},"product_brand":[],"product_cat":[13517,12304],"product_tag":[],"class_list":{"0":"post-738156","1":"product","2":"type-product","3":"status-publish","5":"product_cat-osmanli-tarihi","6":"product_cat-tarih","7":"pa_cilt-ciltsiz","8":"pa_tur-kitap","9":"pa_yayinevi-gazi-kitabevi","10":"pa_yazar-duygu-tanidi","12":"first","13":"instock","14":"sale","15":"shipping-taxable","16":"purchasable","17":"product-type-simple"},"_links":{"self":[{"href":"https:\/\/roveyayinevi.com.tr\/index.php\/wp-json\/wp\/v2\/product\/738156","targetHints":{"allow":["GET"]}}],"collection":[{"href":"https:\/\/roveyayinevi.com.tr\/index.php\/wp-json\/wp\/v2\/product"}],"about":[{"href":"https:\/\/roveyayinevi.com.tr\/index.php\/wp-json\/wp\/v2\/types\/product"}],"wp:attachment":[{"href":"https:\/\/roveyayinevi.com.tr\/index.php\/wp-json\/wp\/v2\/media?parent=738156"}],"wp:term":[{"taxonomy":"product_brand","embeddable":true,"href":"https:\/\/roveyayinevi.com.tr\/index.php\/wp-json\/wp\/v2\/product_brand?post=738156"},{"taxonomy":"product_cat","embeddable":true,"href":"https:\/\/roveyayinevi.com.tr\/index.php\/wp-json\/wp\/v2\/product_cat?post=738156"},{"taxonomy":"product_tag","embeddable":true,"href":"https:\/\/roveyayinevi.com.tr\/index.php\/wp-json\/wp\/v2\/product_tag?post=738156"}],"curies":[{"name":"wp","href":"https:\/\/api.w.org\/{rel}","templated":true}]}}