{"id":738155,"date":"2025-08-27T23:43:43","date_gmt":"2025-08-27T20:43:43","guid":{"rendered":"https:\/\/roveyayinevi.com.tr\/index.php\/urun\/issizlik-gelir-esitsizligi-ve-yoksulluk-kiskacinda-dunya\/"},"modified":"2026-04-16T02:47:54","modified_gmt":"2026-04-15T23:47:54","slug":"issizlik-gelir-esitsizligi-ve-yoksulluk-kiskacinda-dunya","status":"publish","type":"product","link":"https:\/\/roveyayinevi.com.tr\/index.php\/urun\/issizlik-gelir-esitsizligi-ve-yoksulluk-kiskacinda-dunya\/","title":{"rendered":"\u0130\u015fsizlik, Gelir E\u015fitsizli\u011fi ve Yoksulluk K\u0131skac\u0131nda D\u00fcnya"},"content":{"rendered":"<p>\u0130\u00e7indekiler   1.      K\u00dcRESEL E\u015e\u0130TS\u0130ZL\u0130KTEK\u0130 E\u011e\u0130L\u0130MLER   2.      GEL\u0130R E\u015e\u0130TS\u0130ZL\u0130\u011e\u0130N\u0130N \u0130NSAN\u0130 GEL\u0130\u015eME ENDEKS\u0130 \u00dcZER\u0130NDEK\u0130 ETK\u0130S\u0130: OECD \u00dcLKELER\u0130 \u0130\u00c7\u0130N B\u0130R ANAL\u0130Z   3.      ORTA GEL\u0130R TUZA\u011eI VE YAKINSAMA: ALT ORTA VE \u00dcST ORTA GEL\u0130RL\u0130 \u00dcLKELER \u00dcZER\u0130NE AMP\u0130R\u0130K B\u0130R \u0130NCELEME   4.      \u00c7OK KR\u0130TERL\u0130 KARAR VERME TEKN\u0130KLER\u0130 \u0130LE AVRUPA B\u0130RL\u0130\u011e\u0130&#8217;NE \u00dcYE VE ADAY \u00dcLKELER\u0130N EKONOM\u0130K PERFORMANSININ KAR\u015eILA\u015eTIRMALI ANAL\u0130Z\u0130   5.      D-8 \u00dcLKELER\u0130N\u0130N YOKSULLUK PROF\u0130LLER\u0130N\u0130N KAR\u015eILA\u015eTIRMALI TAHL\u0130L\u0130 1.      T\u00dcRK\u0130YE\u2019DE REEL \u00dcCRETLER\u0130N VE KAMU HARCAMALARININ \u0130\u015eS\u0130ZL\u0130K \u00dcZER\u0130NDEK\u0130 ETK\u0130S\u0130: B\u0130R PANEL VER\u0130 ANAL\u0130Z\u0130   2.      T\u00dcRK\u0130YE\u2019DE \u0130\u015eS\u0130ZL\u0130K H\u0130STER\u0130S\u0130 \u00dcZER\u0130NE EKONOMETR\u0130K B\u0130R ANAL\u0130Z <\/p>\n","protected":false},"excerpt":{"rendered":"<p>\u0130\u00e7indekiler 1. K\u00dcRESEL E\u015e\u0130TS\u0130ZL\u0130KTEK\u0130 E\u011e\u0130L\u0130MLER 2. GEL\u0130R E\u015e\u0130TS\u0130ZL\u0130\u011e\u0130N\u0130N \u0130NSAN\u0130 GEL\u0130\u015eME ENDEKS\u0130 \u00dcZER\u0130NDEK\u0130 ETK\u0130S\u0130: OECD \u00dcLKELER\u0130 \u0130\u00c7\u0130N B\u0130R ANAL\u0130Z 3. ORTA GEL\u0130R TUZA\u011eI VE YAKINSAMA: ALT ORTA<span class=\"excerpt-hellip\"> [\u2026]<\/span><\/p>\n","protected":false},"featured_media":0,"template":"","meta":{"_monsterinsights_skip_tracking":false,"_monsterinsights_sitenote_active":false,"_monsterinsights_sitenote_note":"","_monsterinsights_sitenote_category":0},"product_brand":[],"product_cat":[20333,13043],"product_tag":[],"class_list":{"0":"post-738155","1":"product","2":"type-product","3":"status-publish","5":"product_cat-diger-ekonomi","6":"product_cat-ekonomi","7":"pa_cilt-ciltsiz","8":"pa_tur-kitap","9":"pa_yayinevi-gazi-kitabevi","10":"pa_yazar-gulbahar-atasever","12":"first","13":"instock","14":"sale","15":"shipping-taxable","16":"purchasable","17":"product-type-simple"},"_links":{"self":[{"href":"https:\/\/roveyayinevi.com.tr\/index.php\/wp-json\/wp\/v2\/product\/738155","targetHints":{"allow":["GET"]}}],"collection":[{"href":"https:\/\/roveyayinevi.com.tr\/index.php\/wp-json\/wp\/v2\/product"}],"about":[{"href":"https:\/\/roveyayinevi.com.tr\/index.php\/wp-json\/wp\/v2\/types\/product"}],"wp:attachment":[{"href":"https:\/\/roveyayinevi.com.tr\/index.php\/wp-json\/wp\/v2\/media?parent=738155"}],"wp:term":[{"taxonomy":"product_brand","embeddable":true,"href":"https:\/\/roveyayinevi.com.tr\/index.php\/wp-json\/wp\/v2\/product_brand?post=738155"},{"taxonomy":"product_cat","embeddable":true,"href":"https:\/\/roveyayinevi.com.tr\/index.php\/wp-json\/wp\/v2\/product_cat?post=738155"},{"taxonomy":"product_tag","embeddable":true,"href":"https:\/\/roveyayinevi.com.tr\/index.php\/wp-json\/wp\/v2\/product_tag?post=738155"}],"curies":[{"name":"wp","href":"https:\/\/api.w.org\/{rel}","templated":true}]}}