{"id":738153,"date":"2025-08-27T23:43:40","date_gmt":"2025-08-27T20:43:40","guid":{"rendered":"https:\/\/roveyayinevi.com.tr\/index.php\/urun\/dinin-dindarla-sinavi\/"},"modified":"2026-04-16T02:47:54","modified_gmt":"2026-04-15T23:47:54","slug":"dinin-dindarla-sinavi","status":"publish","type":"product","link":"https:\/\/roveyayinevi.com.tr\/index.php\/urun\/dinin-dindarla-sinavi\/","title":{"rendered":"Dinin Dindarla S\u0131nav\u0131"},"content":{"rendered":"<p>K\u0130MSEY\u0130 KONTROL EDEMEZS\u0130N\u0130Z. SADAKAT \u0130\u00c7TEN GEL\u0130R&#8230;   Bu kitap, do\u011fdu\u011fum ve b\u00fcy\u00fcd\u00fc\u011f\u00fcm \u0130slam mahallesinden ka\u00e7\u0131\u015f de\u011fil, bir tepeye \u00e7\u0131k\u0131p, kendi mahallemin umum manzaras\u0131na bir bak\u0131\u015ft\u0131r. Kelebekler ba\u015fkas\u0131n\u0131 ayd\u0131nlatmak i\u00e7in kendisini salar ate\u015fin ba\u011fr\u0131na. Yanarken ayd\u0131nlat\u0131rlar ama hi\u00e7 s\u0131zlanmazlar. Dini korumak, kendi gibi inanmayanlar\u0131 ve inanc\u0131n\u0131 ele\u015ftirenleri yok etmek de\u011fil, Allah\u2019\u0131n ve kullar\u0131n raz\u0131 oldu\u011fu \u015fekilde kendini k\u00f6t\u00fcl\u00fcklerden korumakla olur. \u00c7\u00fcnk\u00fc Allah kendi dinini korumaktan \u00e2ciz de\u011fildir. Bir d\u00fc\u015f\u00fcn! K\u00e2be ki Allah\u2019\u0131n evidir. Allah kendi evini Ebrehe k\u00e2firinin y\u0131kmas\u0131na izin vermedi ama M\u00fcsl\u00fcman bir \u00e2lim olan Emevi valisi Haccac bin Yusuf\u2019un y\u0131kmas\u0131na izin verdi. Neden? Ey hakikat yolcusu! Hangi din olursa olsun, sen dini d\u00fcnyan\u0131n k\u00f6t\u00fcl\u00fcklerinden koruyan bir kalkan olarak de\u011fil de senin gibi d\u00fc\u015f\u00fcnmeyeni \u00f6ld\u00fcrmek i\u00e7in m\u0131zrak olarak kullan\u0131rsan, o din Allah\u2019\u0131n dini olmaktan \u00e7\u0131kar, heves ve arzular\u0131n dini haline gelir. \u0130\u015fte bu y\u00fczden Ha\u00e7l\u0131lar\u0131n H\u0131ristiyanl\u0131\u011fa; Emevilerin de \u0130slam\u2019a verdi\u011fi zarar aras\u0131nda pek fark yoktu&#8230; \u00c7\u00f6pten ekmek al\u0131rken utanan bir \u00e7ocu\u011fun hayat\u0131n\u0131 de\u011fi\u015ftirecek bir sistem icat edilmeden sunulan her \u015fey bo\u015ftur&#8230; <\/p>\n","protected":false},"excerpt":{"rendered":"<p>K\u0130MSEY\u0130 KONTROL EDEMEZS\u0130N\u0130Z. SADAKAT \u0130\u00c7TEN GEL\u0130R&#8230; Bu kitap, do\u011fdu\u011fum ve b\u00fcy\u00fcd\u00fc\u011f\u00fcm \u0130slam mahallesinden ka\u00e7\u0131\u015f de\u011fil, bir tepeye \u00e7\u0131k\u0131p, kendi mahallemin umum manzaras\u0131na bir bak\u0131\u015ft\u0131r. Kelebekler ba\u015fkas\u0131n\u0131<span class=\"excerpt-hellip\"> [\u2026]<\/span><\/p>\n","protected":false},"featured_media":0,"template":"","meta":{"_monsterinsights_skip_tracking":false,"_monsterinsights_sitenote_active":false,"_monsterinsights_sitenote_note":"","_monsterinsights_sitenote_category":0},"product_brand":[],"product_cat":[12718,12719],"product_tag":[],"class_list":{"0":"post-738153","1":"product","2":"type-product","3":"status-publish","5":"product_cat-din","6":"product_cat-islam","7":"pa_cilt-ciltsiz","8":"pa_tur-kitap","9":"pa_yayinevi-destek-yayinlari","10":"pa_yazar-erol-cali","12":"first","13":"instock","14":"sale","15":"shipping-taxable","16":"purchasable","17":"product-type-simple"},"_links":{"self":[{"href":"https:\/\/roveyayinevi.com.tr\/index.php\/wp-json\/wp\/v2\/product\/738153","targetHints":{"allow":["GET"]}}],"collection":[{"href":"https:\/\/roveyayinevi.com.tr\/index.php\/wp-json\/wp\/v2\/product"}],"about":[{"href":"https:\/\/roveyayinevi.com.tr\/index.php\/wp-json\/wp\/v2\/types\/product"}],"wp:attachment":[{"href":"https:\/\/roveyayinevi.com.tr\/index.php\/wp-json\/wp\/v2\/media?parent=738153"}],"wp:term":[{"taxonomy":"product_brand","embeddable":true,"href":"https:\/\/roveyayinevi.com.tr\/index.php\/wp-json\/wp\/v2\/product_brand?post=738153"},{"taxonomy":"product_cat","embeddable":true,"href":"https:\/\/roveyayinevi.com.tr\/index.php\/wp-json\/wp\/v2\/product_cat?post=738153"},{"taxonomy":"product_tag","embeddable":true,"href":"https:\/\/roveyayinevi.com.tr\/index.php\/wp-json\/wp\/v2\/product_tag?post=738153"}],"curies":[{"name":"wp","href":"https:\/\/api.w.org\/{rel}","templated":true}]}}