{"id":738143,"date":"2025-08-27T23:43:31","date_gmt":"2025-08-27T20:43:31","guid":{"rendered":"https:\/\/roveyayinevi.com.tr\/index.php\/urun\/etkinlik-ornekleriyle-ozel-ogrenme-guclugu-olan-ogrencilerin-egitimi\/"},"modified":"2026-04-16T02:47:53","modified_gmt":"2026-04-15T23:47:53","slug":"etkinlik-ornekleriyle-ozel-ogrenme-guclugu-olan-ogrencilerin-egitimi","status":"publish","type":"product","link":"https:\/\/roveyayinevi.com.tr\/index.php\/urun\/etkinlik-ornekleriyle-ozel-ogrenme-guclugu-olan-ogrencilerin-egitimi\/","title":{"rendered":"Etkinlik \u00d6rnekleriyle \u00d6zel \u00d6\u011frenme G\u00fc\u00e7l\u00fc\u011f\u00fc Olan \u00d6\u011frencilerin E\u011fitimi"},"content":{"rendered":"<p>\u00d6zel gereksinimli \u00f6\u011frenci gruplar\u0131 aras\u0131nda \u00f6zel \u00f6\u011frenme g\u00fc\u00e7l\u00fc\u011f\u00fc tan\u0131s\u0131 alan \u00f6\u011frenciler \u00fclkemizde genellikle genel e\u011fitim s\u0131n\u0131flar\u0131na yerle\u015ftirilmektedir. Tan\u0131 alma riski olan ya da de\u011ferlendirmedeki yetersizlikler nedeniyle tan\u0131s\u0131 olmayan \u00f6\u011frenciler de hesaba kat\u0131ld\u0131\u011f\u0131nda genel e\u011fitim s\u0131n\u0131flar\u0131ndaki \u00f6zel \u00f6\u011frenme g\u00fc\u00e7l\u00fc\u011f\u00fc olan \u00f6\u011frencilerin say\u0131s\u0131 olduk\u00e7a fazlad\u0131r.   Bu kitab\u0131n \u00f6ncelikli amac\u0131 \u00f6zel \u00f6\u011frenme g\u00fc\u00e7l\u00fc\u011f\u00fc konusunda bilgi, beceri ve deneyim sa\u011flayarak bu g\u00fc\u00e7l\u00fc\u011fe sahip olan ve olmayan t\u00fcm \u00f6\u011frencilerin gereksinimlerini bir arada ve en \u00fcst d\u00fczeyde kar\u015f\u0131lamaya inanan ve bunun i\u00e7in \u00e7aba harcayan\/harcayacak olan ilgili t\u00fcm uzmanlara destek sunabilmektir. Bu ama\u00e7la \u00f6zel \u00f6\u011frenme g\u00fc\u00e7l\u00fc\u011f\u00fc ile ilgili temel konularda okuyuculara bilgi vermenin yan\u0131 s\u0131ra genel e\u011fitim s\u0131n\u0131flar\u0131nda uygulanacak stratejilere ve uyarlamalara ili\u015fkin etkinlik \u00f6rneklerinin sunumuna da \u00f6zen g\u00f6sterilmi\u015ftir.<\/p>\n","protected":false},"excerpt":{"rendered":"<p>\u00d6zel gereksinimli \u00f6\u011frenci gruplar\u0131 aras\u0131nda \u00f6zel \u00f6\u011frenme g\u00fc\u00e7l\u00fc\u011f\u00fc tan\u0131s\u0131 alan \u00f6\u011frenciler \u00fclkemizde genellikle genel e\u011fitim s\u0131n\u0131flar\u0131na yerle\u015ftirilmektedir. Tan\u0131 alma riski olan ya da de\u011ferlendirmedeki yetersizlikler nedeniyle<span class=\"excerpt-hellip\"> [\u2026]<\/span><\/p>\n","protected":false},"featured_media":0,"template":"","meta":{"_monsterinsights_skip_tracking":false,"_monsterinsights_sitenote_active":false,"_monsterinsights_sitenote_note":"","_monsterinsights_sitenote_category":0},"product_brand":[],"product_cat":[12573,12566],"product_tag":[],"class_list":{"0":"post-738143","1":"product","2":"type-product","3":"status-publish","5":"product_cat-akademik-kitaplar","6":"product_cat-egitim","7":"pa_cilt-ciltsiz","8":"pa_tur-kitap","9":"pa_yayinevi-egiten-kitap","10":"pa_yazar-didem-kayahan-yuksel-fadime-iscen-karasu","12":"first","13":"instock","14":"sale","15":"shipping-taxable","16":"purchasable","17":"product-type-simple"},"_links":{"self":[{"href":"https:\/\/roveyayinevi.com.tr\/index.php\/wp-json\/wp\/v2\/product\/738143","targetHints":{"allow":["GET"]}}],"collection":[{"href":"https:\/\/roveyayinevi.com.tr\/index.php\/wp-json\/wp\/v2\/product"}],"about":[{"href":"https:\/\/roveyayinevi.com.tr\/index.php\/wp-json\/wp\/v2\/types\/product"}],"wp:attachment":[{"href":"https:\/\/roveyayinevi.com.tr\/index.php\/wp-json\/wp\/v2\/media?parent=738143"}],"wp:term":[{"taxonomy":"product_brand","embeddable":true,"href":"https:\/\/roveyayinevi.com.tr\/index.php\/wp-json\/wp\/v2\/product_brand?post=738143"},{"taxonomy":"product_cat","embeddable":true,"href":"https:\/\/roveyayinevi.com.tr\/index.php\/wp-json\/wp\/v2\/product_cat?post=738143"},{"taxonomy":"product_tag","embeddable":true,"href":"https:\/\/roveyayinevi.com.tr\/index.php\/wp-json\/wp\/v2\/product_tag?post=738143"}],"curies":[{"name":"wp","href":"https:\/\/api.w.org\/{rel}","templated":true}]}}