{"id":738140,"date":"2025-08-27T23:43:28","date_gmt":"2025-08-27T20:43:28","guid":{"rendered":"https:\/\/roveyayinevi.com.tr\/index.php\/urun\/otizmli-cocuklar-ve-duyusal-gelisimlerini-destekleyici-alternatif-bir-program\/"},"modified":"2026-04-13T02:55:43","modified_gmt":"2026-04-12T23:55:43","slug":"otizmli-cocuklar-ve-duyusal-gelisimlerini-destekleyici-alternatif-bir-program","status":"publish","type":"product","link":"https:\/\/roveyayinevi.com.tr\/index.php\/urun\/otizmli-cocuklar-ve-duyusal-gelisimlerini-destekleyici-alternatif-bir-program\/","title":{"rendered":"Otizmli \u00c7ocuklar Ve Duyusal Geli\u015fimlerini Destekleyici Alternatif Bir Program"},"content":{"rendered":"<p>Otizmli \u00e7ocuklar\u0131n say\u0131s\u0131 artmakla beraber ailelerin bu konudaki yetersizlikleri de daha fazla ortaya \u00e7\u0131kmaktad\u0131r. Otizmli \u00e7ocuklar ve onlar\u0131n ailelerinin ya\u015fad\u0131klar\u0131 problemler dikkate al\u0131narak bir doktora tez \u00e7al\u0131\u015fmas\u0131n\u0131n \u00fcr\u00fcn\u00fc olarak ortaya \u00e7\u0131kan bu kitap \u00e7al\u0131\u015fmas\u0131 ba\u015fta otizmli \u00e7ocuklar ve aileleri olmak \u00fczere farkl\u0131 alanlarda \u00f6zel gereksinim ihtiyac\u0131 olan ve duyu e\u011fitimi almak durumunda olan \u00e7ocuklar ve aileleri i\u00e7in bir rehber niteli\u011finde haz\u0131rlanm\u0131\u015ft\u0131r.   Ailelere y\u00f6nelik olu\u015fturulmu\u015f bir e\u011fitim program\u0131 olarak tasarlanan ve duyu e\u011fitimi temel al\u0131narak haz\u0131rlanan bu programda ba\u015fta otizmli \u00e7ocuklar\u0131 olan aileler olmak \u00fczere duyu e\u011fitimi ihtiyac\u0131 olan farkl\u0131 \u00f6zelliklere sahip \u00e7ocuklara uygulamal\u0131 olarak haz\u0131rlanm\u0131\u015f \u00f6rnek bir model sunulmaya \u00e7al\u0131\u015f\u0131lm\u0131\u015ft\u0131r. Ku\u015fkusuz bu model tek ba\u015f\u0131na yeterli olmayabilir ancak ailelere ve bu alanda \u00e7al\u0131\u015fan e\u011fitimcilere fayda sa\u011flamas\u0131 \u00fcmit edilmektedir.<\/p>\n","protected":false},"excerpt":{"rendered":"<p>Otizmli \u00e7ocuklar\u0131n say\u0131s\u0131 artmakla beraber ailelerin bu konudaki yetersizlikleri de daha fazla ortaya \u00e7\u0131kmaktad\u0131r. Otizmli \u00e7ocuklar ve onlar\u0131n ailelerinin ya\u015fad\u0131klar\u0131 problemler dikkate al\u0131narak bir doktora tez<span class=\"excerpt-hellip\"> [\u2026]<\/span><\/p>\n","protected":false},"featured_media":0,"template":"","meta":{"_monsterinsights_skip_tracking":false,"_monsterinsights_sitenote_active":false,"_monsterinsights_sitenote_note":"","_monsterinsights_sitenote_category":0},"product_brand":[],"product_cat":[12573,12566],"product_tag":[],"class_list":{"0":"post-738140","1":"product","2":"type-product","3":"status-publish","5":"product_cat-akademik-kitaplar","6":"product_cat-egitim","7":"pa_cilt-ciltsiz","8":"pa_tur-kitap","9":"pa_yayinevi-egiten-kitap","10":"pa_yazar-rukiye-arslan-mehmet-saglam","12":"first","13":"instock","14":"sale","15":"shipping-taxable","16":"purchasable","17":"product-type-simple"},"_links":{"self":[{"href":"https:\/\/roveyayinevi.com.tr\/index.php\/wp-json\/wp\/v2\/product\/738140","targetHints":{"allow":["GET"]}}],"collection":[{"href":"https:\/\/roveyayinevi.com.tr\/index.php\/wp-json\/wp\/v2\/product"}],"about":[{"href":"https:\/\/roveyayinevi.com.tr\/index.php\/wp-json\/wp\/v2\/types\/product"}],"wp:attachment":[{"href":"https:\/\/roveyayinevi.com.tr\/index.php\/wp-json\/wp\/v2\/media?parent=738140"}],"wp:term":[{"taxonomy":"product_brand","embeddable":true,"href":"https:\/\/roveyayinevi.com.tr\/index.php\/wp-json\/wp\/v2\/product_brand?post=738140"},{"taxonomy":"product_cat","embeddable":true,"href":"https:\/\/roveyayinevi.com.tr\/index.php\/wp-json\/wp\/v2\/product_cat?post=738140"},{"taxonomy":"product_tag","embeddable":true,"href":"https:\/\/roveyayinevi.com.tr\/index.php\/wp-json\/wp\/v2\/product_tag?post=738140"}],"curies":[{"name":"wp","href":"https:\/\/api.w.org\/{rel}","templated":true}]}}