{"id":738137,"date":"2025-08-27T23:43:26","date_gmt":"2025-08-27T20:43:26","guid":{"rendered":"https:\/\/roveyayinevi.com.tr\/index.php\/urun\/kadin-medya-sosyal-medya\/"},"modified":"2026-04-16T02:47:53","modified_gmt":"2026-04-15T23:47:53","slug":"kadin-medya-sosyal-medya","status":"publish","type":"product","link":"https:\/\/roveyayinevi.com.tr\/index.php\/urun\/kadin-medya-sosyal-medya\/","title":{"rendered":"Kad\u0131n-Medya-Sosyal Medya"},"content":{"rendered":"<p>Medyan\u0131n olmad\u0131\u011f\u0131 bir d\u00fcnyay\u0131 hayal etmek neredeyse imk\u00e2ns\u0131z hale geldi ki medya art\u0131k bireylerin ve toplumlar\u0131n ya\u015fant\u0131s\u0131n\u0131n bir par\u00e7as\u0131 haline gelmi\u015ftir. Bu y\u00fczden medya ve yeni medyaya y\u00f6nelik \u00e7al\u0131\u015fmalara duyulan ihtiya\u00e7 g\u00fcnbeg\u00fcn artmaktad\u0131r. \u00d6zellikle yeni medyan\u0131n toplumsal ili\u015fkileri d\u00f6n\u00fc\u015ft\u00fcrme noktas\u0131nda olduk\u00e7a belirleyici olmas\u0131, bireyleri tedirgin etmektedir. Buna ba\u011fl\u0131 olarak bu \u00e7al\u0131\u015fmada medya ve sosyal medyay\u0131 kad\u0131n oda\u011f\u0131nda de\u011ferlendirilmeye \u00e7al\u0131\u015f\u0131lm\u0131\u015ft\u0131r. Farkl\u0131 \u00fcniversitelerden 16 akademisyenin \u00e7al\u0131\u015fmalar\u0131n\u0131n sonucu olarak ortaya \u00e7\u0131kan bu eserde, \u015fiddet ve t\u00fcrevleri, mahremiyet olgusu, t\u00fcketim k\u00fclt\u00fcr\u00fc, toplumsal cinsiyet, giri\u015fimcilik, sa\u011fl\u0131k ve hukuk olmak \u00fczere bir\u00e7ok konuya yer verilmi\u015ftir. \u00c7al\u0131\u015fman\u0131n amac\u0131; kad\u0131n, medya ve sosyal medya konusunda uzman \u00e7al\u0131\u015fmac\u0131lar\u0131 bir araya getirerek mevcut durumun analizi ve tespitinin yap\u0131larak temel problemlere dair bulgular\u0131 ve \u00e7\u0131kar\u0131mlar\u0131 literat\u00fcre kazand\u0131rmakt\u0131r. Bu vesile ile daha \u00f6ncesinde \u201c\u00c7ocuk, Medya ve Sosyal Medya\u201d isimli toplumsal duyarl\u0131l\u0131k \u00e7al\u0131\u015fmalar\u0131n\u0131n ilkini ger\u00e7ekle\u015ftirdi\u011fimiz giri\u015fimin ikincisini \u201cKad\u0131n, Medya ve Sosyal Medya\u201d \u00e7al\u0131\u015fmas\u0131 ile s\u00fcrd\u00fcrmeyi hedefliyoruz. Toplumsal duyarl\u0131l\u0131\u011f\u0131n ya\u015fam\u0131n her alan\u0131na yay\u0131ld\u0131\u011f\u0131 g\u00fcnlere olan \u00f6zlemle sayg\u0131lar\u0131m\u0131z\u0131 sunuyoruz\u2026<\/p>\n","protected":false},"excerpt":{"rendered":"<p>Medyan\u0131n olmad\u0131\u011f\u0131 bir d\u00fcnyay\u0131 hayal etmek neredeyse imk\u00e2ns\u0131z hale geldi ki medya art\u0131k bireylerin ve toplumlar\u0131n ya\u015fant\u0131s\u0131n\u0131n bir par\u00e7as\u0131 haline gelmi\u015ftir. Bu y\u00fczden medya ve yeni<span class=\"excerpt-hellip\"> [\u2026]<\/span><\/p>\n","protected":false},"featured_media":0,"template":"","meta":{"_monsterinsights_skip_tracking":false,"_monsterinsights_sitenote_active":false,"_monsterinsights_sitenote_note":"","_monsterinsights_sitenote_category":0},"product_brand":[],"product_cat":[12573,12566],"product_tag":[],"class_list":{"0":"post-738137","1":"product","2":"type-product","3":"status-publish","5":"product_cat-akademik-kitaplar","6":"product_cat-egitim","7":"pa_cilt-ciltsiz","8":"pa_tur-kitap","9":"pa_yayinevi-egiten-kitap","10":"pa_yazar-aysun-dogutas-sait-yildirim","12":"first","13":"instock","14":"sale","15":"shipping-taxable","16":"purchasable","17":"product-type-simple"},"_links":{"self":[{"href":"https:\/\/roveyayinevi.com.tr\/index.php\/wp-json\/wp\/v2\/product\/738137","targetHints":{"allow":["GET"]}}],"collection":[{"href":"https:\/\/roveyayinevi.com.tr\/index.php\/wp-json\/wp\/v2\/product"}],"about":[{"href":"https:\/\/roveyayinevi.com.tr\/index.php\/wp-json\/wp\/v2\/types\/product"}],"wp:attachment":[{"href":"https:\/\/roveyayinevi.com.tr\/index.php\/wp-json\/wp\/v2\/media?parent=738137"}],"wp:term":[{"taxonomy":"product_brand","embeddable":true,"href":"https:\/\/roveyayinevi.com.tr\/index.php\/wp-json\/wp\/v2\/product_brand?post=738137"},{"taxonomy":"product_cat","embeddable":true,"href":"https:\/\/roveyayinevi.com.tr\/index.php\/wp-json\/wp\/v2\/product_cat?post=738137"},{"taxonomy":"product_tag","embeddable":true,"href":"https:\/\/roveyayinevi.com.tr\/index.php\/wp-json\/wp\/v2\/product_tag?post=738137"}],"curies":[{"name":"wp","href":"https:\/\/api.w.org\/{rel}","templated":true}]}}