{"id":738136,"date":"2025-08-27T23:43:25","date_gmt":"2025-08-27T20:43:25","guid":{"rendered":"https:\/\/roveyayinevi.com.tr\/index.php\/urun\/ozel-gereksinimli-cocugu-olan-anne-baba-el-kitabi-serisi-gorme-yetersizligi\/"},"modified":"2026-04-16T02:47:53","modified_gmt":"2026-04-15T23:47:53","slug":"ozel-gereksinimli-cocugu-olan-anne-baba-el-kitabi-serisi-gorme-yetersizligi","status":"publish","type":"product","link":"https:\/\/roveyayinevi.com.tr\/index.php\/urun\/ozel-gereksinimli-cocugu-olan-anne-baba-el-kitabi-serisi-gorme-yetersizligi\/","title":{"rendered":"\u00d6zel Gereksinimli \u00c7ocu\u011fu Olan Anne \u2013 Baba El Kitab\u0131 Serisi  &#8211; G\u00f6rme Yetersizli\u011fi"},"content":{"rendered":"<p>Bu seride ama\u00e7, \u00f6zel gereksinimli \u00e7ocu\u011fu olan anne babalara ve birincil bak\u0131c\u0131lara pratik bilgiler sunmakt\u0131r. Bu pratik bilgiler ailelerle birlikte \u00f6\u011fretmen ve \u00f6\u011fretmen adaylar\u0131 basta olmak \u00fczere \u00f6zel e\u011fitim payda\u015flar\u0131na da de\u011ferli bilgiler sunmaktad\u0131r.<\/p>\n","protected":false},"excerpt":{"rendered":"<p>Bu seride ama\u00e7, \u00f6zel gereksinimli \u00e7ocu\u011fu olan anne babalara ve birincil bak\u0131c\u0131lara pratik bilgiler sunmakt\u0131r. Bu pratik bilgiler ailelerle birlikte \u00f6\u011fretmen ve \u00f6\u011fretmen adaylar\u0131 basta olmak<span class=\"excerpt-hellip\"> [\u2026]<\/span><\/p>\n","protected":false},"featured_media":0,"template":"","meta":{"_monsterinsights_skip_tracking":false,"_monsterinsights_sitenote_active":false,"_monsterinsights_sitenote_note":"","_monsterinsights_sitenote_category":0},"product_brand":[],"product_cat":[12573,12566],"product_tag":[],"class_list":{"0":"post-738136","1":"product","2":"type-product","3":"status-publish","5":"product_cat-akademik-kitaplar","6":"product_cat-egitim","7":"pa_cilt-ciltsiz","8":"pa_tur-kitap","9":"pa_yayinevi-egiten-kitap","10":"pa_yazar-figen-yardimci-nurdan-akcay-didisen","12":"first","13":"instock","14":"sale","15":"shipping-taxable","16":"purchasable","17":"product-type-simple"},"_links":{"self":[{"href":"https:\/\/roveyayinevi.com.tr\/index.php\/wp-json\/wp\/v2\/product\/738136","targetHints":{"allow":["GET"]}}],"collection":[{"href":"https:\/\/roveyayinevi.com.tr\/index.php\/wp-json\/wp\/v2\/product"}],"about":[{"href":"https:\/\/roveyayinevi.com.tr\/index.php\/wp-json\/wp\/v2\/types\/product"}],"wp:attachment":[{"href":"https:\/\/roveyayinevi.com.tr\/index.php\/wp-json\/wp\/v2\/media?parent=738136"}],"wp:term":[{"taxonomy":"product_brand","embeddable":true,"href":"https:\/\/roveyayinevi.com.tr\/index.php\/wp-json\/wp\/v2\/product_brand?post=738136"},{"taxonomy":"product_cat","embeddable":true,"href":"https:\/\/roveyayinevi.com.tr\/index.php\/wp-json\/wp\/v2\/product_cat?post=738136"},{"taxonomy":"product_tag","embeddable":true,"href":"https:\/\/roveyayinevi.com.tr\/index.php\/wp-json\/wp\/v2\/product_tag?post=738136"}],"curies":[{"name":"wp","href":"https:\/\/api.w.org\/{rel}","templated":true}]}}