{"id":738135,"date":"2025-08-27T23:43:24","date_gmt":"2025-08-27T20:43:24","guid":{"rendered":"https:\/\/roveyayinevi.com.tr\/index.php\/urun\/erken-cocukluk-doneminde-dezavantajli-cocuklar\/"},"modified":"2026-04-16T02:47:53","modified_gmt":"2026-04-15T23:47:53","slug":"erken-cocukluk-doneminde-dezavantajli-cocuklar","status":"publish","type":"product","link":"https:\/\/roveyayinevi.com.tr\/index.php\/urun\/erken-cocukluk-doneminde-dezavantajli-cocuklar\/","title":{"rendered":"Erken \u00c7ocukluk D\u00f6neminde Dezavantajl\u0131 \u00c7ocuklar"},"content":{"rendered":"<p>Bu kitap kendi alan\u0131nda yetkin k\u0131ymetli yazar arkada\u015flar\u0131mla, kendi uzmanl\u0131k alanlar\u0131 penceresinden erken \u00e7ocukluk d\u00f6nemindeki dezavantajl\u0131 \u00e7ocuklar\u0131 tan\u0131mlamak, nedenleri, sonu\u00e7lar\u0131, yayg\u0131nl\u0131\u011f\u0131, d\u00fcnyada ve \u00fclkemizde dezavantajl\u0131 \u00e7ocuklara y\u00f6nelik yap\u0131lan \u00e7al\u0131\u015fmalar\u0131 aktarabilmek amac\u0131yla haz\u0131rlanm\u0131\u015ft\u0131r.<\/p>\n","protected":false},"excerpt":{"rendered":"<p>Bu kitap kendi alan\u0131nda yetkin k\u0131ymetli yazar arkada\u015flar\u0131mla, kendi uzmanl\u0131k alanlar\u0131 penceresinden erken \u00e7ocukluk d\u00f6nemindeki dezavantajl\u0131 \u00e7ocuklar\u0131 tan\u0131mlamak, nedenleri, sonu\u00e7lar\u0131, yayg\u0131nl\u0131\u011f\u0131, d\u00fcnyada ve \u00fclkemizde dezavantajl\u0131 \u00e7ocuklara<span class=\"excerpt-hellip\"> [\u2026]<\/span><\/p>\n","protected":false},"featured_media":0,"template":"","meta":{"_monsterinsights_skip_tracking":false,"_monsterinsights_sitenote_active":false,"_monsterinsights_sitenote_note":"","_monsterinsights_sitenote_category":0},"product_brand":[],"product_cat":[12573,12566],"product_tag":[],"class_list":{"0":"post-738135","1":"product","2":"type-product","3":"status-publish","5":"product_cat-akademik-kitaplar","6":"product_cat-egitim","7":"pa_cilt-ciltsiz","8":"pa_tur-kitap","9":"pa_yayinevi-egiten-kitap","10":"pa_yazar-dilek-erol","12":"first","13":"instock","14":"sale","15":"shipping-taxable","16":"purchasable","17":"product-type-simple"},"_links":{"self":[{"href":"https:\/\/roveyayinevi.com.tr\/index.php\/wp-json\/wp\/v2\/product\/738135","targetHints":{"allow":["GET"]}}],"collection":[{"href":"https:\/\/roveyayinevi.com.tr\/index.php\/wp-json\/wp\/v2\/product"}],"about":[{"href":"https:\/\/roveyayinevi.com.tr\/index.php\/wp-json\/wp\/v2\/types\/product"}],"wp:attachment":[{"href":"https:\/\/roveyayinevi.com.tr\/index.php\/wp-json\/wp\/v2\/media?parent=738135"}],"wp:term":[{"taxonomy":"product_brand","embeddable":true,"href":"https:\/\/roveyayinevi.com.tr\/index.php\/wp-json\/wp\/v2\/product_brand?post=738135"},{"taxonomy":"product_cat","embeddable":true,"href":"https:\/\/roveyayinevi.com.tr\/index.php\/wp-json\/wp\/v2\/product_cat?post=738135"},{"taxonomy":"product_tag","embeddable":true,"href":"https:\/\/roveyayinevi.com.tr\/index.php\/wp-json\/wp\/v2\/product_tag?post=738135"}],"curies":[{"name":"wp","href":"https:\/\/api.w.org\/{rel}","templated":true}]}}