{"id":738133,"date":"2025-08-27T23:43:22","date_gmt":"2025-08-27T20:43:22","guid":{"rendered":"https:\/\/roveyayinevi.com.tr\/index.php\/urun\/disiplinlerarasi-ve-kazanim-odakli-oyunlar\/"},"modified":"2026-04-16T02:47:53","modified_gmt":"2026-04-15T23:47:53","slug":"disiplinlerarasi-ve-kazanim-odakli-oyunlar","status":"publish","type":"product","link":"https:\/\/roveyayinevi.com.tr\/index.php\/urun\/disiplinlerarasi-ve-kazanim-odakli-oyunlar\/","title":{"rendered":"Disiplinleraras\u0131 Ve Kazan\u0131m Odakl\u0131 Oyunlar"},"content":{"rendered":"<p>T\u00fcm d\u00fcnyay\u0131 ve yurdumuzu da etkileyen Corona Vir\u00fcs salg\u0131n\u0131 ile birlikte e\u011fitimde akademik bilgi aktar\u0131m\u0131n\u0131n \u00f6ne \u00e7\u0131kt\u0131\u011f\u0131n\u0131, \u00e7ocuklar i\u00e7in ya\u015famsal bir ihtiya\u00e7 olan oyun ve oyun alanlar\u0131n\u0131n k\u0131s\u0131tland\u0131\u011f\u0131n\u0131 g\u00f6zlemledik. Ayr\u0131ca, oyun ile \u00f6\u011frenmenin g\u00fcc\u00fcne inanan ve kazan\u0131mlar\u0131na y\u00f6nelik oyun oynatmak isteyen \u00f6\u011fretmenlerin \u00f6zg\u00fcn kaynaklar  bulma konusunda k\u0131s\u0131tl\u0131l\u0131\u011f\u0131n\u0131 fark ettik. T\u00fcm bu ihtiya\u00e7lar do\u011frultusunda farkl\u0131 bran\u015flardan  bir araya gelen  biz  \u00d6\u011fretmen A\u011f\u0131 De\u011fi\u015fim El\u00e7ileri, alanlar\u0131m\u0131z\u0131n zenginli\u011fini ve m\u00fcfredat\u0131n sarmal yap\u0131s\u0131n\u0131 g\u00f6z \u00f6n\u00fcne alarak \u201cDisiplinlerar-as\u0131 ve Kazan\u0131m Odakl\u0131 Oyunlar\u201d kitab\u0131n\u0131 haz\u0131rlad\u0131k. Tasar\u0131m s\u00fcrecinde geleneksel T\u00fcrk ve d\u00fcnya oyunlar\u0131ndan da esinlendik. Oyunlar\u0131m\u0131z\u0131 t\u00fcm s\u0131n\u0131f\u0131n etkin olaca\u011f\u0131, engelli \u00f6\u011frencileri de kapsayacak \u201ceri\u015filebilirlik uyarlamalar\u0131m\u0131z\u201d ile g\u00fc\u00e7lendirdik. Zaman zaman okullar\u0131n a\u00e7\u0131k oldu\u011fu s\u00fcre\u00e7te farkl\u0131 s\u0131n\u0131f, \u015fehir, okullarda oyunlar\u0131m\u0131z\u0131 uygulad\u0131k. \u00d6\u011frencilerimizden d\u00f6n\u00fctler ald\u0131k ve sahadan gelen bildirimler ile d\u00fczenlemeler yapt\u0131k. Kitab\u0131m\u0131z\u0131 yazarken birlikte \u00fcretmenin ve dayan\u0131\u015fman\u0131n mutlulu\u011funu payla\u015ft\u0131k. Oyunlar\u0131m\u0131z\u0131 oynayan \u00e7ocuklar\u0131n y\u00fcz\u00fcndeki g\u00fcl\u00fcmseme ve g\u00f6zlerindeki \u0131\u015f\u0131k bize g\u00fc\u00e7 verdi. Doya doya oynayarak  b\u00fcy\u00fcyecek \u00e7ocuklara sevgilerimizle&#8230;<\/p>\n","protected":false},"excerpt":{"rendered":"<p>T\u00fcm d\u00fcnyay\u0131 ve yurdumuzu da etkileyen Corona Vir\u00fcs salg\u0131n\u0131 ile birlikte e\u011fitimde akademik bilgi aktar\u0131m\u0131n\u0131n \u00f6ne \u00e7\u0131kt\u0131\u011f\u0131n\u0131, \u00e7ocuklar i\u00e7in ya\u015famsal bir ihtiya\u00e7 olan oyun ve oyun<span class=\"excerpt-hellip\"> [\u2026]<\/span><\/p>\n","protected":false},"featured_media":0,"template":"","meta":{"_monsterinsights_skip_tracking":false,"_monsterinsights_sitenote_active":false,"_monsterinsights_sitenote_note":"","_monsterinsights_sitenote_category":0},"product_brand":[],"product_cat":[12573,12566],"product_tag":[],"class_list":{"0":"post-738133","1":"product","2":"type-product","3":"status-publish","5":"product_cat-akademik-kitaplar","6":"product_cat-egitim","7":"pa_cilt-ciltsiz","8":"pa_tur-kitap","9":"pa_yayinevi-egiten-kitap","10":"pa_yazar-egiten-kitap-kolektif","12":"first","13":"instock","14":"sale","15":"shipping-taxable","16":"purchasable","17":"product-type-simple"},"_links":{"self":[{"href":"https:\/\/roveyayinevi.com.tr\/index.php\/wp-json\/wp\/v2\/product\/738133","targetHints":{"allow":["GET"]}}],"collection":[{"href":"https:\/\/roveyayinevi.com.tr\/index.php\/wp-json\/wp\/v2\/product"}],"about":[{"href":"https:\/\/roveyayinevi.com.tr\/index.php\/wp-json\/wp\/v2\/types\/product"}],"wp:attachment":[{"href":"https:\/\/roveyayinevi.com.tr\/index.php\/wp-json\/wp\/v2\/media?parent=738133"}],"wp:term":[{"taxonomy":"product_brand","embeddable":true,"href":"https:\/\/roveyayinevi.com.tr\/index.php\/wp-json\/wp\/v2\/product_brand?post=738133"},{"taxonomy":"product_cat","embeddable":true,"href":"https:\/\/roveyayinevi.com.tr\/index.php\/wp-json\/wp\/v2\/product_cat?post=738133"},{"taxonomy":"product_tag","embeddable":true,"href":"https:\/\/roveyayinevi.com.tr\/index.php\/wp-json\/wp\/v2\/product_tag?post=738133"}],"curies":[{"name":"wp","href":"https:\/\/api.w.org\/{rel}","templated":true}]}}