{"id":738129,"date":"2025-08-27T23:43:18","date_gmt":"2025-08-27T20:43:18","guid":{"rendered":"https:\/\/roveyayinevi.com.tr\/index.php\/urun\/trt-cocuk-bulmaca-kulesi-boyama-kitabi\/"},"modified":"2026-04-03T02:53:22","modified_gmt":"2026-04-02T23:53:22","slug":"trt-cocuk-bulmaca-kulesi-boyama-kitabi","status":"publish","type":"product","link":"https:\/\/roveyayinevi.com.tr\/index.php\/urun\/trt-cocuk-bulmaca-kulesi-boyama-kitabi\/","title":{"rendered":"Trt \u00c7ocuk Bulmaca Kulesi Boyama Kitab\u0131"},"content":{"rendered":"<p>Bulmaca Kulesi maceras\u0131 boyama kitab\u0131yla devam ediyor. Mert, Can, Asl\u0131 ve Lugit\u2019in birbirinden heyecanl\u0131 ser\u00fcvenlerini renklendir, bu e\u011flenceyi ka\u00e7\u0131rma. Haydi, durma, Bulmaca Kulesi bamba\u015fka. <\/p>\n","protected":false},"excerpt":{"rendered":"<p>Bulmaca Kulesi maceras\u0131 boyama kitab\u0131yla devam ediyor. Mert, Can, Asl\u0131 ve Lugit\u2019in birbirinden heyecanl\u0131 ser\u00fcvenlerini renklendir, bu e\u011flenceyi ka\u00e7\u0131rma. Haydi, durma, Bulmaca Kulesi bamba\u015fka.<\/p>\n","protected":false},"featured_media":0,"template":"","meta":{"_monsterinsights_skip_tracking":false,"_monsterinsights_sitenote_active":false,"_monsterinsights_sitenote_note":"","_monsterinsights_sitenote_category":0},"product_brand":[],"product_cat":[12492,12274],"product_tag":[],"class_list":{"0":"post-738129","1":"product","2":"type-product","3":"status-publish","5":"product_cat-bilmece-bulmaca","6":"product_cat-cocuk-ve-genclik-kitaplari","7":"pa_cilt-ciltsiz","8":"pa_tur-kitap","9":"pa_yayinevi-dogan-cocuk","10":"pa_yazar-dogan-cocuk-kolektif","12":"first","13":"instock","14":"sale","15":"shipping-taxable","16":"purchasable","17":"product-type-simple"},"_links":{"self":[{"href":"https:\/\/roveyayinevi.com.tr\/index.php\/wp-json\/wp\/v2\/product\/738129","targetHints":{"allow":["GET"]}}],"collection":[{"href":"https:\/\/roveyayinevi.com.tr\/index.php\/wp-json\/wp\/v2\/product"}],"about":[{"href":"https:\/\/roveyayinevi.com.tr\/index.php\/wp-json\/wp\/v2\/types\/product"}],"wp:attachment":[{"href":"https:\/\/roveyayinevi.com.tr\/index.php\/wp-json\/wp\/v2\/media?parent=738129"}],"wp:term":[{"taxonomy":"product_brand","embeddable":true,"href":"https:\/\/roveyayinevi.com.tr\/index.php\/wp-json\/wp\/v2\/product_brand?post=738129"},{"taxonomy":"product_cat","embeddable":true,"href":"https:\/\/roveyayinevi.com.tr\/index.php\/wp-json\/wp\/v2\/product_cat?post=738129"},{"taxonomy":"product_tag","embeddable":true,"href":"https:\/\/roveyayinevi.com.tr\/index.php\/wp-json\/wp\/v2\/product_tag?post=738129"}],"curies":[{"name":"wp","href":"https:\/\/api.w.org\/{rel}","templated":true}]}}