{"id":738125,"date":"2025-08-27T23:43:12","date_gmt":"2025-08-27T20:43:12","guid":{"rendered":"https:\/\/roveyayinevi.com.tr\/index.php\/urun\/kanun-disinda\/"},"modified":"2026-04-16T02:47:52","modified_gmt":"2026-04-15T23:47:52","slug":"kanun-disinda","status":"publish","type":"product","link":"https:\/\/roveyayinevi.com.tr\/index.php\/urun\/kanun-disinda\/","title":{"rendered":"Kanun D\u0131\u015f\u0131nda"},"content":{"rendered":"<p>Kanunlar\u0131n d\u0131\u015f\u0131nda bir yerlerde, kumarhaneler, genelevler, polis fi\u015fleri, mahkeme zab\u0131tlar\u0131 ve cezaevi ko\u011fu\u015flar\u0131 aras\u0131nda kurnazl\u0131kla in\u015fa edilmi\u015f hayali bir co\u011frafya, onun \u201cse\u00e7kin\u201d yurtta\u015flar\u0131. Bilek g\u00fcc\u00fcnden \u00e7ok zek\u00e2, vicdans\u0131zl\u0131k ya da d\u00fcz gaddarl\u0131kla t\u0131rman\u0131lan \u015f\u00f6hret basamaklar\u0131. Gazetelerin sararm\u0131\u015f sayfalar\u0131nda, k\u0131y\u0131ya k\u00f6\u015feye s\u00fcr\u00fclm\u00fc\u015f, en hat\u0131rl\u0131s\u0131 birka\u00e7 s\u00fctuna emanet edilmi\u015f lakaplar, \u00f6yk\u00fcler, an\u0131lar. Soygunlar, bask\u0131nlar, firarlar ve her t\u00fcrl\u00fc dalavere. Cengiz Erdin\u00e7 ve Murat Toklucu, maharetli su\u00e7lular\u0131n hik\u00e2yelerini anlatt\u0131klar\u0131 Kanun D\u0131\u015f\u0131nda\u2019da T\u00fcrkiye tarihinin en renkli, en tuhaf, en bilinmedik, en heyecanl\u0131 sayfalar\u0131n\u0131 a\u00e7\u0131yorlar. \u00d6n Okuma Metni:   Yazar Hakk\u0131nda: Cengiz Erdin\u00e7, 1964 y\u0131l\u0131nda \u0130stanbul\u2019da do\u20acdu. Ye\u015filk\u00f6y Lisesi ve \u0130stanbul \u00dcniversitesi Siyasal Bilgiler Fak\u00fcltesi Kamu Y\u00f6netimi B\u00f6l\u00fcm\u00fc\u2019n\u00fc bitirdi. 1987 y\u0131l\u0131ndan itibaren gazete, dergi ve televizyonlarda \u00e7al\u0131\u015ft\u0131. \u00c7etele (Do\u011fan Yurdakul ile birlikte, 1998), Overdose T\u00fcrkiye (2004), Gangster (2005) ve Adalet Sava\u015f\u00e7\u0131s\u0131 (Do\u011fan Yurdakul ile birlikte, 2012) adl\u0131 kitaplar\u0131 bulunuyor. Murat Toklucu, 1973 y\u0131l\u0131nda do\u011fdu. Bursa Erkek Lisesi\u2019ni ve Anadolu \u00dcniversitesi \u0130leti\u015fim Fak\u00fcltesi Bas\u0131n Yay\u0131n B\u00f6l\u00fcm\u00fc\u2019n\u00fc bitirdi. 1995 y\u0131l\u0131ndan itibaren \u00e7e\u015fitli gazete, dergi ve televizyon kanallar\u0131nda \u00e7al\u0131\u015ft\u0131. \u0130leti\u015fim Yay\u0131nlar\u0131\u2019ndan \u00e7\u0131kan Taraftar\u0131n Senle (2001), T\u00fcrk Erke\u011fi ve Di\u011fer Mucizeler (2014) ve Nurcihan\u2019\u0131n \u00c7ama\u015f\u0131rlar\u0131 ve Di\u011fer Meseleler (2015) adl\u0131 \u00fc\u00e7 kitab\u0131 bulunuyor. <\/p>\n","protected":false},"excerpt":{"rendered":"<p>Kanunlar\u0131n d\u0131\u015f\u0131nda bir yerlerde, kumarhaneler, genelevler, polis fi\u015fleri, mahkeme zab\u0131tlar\u0131 ve cezaevi ko\u011fu\u015flar\u0131 aras\u0131nda kurnazl\u0131kla in\u015fa edilmi\u015f hayali bir co\u011frafya, onun \u201cse\u00e7kin\u201d yurtta\u015flar\u0131. Bilek g\u00fcc\u00fcnden \u00e7ok<span class=\"excerpt-hellip\"> [\u2026]<\/span><\/p>\n","protected":false},"featured_media":0,"template":"","meta":{"_monsterinsights_skip_tracking":false,"_monsterinsights_sitenote_active":false,"_monsterinsights_sitenote_note":"","_monsterinsights_sitenote_category":0},"product_brand":[],"product_cat":[13072,12291],"product_tag":[],"class_list":{"0":"post-738125","1":"product","2":"type-product","3":"status-publish","5":"product_cat-arastirma-inceleme-referans","6":"product_cat-edebiyat","7":"pa_cilt-ciltsiz","8":"pa_tur-kitap","9":"pa_yayinevi-dogan-kitap","10":"pa_yazar-cengiz-erdinc-murat-toklucu","12":"first","13":"instock","14":"sale","15":"shipping-taxable","16":"purchasable","17":"product-type-simple"},"_links":{"self":[{"href":"https:\/\/roveyayinevi.com.tr\/index.php\/wp-json\/wp\/v2\/product\/738125","targetHints":{"allow":["GET"]}}],"collection":[{"href":"https:\/\/roveyayinevi.com.tr\/index.php\/wp-json\/wp\/v2\/product"}],"about":[{"href":"https:\/\/roveyayinevi.com.tr\/index.php\/wp-json\/wp\/v2\/types\/product"}],"wp:attachment":[{"href":"https:\/\/roveyayinevi.com.tr\/index.php\/wp-json\/wp\/v2\/media?parent=738125"}],"wp:term":[{"taxonomy":"product_brand","embeddable":true,"href":"https:\/\/roveyayinevi.com.tr\/index.php\/wp-json\/wp\/v2\/product_brand?post=738125"},{"taxonomy":"product_cat","embeddable":true,"href":"https:\/\/roveyayinevi.com.tr\/index.php\/wp-json\/wp\/v2\/product_cat?post=738125"},{"taxonomy":"product_tag","embeddable":true,"href":"https:\/\/roveyayinevi.com.tr\/index.php\/wp-json\/wp\/v2\/product_tag?post=738125"}],"curies":[{"name":"wp","href":"https:\/\/api.w.org\/{rel}","templated":true}]}}