{"id":738123,"date":"2025-08-27T23:43:09","date_gmt":"2025-08-27T20:43:09","guid":{"rendered":"https:\/\/roveyayinevi.com.tr\/index.php\/urun\/cadi-avcisi\/"},"modified":"2026-04-16T02:47:52","modified_gmt":"2026-04-15T23:47:52","slug":"cadi-avcisi","status":"publish","type":"product","link":"https:\/\/roveyayinevi.com.tr\/index.php\/urun\/cadi-avcisi\/","title":{"rendered":"Cad\u0131 Avc\u0131s\u0131"},"content":{"rendered":"<p>Finlandiya\u2019dan yepyeni bir polisiye&#8230; Cad\u0131 Avc\u0131s\u0131 36 dilde, 40\u2019tan fazla \u00fclkede   \u00c7oksatan yazar Roger Koponen\u2019in e\u015fi Helsinki\u2019deki evlerinde \u00f6ld\u00fcr\u00fclm\u00fc\u015ft\u00fcr: Maria Koponen \u00fczerinde siyah bir gece elbisesi, y\u00fcz\u00fcnde tuhaf bir g\u00fcl\u00fcmsemeyle masada oturmaktad\u0131r. Az sonra bir ba\u015fka kad\u0131n\u0131n cesedi bulunur.   Soru\u015fturman\u0131n ba\u015f\u0131ndaki dedektif Jessica Niemi ile ekibi, cinayetlerin Koponen\u2019in \u201cCad\u0131 Av\u0131\u201d serisindeki kitaplardan kopyaland\u0131\u011f\u0131n\u0131 fark eder. Ba\u015fka cesetler bulunduk\u00e7a Niemi bu vah\u015fi \u00f6l\u00fcmlerin tek bir seri katilin i\u015fi olamayaca\u011f\u0131n\u0131 d\u00fc\u015f\u00fcnmeye ba\u015flar. Jessica Niemi bir yandan bu cinayetlere son vermeye \u00e7al\u0131\u015f\u0131rken di\u011fer yandan kendi travmatik ge\u00e7mi\u015fiyle hesapla\u015fmak zorunda kal\u0131r.   \u00d6n Okuma Metni:   Yazar Hakk\u0131nda: Fince alt\u0131 roman\u0131 yay\u0131mlanan Max Seeck\u2019in \u0130ngilizceye \u00e7evrilen ve b\u00fcy\u00fck ses getiren ilk roman\u0131 Cad\u0131 Avc\u0131s\u0131\u2019d\u0131r. Roman\u0131n yay\u0131n haklar\u0131 40 \u00fclkeye sat\u0131lm\u0131\u015ft\u0131r. Ayr\u0131ca televizyon dizisine uyarlanmak \u00fczere haklar\u0131 Hollywood\u2019a sat\u0131lm\u0131\u015ft\u0131r. <\/p>\n","protected":false},"excerpt":{"rendered":"<p>Finlandiya\u2019dan yepyeni bir polisiye&#8230; Cad\u0131 Avc\u0131s\u0131 36 dilde, 40\u2019tan fazla \u00fclkede \u00c7oksatan yazar Roger Koponen\u2019in e\u015fi Helsinki\u2019deki evlerinde \u00f6ld\u00fcr\u00fclm\u00fc\u015ft\u00fcr: Maria Koponen \u00fczerinde siyah bir gece elbisesi,<span class=\"excerpt-hellip\"> [\u2026]<\/span><\/p>\n","protected":false},"featured_media":0,"template":"","meta":{"_monsterinsights_skip_tracking":false,"_monsterinsights_sitenote_active":false,"_monsterinsights_sitenote_note":"","_monsterinsights_sitenote_category":0},"product_brand":[],"product_cat":[12291],"product_tag":[],"class_list":{"0":"post-738123","1":"product","2":"type-product","3":"status-publish","5":"product_cat-edebiyat","6":"pa_cilt-ciltsiz","7":"pa_tur-kitap","8":"pa_yayinevi-dogan-kitap","9":"pa_yazar-max-seeck","11":"first","12":"instock","13":"sale","14":"shipping-taxable","15":"purchasable","16":"product-type-simple"},"_links":{"self":[{"href":"https:\/\/roveyayinevi.com.tr\/index.php\/wp-json\/wp\/v2\/product\/738123","targetHints":{"allow":["GET"]}}],"collection":[{"href":"https:\/\/roveyayinevi.com.tr\/index.php\/wp-json\/wp\/v2\/product"}],"about":[{"href":"https:\/\/roveyayinevi.com.tr\/index.php\/wp-json\/wp\/v2\/types\/product"}],"wp:attachment":[{"href":"https:\/\/roveyayinevi.com.tr\/index.php\/wp-json\/wp\/v2\/media?parent=738123"}],"wp:term":[{"taxonomy":"product_brand","embeddable":true,"href":"https:\/\/roveyayinevi.com.tr\/index.php\/wp-json\/wp\/v2\/product_brand?post=738123"},{"taxonomy":"product_cat","embeddable":true,"href":"https:\/\/roveyayinevi.com.tr\/index.php\/wp-json\/wp\/v2\/product_cat?post=738123"},{"taxonomy":"product_tag","embeddable":true,"href":"https:\/\/roveyayinevi.com.tr\/index.php\/wp-json\/wp\/v2\/product_tag?post=738123"}],"curies":[{"name":"wp","href":"https:\/\/api.w.org\/{rel}","templated":true}]}}