{"id":738122,"date":"2025-08-27T23:43:08","date_gmt":"2025-08-27T20:43:08","guid":{"rendered":"https:\/\/roveyayinevi.com.tr\/index.php\/urun\/almanya-nasil-vatan-oldu\/"},"modified":"2026-04-16T02:47:52","modified_gmt":"2026-04-15T23:47:52","slug":"almanya-nasil-vatan-oldu","status":"publish","type":"product","link":"https:\/\/roveyayinevi.com.tr\/index.php\/urun\/almanya-nasil-vatan-oldu\/","title":{"rendered":"Almanya Nas\u0131l Vatan Oldu?"},"content":{"rendered":"<p>Almanya Nas\u0131l Vatan Oldu? T\u00fcrkiye-Almanya \u0130\u015fg\u00fcc\u00fc Anla\u015fmas\u0131\u2019n\u0131n 60. Y\u0131l\u0131   \u201cHer biri toplumumuzu zenginle\u015ftirdi ve zenginle\u015ftirmeye devam ediyor. Bu kitaptaki hik\u00e2yeler bize bu insanlar\u0131n hangi sorunlarla ve zorluklarla kar\u015f\u0131 kar\u015f\u0131ya kald\u0131klar\u0131n\u0131 ve kalmaya devam ettiklerini g\u00f6steriyor.\u201d   Frank-Walter Steinmeier &#8211; Almanya Federal Cumhuriyeti Cumhurba\u015fkan\u0131   \u201cBu kitap, do\u011fduklar\u0131 \u00fclkeyi hi\u00e7 unutmadan, hakk\u0131nda hi\u00e7bir \u015fey bilmedikleri Almanya\u2019y\u0131 yeni vatan haline getiren ve yeti\u015ftirdikleri evlatlar\u0131yla iki \u00fclkeye de zenginlik katanlar\u0131n kitab\u0131. Her iki \u00fclke de, kiminin ismi bile bilinmeyen bu ki\u015filere \u00e7ok \u015fey bor\u00e7lu.\u201d Ayd\u0131n Do\u011fan &#8211; Do\u011fan Grubu Onursal Ba\u015fkan\u0131   Almanya\u2019y\u0131 \u201cyeni vatan\u201d haline getiren T\u00fcrkiyeliler\u2026 Anne babalar\u0131 60 y\u0131l \u00f6nce bir maceraya at\u0131larak Almanya\u2019ya giden 27 T\u00fcrkiyeli\u2026 Bir k\u0131sm\u0131 Almanya\u2019da d\u00fcnyaya gelen ve s\u00fcrekli d\u0131\u015flan\u0131p \u00f6tekile\u015ftirilse de Almanya\u2019y\u0131 yeni vatan haline getirmeyi ba\u015faran bu \u201cbavul \u00e7ocuklar\u0131\u201d, yeni vatanlar\u0131ndan \u0131\u015f\u0131k sa\u00e7\u0131yorlar.    Aralar\u0131nda d\u00fcnyan\u0131n y\u00fcz\u00fcn\u00fc g\u00fcld\u00fcren BioNTech a\u015f\u0131s\u0131n\u0131n mucitleri U\u011fur \u015eahin ve \u00d6zlem T\u00fcreci\u2019nin de oldu\u011fu bu de\u011ferler aras\u0131nda, uluslararas\u0131 \u00e7apta \u00fcne kavu\u015fan kalp cerrahlar\u0131, atletler, TV programc\u0131lar\u0131; profes\u00f6rl\u00fckten Michelin y\u0131ld\u0131zl\u0131 restoran i\u015fletmecili\u011fine, milletvekilli\u011finden bakanl\u0131\u011fa dek y\u00fckselip \u00e7e\u015fitli alanlarda s\u00f6z sahibi olan gizli kahramanlar var ve her biri, bir ba\u015far\u0131 hik\u00e2yesinin sembol\u00fc. Yazar Hakk\u0131nda:   \u00d6zcan Mutlu, 1968\u2019de Kelkit\u2019te do\u011fdu. 1990\u2019da Alman vatanda\u015f\u0131 oldu ve Ye\u015filler partisinden siyasete at\u0131ld\u0131. Berlin\u2019de, 1992-99 aras\u0131nda Kreuzberg belediye meclisinde, 1999-2013 aras\u0131nda milletvekili olarak eyalet meclisinde yer ald\u0131. 2013-17 aras\u0131nda 18. d\u00f6nem federal milletvekilli\u011fi yapt\u0131. 2019\u2019da T\u00fcrk-Alman Dostluk Federasyonu (Deutsch-T\u00fcrkische-Freundschaftsf\u00f6deration) Kybele \u00d6d\u00fcl\u00fc\u2019n\u00fc kazanan Mutlu, 2020\u2019de Almanya UNESCO komisyonu \u00fcyesi se\u00e7ildi.   <\/p>\n","protected":false},"excerpt":{"rendered":"<p>Almanya Nas\u0131l Vatan Oldu? T\u00fcrkiye-Almanya \u0130\u015fg\u00fcc\u00fc Anla\u015fmas\u0131\u2019n\u0131n 60. Y\u0131l\u0131 \u201cHer biri toplumumuzu zenginle\u015ftirdi ve zenginle\u015ftirmeye devam ediyor. Bu kitaptaki hik\u00e2yeler bize bu insanlar\u0131n hangi sorunlarla ve<span class=\"excerpt-hellip\"> [\u2026]<\/span><\/p>\n","protected":false},"featured_media":0,"template":"","meta":{"_monsterinsights_skip_tracking":false,"_monsterinsights_sitenote_active":false,"_monsterinsights_sitenote_note":"","_monsterinsights_sitenote_category":0},"product_brand":[],"product_cat":[13590,12337],"product_tag":[],"class_list":{"0":"post-738122","1":"product","2":"type-product","3":"status-publish","5":"product_cat-arastirma-inceleme-politika-siyaset","6":"product_cat-politika-siyaset","7":"pa_cilt-ciltsiz","8":"pa_tur-kitap","9":"pa_yayinevi-dogan-kitap","10":"pa_yazar-ozcan-mutlu","12":"first","13":"instock","14":"sale","15":"shipping-taxable","16":"purchasable","17":"product-type-simple"},"_links":{"self":[{"href":"https:\/\/roveyayinevi.com.tr\/index.php\/wp-json\/wp\/v2\/product\/738122","targetHints":{"allow":["GET"]}}],"collection":[{"href":"https:\/\/roveyayinevi.com.tr\/index.php\/wp-json\/wp\/v2\/product"}],"about":[{"href":"https:\/\/roveyayinevi.com.tr\/index.php\/wp-json\/wp\/v2\/types\/product"}],"wp:attachment":[{"href":"https:\/\/roveyayinevi.com.tr\/index.php\/wp-json\/wp\/v2\/media?parent=738122"}],"wp:term":[{"taxonomy":"product_brand","embeddable":true,"href":"https:\/\/roveyayinevi.com.tr\/index.php\/wp-json\/wp\/v2\/product_brand?post=738122"},{"taxonomy":"product_cat","embeddable":true,"href":"https:\/\/roveyayinevi.com.tr\/index.php\/wp-json\/wp\/v2\/product_cat?post=738122"},{"taxonomy":"product_tag","embeddable":true,"href":"https:\/\/roveyayinevi.com.tr\/index.php\/wp-json\/wp\/v2\/product_tag?post=738122"}],"curies":[{"name":"wp","href":"https:\/\/api.w.org\/{rel}","templated":true}]}}