{"id":738120,"date":"2025-08-27T23:43:05","date_gmt":"2025-08-27T20:43:05","guid":{"rendered":"https:\/\/roveyayinevi.com.tr\/index.php\/urun\/babadan-ogula-gonul-diliyle-muhabbet\/"},"modified":"2026-04-03T02:53:21","modified_gmt":"2026-04-02T23:53:21","slug":"babadan-ogula-gonul-diliyle-muhabbet","status":"publish","type":"product","link":"https:\/\/roveyayinevi.com.tr\/index.php\/urun\/babadan-ogula-gonul-diliyle-muhabbet\/","title":{"rendered":"Babadan O\u011fula \u201cG\u00f6n\u00fcl Diliyle Muhabbet\u201d"},"content":{"rendered":"<p>\u201cHak vaki olup da ecel gelende, Pe\u015fimden gelecek izsiniz o\u011ful! Ruhum ayr\u0131l\u0131p da tenler \u00f6lende, Kadrimi bilecek sizsiniz o\u011ful! Pe\u015fimden gelecek izsiniz o\u011ful!\u201d <\/p>\n","protected":false},"excerpt":{"rendered":"<p>\u201cHak vaki olup da ecel gelende, Pe\u015fimden gelecek izsiniz o\u011ful! Ruhum ayr\u0131l\u0131p da tenler \u00f6lende, Kadrimi bilecek sizsiniz o\u011ful! Pe\u015fimden gelecek izsiniz o\u011ful!\u201d<\/p>\n","protected":false},"featured_media":0,"template":"","meta":{"_monsterinsights_skip_tracking":false,"_monsterinsights_sitenote_active":false,"_monsterinsights_sitenote_note":"","_monsterinsights_sitenote_category":0},"product_brand":[],"product_cat":[12291,12509],"product_tag":[],"class_list":{"0":"post-738120","1":"product","2":"type-product","3":"status-publish","5":"product_cat-edebiyat","6":"product_cat-siir","7":"pa_cilt-ciltsiz","8":"pa_tur-kitap","9":"pa_yayinevi-gulnar-yayinlari","10":"pa_yazar-mehmet-sahan","12":"first","13":"instock","14":"sale","15":"shipping-taxable","16":"purchasable","17":"product-type-simple"},"_links":{"self":[{"href":"https:\/\/roveyayinevi.com.tr\/index.php\/wp-json\/wp\/v2\/product\/738120","targetHints":{"allow":["GET"]}}],"collection":[{"href":"https:\/\/roveyayinevi.com.tr\/index.php\/wp-json\/wp\/v2\/product"}],"about":[{"href":"https:\/\/roveyayinevi.com.tr\/index.php\/wp-json\/wp\/v2\/types\/product"}],"wp:attachment":[{"href":"https:\/\/roveyayinevi.com.tr\/index.php\/wp-json\/wp\/v2\/media?parent=738120"}],"wp:term":[{"taxonomy":"product_brand","embeddable":true,"href":"https:\/\/roveyayinevi.com.tr\/index.php\/wp-json\/wp\/v2\/product_brand?post=738120"},{"taxonomy":"product_cat","embeddable":true,"href":"https:\/\/roveyayinevi.com.tr\/index.php\/wp-json\/wp\/v2\/product_cat?post=738120"},{"taxonomy":"product_tag","embeddable":true,"href":"https:\/\/roveyayinevi.com.tr\/index.php\/wp-json\/wp\/v2\/product_tag?post=738120"}],"curies":[{"name":"wp","href":"https:\/\/api.w.org\/{rel}","templated":true}]}}