{"id":738119,"date":"2025-08-27T23:43:04","date_gmt":"2025-08-27T20:43:04","guid":{"rendered":"https:\/\/roveyayinevi.com.tr\/index.php\/urun\/keder-ektim-yuregime\/"},"modified":"2026-04-16T02:47:52","modified_gmt":"2026-04-15T23:47:52","slug":"keder-ektim-yuregime","status":"publish","type":"product","link":"https:\/\/roveyayinevi.com.tr\/index.php\/urun\/keder-ektim-yuregime\/","title":{"rendered":"Keder Ektim Y\u00fcre\u011fime"},"content":{"rendered":"<p>KEDER EKT\u0130M Y\u00dcRE\u011e\u0130ME   \u201cNe var\u201d diye sorma bana Keder ektim y\u00fcre\u011fime Nas\u0131l anlatay\u0131m sana Keder ektim y\u00fcre\u011fime   Sevmeyen nerden anlas\u0131n G\u00fcld\u00fc\u011f\u00fcme bak\u0131lmas\u0131n Kimse ben gibi yanmas\u0131n Keder ektim y\u00fcre\u011fime   Bo\u015funa \u201cGel\u201d deme art\u0131k Gelemem ki g\u00f6nl\u00fcm k\u0131r\u0131k Geldi\u011fimi say bir anl\u0131k Keder ektim y\u00fcre\u011fime   Madem yak\u0131\u015fmam koluna Var git art\u0131k sen yoluna Dert y\u00fckleme \u015fu kuluna Keder ektim y\u00fcre\u011fime <\/p>\n","protected":false},"excerpt":{"rendered":"<p>KEDER EKT\u0130M Y\u00dcRE\u011e\u0130ME \u201cNe var\u201d diye sorma bana Keder ektim y\u00fcre\u011fime Nas\u0131l anlatay\u0131m sana Keder ektim y\u00fcre\u011fime Sevmeyen nerden anlas\u0131n G\u00fcld\u00fc\u011f\u00fcme bak\u0131lmas\u0131n Kimse ben gibi yanmas\u0131n<span class=\"excerpt-hellip\"> [\u2026]<\/span><\/p>\n","protected":false},"featured_media":0,"template":"","meta":{"_monsterinsights_skip_tracking":false,"_monsterinsights_sitenote_active":false,"_monsterinsights_sitenote_note":"","_monsterinsights_sitenote_category":0},"product_brand":[],"product_cat":[12291,12509],"product_tag":[],"class_list":{"0":"post-738119","1":"product","2":"type-product","3":"status-publish","5":"product_cat-edebiyat","6":"product_cat-siir","7":"pa_cilt-ciltsiz","8":"pa_tur-kitap","9":"pa_yayinevi-gulnar-yayinlari","10":"pa_yazar-halil-manus","12":"first","13":"instock","14":"sale","15":"shipping-taxable","16":"purchasable","17":"product-type-simple"},"_links":{"self":[{"href":"https:\/\/roveyayinevi.com.tr\/index.php\/wp-json\/wp\/v2\/product\/738119","targetHints":{"allow":["GET"]}}],"collection":[{"href":"https:\/\/roveyayinevi.com.tr\/index.php\/wp-json\/wp\/v2\/product"}],"about":[{"href":"https:\/\/roveyayinevi.com.tr\/index.php\/wp-json\/wp\/v2\/types\/product"}],"wp:attachment":[{"href":"https:\/\/roveyayinevi.com.tr\/index.php\/wp-json\/wp\/v2\/media?parent=738119"}],"wp:term":[{"taxonomy":"product_brand","embeddable":true,"href":"https:\/\/roveyayinevi.com.tr\/index.php\/wp-json\/wp\/v2\/product_brand?post=738119"},{"taxonomy":"product_cat","embeddable":true,"href":"https:\/\/roveyayinevi.com.tr\/index.php\/wp-json\/wp\/v2\/product_cat?post=738119"},{"taxonomy":"product_tag","embeddable":true,"href":"https:\/\/roveyayinevi.com.tr\/index.php\/wp-json\/wp\/v2\/product_tag?post=738119"}],"curies":[{"name":"wp","href":"https:\/\/api.w.org\/{rel}","templated":true}]}}