{"id":738114,"date":"2025-08-27T23:42:58","date_gmt":"2025-08-27T20:42:58","guid":{"rendered":"https:\/\/roveyayinevi.com.tr\/index.php\/urun\/guneydogu-anadoluda-gec-antik-erken-ortacag-yapilari\/"},"modified":"2026-04-16T02:47:52","modified_gmt":"2026-04-15T23:47:52","slug":"guneydogu-anadoluda-gec-antik-erken-ortacag-yapilari","status":"publish","type":"product","link":"https:\/\/roveyayinevi.com.tr\/index.php\/urun\/guneydogu-anadoluda-gec-antik-erken-ortacag-yapilari\/","title":{"rendered":"G\u00fcneydo\u011fu Anadolu\u2019da  Ge\u00e7 Antik-Erken Orta\u00e7a\u011f Yap\u0131lar\u0131"},"content":{"rendered":"<p>\u00d6nemli mimarl\u0131k tarih\u00e7ilerinden Prof. Dr. Metin Ahunbay\u2019\u0131n do\u00e7entlik tezi olan bu \u00e7al\u0131\u015fmas\u0131, 42 y\u0131l sonra okuyucuyla bulu\u015fuyor.   1970\u2019li y\u0131llarda G\u00fcneydo\u011fu Anadolu\u2019da \u00e7ok zor olan \u00e7al\u0131\u015fma ko\u015fullar\u0131nda uzun s\u00fcre alanda \u00e7al\u0131\u015farak ger\u00e7ekle\u015ftirmi\u015f oldu\u011fu bu yap\u0131t, bug\u00fcn bile yeterince bilinmeyen b\u00f6lgenin erken orta\u00e7a\u011f mimarisi a\u00e7\u0131s\u0131ndan de\u011ferli bir kaynak, bir mimari envanter sunmaktad\u0131r.     \u201cG\u00fcneydo\u011fu Anadolu\u2019da Ge\u00e7 Antik-Erken Orta\u00e7a\u011f Yap\u0131lar\u0131 konulu \u00e7al\u0131\u015fma Dr. Metin Ahunbay\u2019\u0131n 1974-1978 y\u0131llar\u0131 aras\u0131nda, Mardin \u00e7evresinde y\u00fcr\u00fctt\u00fc\u011f\u00fc ara\u015ft\u0131rmalara dayanmaktad\u0131r. Ge\u00e7 Antik, Erken H\u0131ristiyan ve Orta\u00e7a\u011f an\u0131tlar\u0131yla ilgilenen Metin Ahunbay, do\u00e7entlik \u00e7al\u0131\u015fmas\u0131 kapsam\u0131nda Tur Abdin b\u00f6lgesinin 20. y\u00fczy\u0131la eri\u015fen askeri ve dini yap\u0131lar\u0131n\u0131 incelemi\u015f; 19. y\u00fczy\u0131lda b\u00f6lgeye gelen yabanc\u0131 gezginlerin notlar\u0131n\u0131 da dikkate alarak, mevcut durumlar\u0131n\u0131 belgeleyip, yorumlam\u0131\u015ft\u0131r.   B\u00f6lgenin Roma \u0130mparatorlu\u011fu\u2019nun do\u011fu s\u0131n\u0131r\u0131nda olmas\u0131, y\u00fczy\u0131llar boyu b\u00f6lgede ya\u015fanan etkile\u015fimler mimari tasar\u0131m ve bezeme ayr\u0131nt\u0131lar\u0131na da yans\u0131m\u0131\u015ft\u0131r. Kiliseler, manast\u0131rlar, mezar an\u0131tlar\u0131 bu ilgin\u00e7 b\u00f6lgenin zengin k\u00fclt\u00fcr miras\u0131n\u0131n de\u011ferli bile\u015fenleridir. Tipolojik a\u00e7\u0131dan de\u011ferlendirilmeleri \u00f6nemlidir.\u201d <\/p>\n","protected":false},"excerpt":{"rendered":"<p>\u00d6nemli mimarl\u0131k tarih\u00e7ilerinden Prof. Dr. Metin Ahunbay\u2019\u0131n do\u00e7entlik tezi olan bu \u00e7al\u0131\u015fmas\u0131, 42 y\u0131l sonra okuyucuyla bulu\u015fuyor. 1970\u2019li y\u0131llarda G\u00fcneydo\u011fu Anadolu\u2019da \u00e7ok zor olan \u00e7al\u0131\u015fma ko\u015fullar\u0131nda<span class=\"excerpt-hellip\"> [\u2026]<\/span><\/p>\n","protected":false},"featured_media":0,"template":"","meta":{"_monsterinsights_skip_tracking":false,"_monsterinsights_sitenote_active":false,"_monsterinsights_sitenote_note":"","_monsterinsights_sitenote_category":0},"product_brand":[],"product_cat":[12312,12304],"product_tag":[],"class_list":{"0":"post-738114","1":"product","2":"type-product","3":"status-publish","5":"product_cat-diger","6":"product_cat-tarih","7":"pa_cilt-ciltsiz","8":"pa_tur-kitap","9":"pa_yayinevi-koc-universitesi-yayinlari","10":"pa_yazar-metin-ahunbay","12":"first","13":"instock","14":"sale","15":"shipping-taxable","16":"purchasable","17":"product-type-simple"},"_links":{"self":[{"href":"https:\/\/roveyayinevi.com.tr\/index.php\/wp-json\/wp\/v2\/product\/738114","targetHints":{"allow":["GET"]}}],"collection":[{"href":"https:\/\/roveyayinevi.com.tr\/index.php\/wp-json\/wp\/v2\/product"}],"about":[{"href":"https:\/\/roveyayinevi.com.tr\/index.php\/wp-json\/wp\/v2\/types\/product"}],"wp:attachment":[{"href":"https:\/\/roveyayinevi.com.tr\/index.php\/wp-json\/wp\/v2\/media?parent=738114"}],"wp:term":[{"taxonomy":"product_brand","embeddable":true,"href":"https:\/\/roveyayinevi.com.tr\/index.php\/wp-json\/wp\/v2\/product_brand?post=738114"},{"taxonomy":"product_cat","embeddable":true,"href":"https:\/\/roveyayinevi.com.tr\/index.php\/wp-json\/wp\/v2\/product_cat?post=738114"},{"taxonomy":"product_tag","embeddable":true,"href":"https:\/\/roveyayinevi.com.tr\/index.php\/wp-json\/wp\/v2\/product_tag?post=738114"}],"curies":[{"name":"wp","href":"https:\/\/api.w.org\/{rel}","templated":true}]}}